{"id":10171,"date":"2022-02-22T18:43:48","date_gmt":"2022-02-22T22:43:48","guid":{"rendered":"https:\/\/shannex.com\/soutien-communautaire\/partenaires-de-confiance\/"},"modified":"2024-12-10T10:47:12","modified_gmt":"2024-12-10T14:47:12","slug":"partenaires-de-confiance","status":"publish","type":"page","link":"https:\/\/shannex.com\/fr\/soutien-communautaire\/partenaires-de-confiance\/","title":{"rendered":"Partenaires de confiance"},"content":{"rendered":"\n<div class=\"wp-block-columns is-layout-flex wp-container-core-columns-is-layout-28f84493 wp-block-columns-is-layout-flex\">\n<div class=\"wp-block-column is-layout-flow wp-block-column-is-layout-flow\" style=\"flex-basis:70%\">\n<div style=\"height:80px\" aria-hidden=\"true\" class=\"wp-block-spacer\"><\/div>\n\n\n<div class=\"yoast-breadcrumbs\"><span><span><a href=\"https:\/\/shannex.com\/fr\/community-support\/\">Soutien communautaire<\/a><\/span> \u00a0\u00a0|\u00a0\u00a0 <span class=\"breadcrumb_last\" aria-current=\"page\">Partenaires de confiance<\/span><\/span><\/div>\n\n\n<div style=\"height:20px\" aria-hidden=\"true\" class=\"wp-block-spacer\"><\/div>\n<\/div>\n\n\n\n<div class=\"wp-block-column is-layout-flow wp-block-column-is-layout-flow\" style=\"flex-basis:30%\"><\/div>\n<\/div>\n\n\n\n<div class=\"wp-block-columns is-layout-flex wp-container-core-columns-is-layout-28f84493 wp-block-columns-is-layout-flex\">\n<div class=\"wp-block-column is-layout-flow wp-block-column-is-layout-flow\" style=\"flex-basis:33.33%\">\n<figure class=\"wp-block-image size-full\"><img decoding=\"async\" width=\"372\" height=\"252\" src=\"https:\/\/shannex.com\/wp-content\/uploads\/2022\/03\/Treasured_Partners.jpg\" alt=\"\" class=\"wp-image-2710\" srcset=\"https:\/\/shannex.com\/wp-content\/uploads\/2022\/03\/Treasured_Partners.jpg 372w, https:\/\/shannex.com\/wp-content\/uploads\/2022\/03\/Treasured_Partners-300x203.jpg 300w\" sizes=\"(max-width: 372px) 100vw, 372px\" \/><figcaption class=\"wp-element-caption\">De G. \u00e0 D.&nbsp;: S. Florence Kennedy, S. Donna Brady, S. Joanne O\u2019Reegan,\nS. Brendalee Boisvert et S. Stella Chafe<\/figcaption><\/figure>\n<\/div>\n\n\n\n<div class=\"wp-block-column is-layout-flow wp-block-column-is-layout-flow\" style=\"flex-basis:66.66%\">\n<h1 class=\"wp-block-heading\">Partenaires de confiance<\/h1>\n\n\n\n<p>Parmi nos nombreux partenariats de confiance, peu sont aussi pr\u00e9cieux que ceux avec les congr\u00e9gations qui ont choisi de faire de Shannex leur chez-soi. Les S\u0153urs de la Charit\u00e9 font partie de la famille Shannex depuis 2002, lorsque les membres de la congr\u00e9gation ont d\u00e9m\u00e9nag\u00e9 \u00e0 Parkstone, \u00e0 Clayton Park. En 2007, il \u00e9tait pr\u00e9vu que les s\u0153urs quittent la maison m\u00e8re situ\u00e9e sur le campus de l\u2019Universit\u00e9 Mount Saint Vincent et emm\u00e9nagent dans la nouvelle r\u00e9sidence Caritas. Parkland Riverview accueille les membres de la congr\u00e9gation des Filles de J\u00e9sus depuis 2009, et la Congr\u00e9gation de Notre-Dame s\u2019est install\u00e9e dans Parkland au Cap-Breton en 2011. Plus r\u00e9cemment, en 2018, les s\u0153urs de Sainte-Marthe ont emm\u00e9nag\u00e9 dans leur nouvelle maison \u00e0 Parkland Antigonish, quittant la Bethany House voisine, qui \u00e9tait leur maison depuis 96 ans.<\/p>\n\n\n\n<p><\/p>\n\n\n\n<p>Nous sommes fiers de soutenir le sens de la communaut\u00e9, de la pleine conscience et de la charit\u00e9 qui est si important pour toutes les congr\u00e9gations qui font de Shannex leur foyer.<\/p>\n<\/div>\n<\/div>\n\n\n\n<div id=\"elder-action\" class=\"wp-block-group has-light-grey-background-color has-background is-layout-flow wp-block-group-is-layout-flow\">\n<div class=\"wp-block-columns are-vertically-aligned-center is-layout-flex wp-container-core-columns-is-layout-28f84493 wp-block-columns-is-layout-flex\">\n<div class=\"wp-block-column is-vertically-aligned-center is-layout-flow wp-block-column-is-layout-flow\" style=\"flex-basis:60%\">\n<h3 class=\"wp-block-heading\">\u00c9coles locales<\/h3>\n\n\n\n<h5 class=\"wp-block-heading\">\u00c9cole Sacred Heart de Halifax<\/h5>\n\n\n\n<p>Parkland at the Gardens, la communaut\u00e9 de retrait\u00e9s la plus urbaine de Shannex, et l\u2019\u00e9cole Sacred Heart de Halifax sont d\u2019excellents voisins. Et comme tous les bons voisins, ils ont nou\u00e9 des amiti\u00e9s significatives en apprenant \u00e0 se conna\u00eetre. Non seulement les \u00e9tudiants de Sacred Heart de tous niveaux rendent r\u00e9guli\u00e8rement visite aux personnes r\u00e9sidentes de Parkland on the Gardens, mais les personnes r\u00e9sidentes contribuent \u00e9galement \u00e0 cr\u00e9er des opportunit\u00e9s \u00e9ducatives pour les jeunes qui n\u2019auraient pas les moyens de fr\u00e9quenter Sacred Heart. Chaque ann\u00e9e depuis 2014, Parkland at the Gardens est l\u2019un des principaux commanditaires de la collecte de fonds du d\u00eener de collecte de fonds de Sacred Heart. Nous sommes fiers de contribuer \u00e0 donner aux \u00e9tudiants talentueux et motiv\u00e9s la chance de contribuer \u00e0 notre communaut\u00e9, aujourd\u2019hui et pour les ann\u00e9es \u00e0 venir.<\/p>\n<\/div>\n\n\n\n<div class=\"wp-block-column is-vertically-aligned-center is-layout-flow wp-block-column-is-layout-flow\" style=\"flex-basis:33.33%\">\n<figure class=\"wp-block-image size-full\"><img decoding=\"async\" width=\"954\" height=\"636\" src=\"https:\/\/shannex.com\/wp-content\/uploads\/2022\/03\/SacredHeart2.jpg\" alt=\"\" class=\"wp-image-6961\" srcset=\"https:\/\/shannex.com\/wp-content\/uploads\/2022\/03\/SacredHeart2.jpg 954w, https:\/\/shannex.com\/wp-content\/uploads\/2022\/03\/SacredHeart2-300x200.jpg 300w, https:\/\/shannex.com\/wp-content\/uploads\/2022\/03\/SacredHeart2-768x512.jpg 768w\" sizes=\"(max-width: 954px) 100vw, 954px\" \/><\/figure>\n<\/div>\n<\/div>\n<\/div>\n\n\n\n<div id=\"elder-action\" class=\"wp-block-group has-light-grey-background-color has-background is-layout-flow wp-block-group-is-layout-flow\">\n<div class=\"wp-block-columns are-vertically-aligned-center is-layout-flex wp-container-core-columns-is-layout-28f84493 wp-block-columns-is-layout-flex\">\n<div class=\"wp-block-column is-vertically-aligned-center is-layout-flow wp-block-column-is-layout-flow\" style=\"flex-basis:33.33%\">\n<figure class=\"wp-block-image size-full\"><img decoding=\"async\" width=\"954\" height=\"636\" src=\"https:\/\/shannex.com\/wp-content\/uploads\/2022\/03\/SherwoodPark.jpg\" alt=\"\" class=\"wp-image-6970\" srcset=\"https:\/\/shannex.com\/wp-content\/uploads\/2022\/03\/SherwoodPark.jpg 954w, https:\/\/shannex.com\/wp-content\/uploads\/2022\/03\/SherwoodPark-300x200.jpg 300w, https:\/\/shannex.com\/wp-content\/uploads\/2022\/03\/SherwoodPark-768x512.jpg 768w\" sizes=\"(max-width: 954px) 100vw, 954px\" \/><\/figure>\n<\/div>\n\n\n\n<div class=\"wp-block-column is-vertically-aligned-center is-layout-flow wp-block-column-is-layout-flow\" style=\"flex-basis:60%\">\n<h5 class=\"wp-block-heading\"><strong>Anglophone North School District<\/strong><\/h5>\n\n\n\n<p>Shannex a la chance d\u2019avoir un partenariat solide avec l\u2019Anglophone North School District (ANSD) du Nouveau-Brunswick et soutient depuis longtemps les foyers de soins locaux de Miramichi, au Nouveau-Brunswick. Plus pr\u00e9cis\u00e9ment, en 2020, nous avons travaill\u00e9 avec l\u2019ANSD pour mettre en \u0153uvre et soutenir un cours d\u2019introduction aux soins de sant\u00e9 donnant aux \u00e9l\u00e8ves du secondaire locaux l\u2019occasion d\u2019explorer une vari\u00e9t\u00e9 de possibilit\u00e9s de carri\u00e8re dans le domaine des soins de sant\u00e9. En f\u00e9vrier 2021, nous avons accueilli le premier groupe d\u2019\u00e9l\u00e8ves et depuis, de nombreuses activit\u00e9s interg\u00e9n\u00e9rationnelles ont \u00e9galement lieu. Plus r\u00e9cemment, d\u2019autres cours ont \u00e9t\u00e9 mis en place, tels que des cours sur la cr\u00e9ation de liens, le partage d\u2019histoires et l\u2019apprentissage de le\u00e7ons.<\/p>\n\n\n\n<p>Lorsque l\u2019ANSD a re\u00e7u une subvention \u00ab New Horizons for Seniors \u00bb en 2021, son objectif principal \u00e9tait d\u2019aider \u00e0 soutenir les connexions interg\u00e9n\u00e9rationnelles entre les \u00e9l\u00e8ves et les personnes r\u00e9sidentes de Shannex \u00e0 Bridgeview Hall et Losier Hall. En outre, pour aider \u00e0 l\u2019achat de technologies permettant de rester connect\u00e9s pendant la COVID-19, la subvention a \u00e9galement permis aux \u00e9l\u00e8ves de travailler avec une entreprise de production vid\u00e9o pour interviewer les personnes r\u00e9sidentes des deux foyers. L\u2019ANSD pr\u00e9voit \u00e9galement d\u2019acheter la technologie dont les \u00e9l\u00e8ves auront besoin pour poursuivre l\u2019initiative, ce qui permettra de r\u00e9aliser davantage de vid\u00e9os \u00e0 l\u2019avenir.<\/p>\n<\/div>\n<\/div>\n<\/div>\n\n\n\n<div style=\"height:100px\" aria-hidden=\"true\" class=\"wp-block-spacer\"><\/div>\n\n\n\n<div id=\"elder-action\" class=\"wp-block-group has-white-background-color has-background is-layout-flow wp-block-group-is-layout-flow\">\n<div class=\"wp-block-columns are-vertically-aligned-center is-layout-flex wp-container-core-columns-is-layout-28f84493 wp-block-columns-is-layout-flex\">\n<div class=\"wp-block-column is-vertically-aligned-center is-layout-flow wp-block-column-is-layout-flow\" style=\"flex-basis:60%\">\n<h3 class=\"wp-block-heading\">\u00c9ducation et innovation<\/h3>\n\n\n\n<h6 class=\"wp-block-heading\">LE CENTRE D\u2019APPRENTISSAGE COLLABORATIF MAPLESTONE EN PARTENARIAT AVEC L\u2019UNIVERSIT\u00c9 DALHOUSIE<\/h6>\n\n\n\n<p>En 2010, Shannex et l\u2019Universit\u00e9 Dalhousie se sont associ\u00e9s pour cr\u00e9er la premi\u00e8re maison de soins infirmiers universitaire du Canada atlantique. Ensemble, nous avons cr\u00e9\u00e9 le Collaborative Learning Centre (CLC) au Maplestone Enhanced Care \u00e0 Halifax. Les personnes r\u00e9sidentes du d\u00e9partement de m\u00e9decine familiale de l\u2019\u00e9cole de m\u00e9decine de Dalhousie, ainsi que des \u00e9tudiants de dix autres professions de la sant\u00e9, dont les soins infirmiers, l\u2019ergoth\u00e9rapie, la pharmacie, le travail social et l\u2019orthophonie, viennent apprendre dans le cadre d\u2019un foyer de soins collaboratif. Depuis 2018, des centaines d\u2019apprenants ont particip\u00e9 \u00e0 des activit\u00e9s de formation \u00e0 Maplestone<\/p>\n\n\n\n<div class=\"wp-block-buttons is-layout-flex wp-block-buttons-is-layout-flex\">\n<div class=\"wp-block-button\"><a class=\"wp-block-button__link wp-element-button\" href=\"https:\/\/shannex.com\/fr\/centres-collaboratifs-dapprentissage\/#maplestone-campus\">CENTRE COLLABORATIF D\u2019APPRENTISSAGE<\/a><\/div>\n<\/div>\n<\/div>\n\n\n\n<div class=\"wp-block-column is-vertically-aligned-center is-layout-flow wp-block-column-is-layout-flow\" style=\"flex-basis:33.33%\">\n<figure class=\"wp-block-image size-full\"><img decoding=\"async\" width=\"954\" height=\"636\" src=\"https:\/\/shannex.com\/wp-content\/uploads\/2022\/03\/Collaborative.jpg\" alt=\"\" class=\"wp-image-6974\" srcset=\"https:\/\/shannex.com\/wp-content\/uploads\/2022\/03\/Collaborative.jpg 954w, https:\/\/shannex.com\/wp-content\/uploads\/2022\/03\/Collaborative-300x200.jpg 300w, https:\/\/shannex.com\/wp-content\/uploads\/2022\/03\/Collaborative-768x512.jpg 768w\" sizes=\"(max-width: 954px) 100vw, 954px\" \/><\/figure>\n<\/div>\n<\/div>\n<\/div>\n\n\n\n<div style=\"height:100px\" aria-hidden=\"true\" class=\"wp-block-spacer\"><\/div>\n\n\n\n<div id=\"elder-action\" class=\"wp-block-group has-white-background-color has-background is-layout-flow wp-block-group-is-layout-flow\">\n<div class=\"wp-block-columns are-vertically-aligned-center is-layout-flex wp-container-core-columns-is-layout-28f84493 wp-block-columns-is-layout-flex\">\n<div class=\"wp-block-column is-vertically-aligned-center is-layout-flow wp-block-column-is-layout-flow\" style=\"flex-basis:33.33%\">\n<figure class=\"wp-block-image size-full\"><img decoding=\"async\" width=\"954\" height=\"636\" src=\"https:\/\/shannex.com\/wp-content\/uploads\/2022\/03\/Career_CTA3.jpg\" alt=\"\" class=\"wp-image-2431\" srcset=\"https:\/\/shannex.com\/wp-content\/uploads\/2022\/03\/Career_CTA3.jpg 954w, https:\/\/shannex.com\/wp-content\/uploads\/2022\/03\/Career_CTA3-300x200.jpg 300w, https:\/\/shannex.com\/wp-content\/uploads\/2022\/03\/Career_CTA3-768x512.jpg 768w\" sizes=\"(max-width: 954px) 100vw, 954px\" \/><\/figure>\n<\/div>\n\n\n\n<div class=\"wp-block-column is-vertically-aligned-center is-layout-flow wp-block-column-is-layout-flow\" style=\"flex-basis:60%\">\n<h5 class=\"wp-block-heading\">Universit\u00e9 du Nouveau-Brunswick<\/h5>\n\n\n\n<h6 class=\"wp-block-heading\">LA BOURSE SHANNEX NOUVEAU-BRUNSWICK<\/h6>\n\n\n\n<p>En 2018, Shannex et l\u2019UNB ont annonc\u00e9 le d\u00e9but de la bourse d\u2019\u00e9tudes Shannex Nouveau-Brunswick, qui apporte un soutien important aux \u00e9tudiants admissibles au programme de baccalaur\u00e9at en sciences infirmi\u00e8res. Au total, 100 000 $ seront attribu\u00e9s. Trois bourses d\u2019\u00e9tudes de 3 750 $ seront attribu\u00e9es pour chacune des dix prochaines ann\u00e9es \u00e0 des \u00e9tudiants admissibles dans chacun des trois \u00e9tablissements de l\u2019UNB au Nouveau-Brunswick : Fredericton, Saint John et Moncton.<\/p>\n<\/div>\n<\/div>\n<\/div>\n\n\n\n<div style=\"height:100px\" aria-hidden=\"true\" class=\"wp-block-spacer\"><\/div>\n\n\n\n<div id=\"elder-action\" class=\"wp-block-group has-white-background-color has-background is-layout-flow wp-block-group-is-layout-flow\">\n<div class=\"wp-block-columns are-vertically-aligned-center is-layout-flex wp-container-core-columns-is-layout-28f84493 wp-block-columns-is-layout-flex\">\n<div class=\"wp-block-column is-vertically-aligned-center is-layout-flow wp-block-column-is-layout-flow\" style=\"flex-basis:60%\">\n<h5 class=\"wp-block-heading\">Universit\u00e9 de Moncton<\/h5>\n\n\n\n<h6 class=\"wp-block-heading\">CENTRE COLLABORATIF D\u2019APPRENTISSAGE SUR LE VEILLISSEMENT<\/h6>\n\n\n\n<p>Le Faubourg du Mascaret, \u00e0 Moncton, notre premier complexe de langue fran\u00e7aise, s\u2019est associ\u00e9 \u00e0 l\u2019Universit\u00e9 de Moncton dans le cadre du Centre collaboratif d\u2019apprentissage sur le vieillissement (CCAV). Le CCAV propose un environnement d\u2019apprentissage interprofessionnel pour les professionnels de la sant\u00e9, des possibilit\u00e9s de recherche, des stages et des emplois pour les \u00e9tudiants de la province. L\u2019objectif du CCAV est de susciter un changement positif des attitudes \u00e0 l\u2019\u00e9gard de la culture des soins de longue dur\u00e9e et des soins aux personnes \u00e2g\u00e9es.<\/p>\n\n\n\n<div class=\"wp-block-buttons is-layout-flex wp-block-buttons-is-layout-flex\">\n<div class=\"wp-block-button\"><a class=\"wp-block-button__link wp-element-button\" href=\"https:\/\/shannex.com\/fr\/centres-collaboratifs-dapprentissage\/#NB-campus\">Centre collaboratif d\u2019apprentissage sur le vieillissement<\/a><\/div>\n<\/div>\n<\/div>\n\n\n\n<div class=\"wp-block-column is-vertically-aligned-center is-layout-flow wp-block-column-is-layout-flow\" style=\"flex-basis:33.33%\">\n<figure class=\"wp-block-image size-full\"><img decoding=\"async\" width=\"954\" height=\"636\" src=\"https:\/\/shannex.com\/wp-content\/uploads\/2022\/03\/Collaborative_FDM.jpg\" alt=\"\" class=\"wp-image-6986\" srcset=\"https:\/\/shannex.com\/wp-content\/uploads\/2022\/03\/Collaborative_FDM.jpg 954w, https:\/\/shannex.com\/wp-content\/uploads\/2022\/03\/Collaborative_FDM-300x200.jpg 300w, https:\/\/shannex.com\/wp-content\/uploads\/2022\/03\/Collaborative_FDM-768x512.jpg 768w\" sizes=\"(max-width: 954px) 100vw, 954px\" \/><\/figure>\n<\/div>\n<\/div>\n<\/div>\n","protected":false},"excerpt":{"rendered":"<p>Partenaires de confiance Parmi nos nombreux partenariats de confiance, peu [&hellip;]<\/p>\n","protected":false},"author":1,"featured_media":0,"parent":7880,"menu_order":0,"comment_status":"closed","ping_status":"closed","template":"","meta":{"_acf_changed":false,"inline_featured_image":false,"footnotes":""},"class_list":["post-10171","page","type-page","status-publish","hentry"],"acf":[],"yoast_head":"<!-- This site is optimized with the Yoast SEO plugin v27.3 - https:\/\/yoast.com\/product\/yoast-seo-wordpress\/ -->\n<title>Partenaires de confiance<\/title>\n<meta name=\"description\" content=\"Parmi nos nombreux partenariats de confiance, peu sont aussi pr\u00e9cieux que ceux avec les congr\u00e9gations qui ont choisi de faire de Shannex leur chez-soi. Les S\u0153urs de la Charit\u00e9 font partie de la famille Shannex depuis 2002..\" \/>\n<meta name=\"robots\" content=\"index, follow, max-snippet:-1, max-image-preview:large, max-video-preview:-1\" \/>\n<link rel=\"canonical\" href=\"https:\/\/shannex.com\/fr\/soutien-communautaire\/partenaires-de-confiance\/\" \/>\n<meta property=\"og:locale\" content=\"fr_FR\" \/>\n<meta property=\"og:type\" content=\"article\" \/>\n<meta property=\"og:title\" content=\"Partenaires de confiance\" \/>\n<meta property=\"og:description\" content=\"Parmi nos nombreux partenariats de confiance, peu sont aussi pr\u00e9cieux que ceux avec les congr\u00e9gations qui ont choisi de faire de Shannex leur chez-soi. Les S\u0153urs de la Charit\u00e9 font partie de la famille Shannex depuis 2002..\" \/>\n<meta property=\"og:url\" content=\"https:\/\/shannex.com\/fr\/soutien-communautaire\/partenaires-de-confiance\/\" \/>\n<meta property=\"og:site_name\" content=\"Shannex\" \/>\n<meta property=\"article:modified_time\" content=\"2024-12-10T14:47:12+00:00\" \/>\n<meta property=\"og:image\" content=\"https:\/\/shannex.com\/wp-content\/uploads\/2022\/03\/Treasured_Partners.jpg\" \/>\n\t<meta property=\"og:image:width\" content=\"372\" \/>\n\t<meta property=\"og:image:height\" content=\"252\" \/>\n\t<meta property=\"og:image:type\" content=\"image\/jpeg\" \/>\n<meta name=\"twitter:card\" content=\"summary_large_image\" \/>\n<meta name=\"twitter:label1\" content=\"Dur\u00e9e de lecture estim\u00e9e\" \/>\n\t<meta name=\"twitter:data1\" content=\"5 minutes\" \/>\n<script type=\"application\/ld+json\" class=\"yoast-schema-graph\">{\"@context\":\"https:\\\/\\\/schema.org\",\"@graph\":[{\"@type\":\"WebPage\",\"@id\":\"https:\\\/\\\/shannex.com\\\/fr\\\/soutien-communautaire\\\/partenaires-de-confiance\\\/\",\"url\":\"https:\\\/\\\/shannex.com\\\/fr\\\/soutien-communautaire\\\/partenaires-de-confiance\\\/\",\"name\":\"Partenaires de confiance\",\"isPartOf\":{\"@id\":\"https:\\\/\\\/shannex.com\\\/fr\\\/#website\"},\"primaryImageOfPage\":{\"@id\":\"https:\\\/\\\/shannex.com\\\/fr\\\/soutien-communautaire\\\/partenaires-de-confiance\\\/#primaryimage\"},\"image\":{\"@id\":\"https:\\\/\\\/shannex.com\\\/fr\\\/soutien-communautaire\\\/partenaires-de-confiance\\\/#primaryimage\"},\"thumbnailUrl\":\"https:\\\/\\\/shannex.com\\\/wp-content\\\/uploads\\\/2022\\\/03\\\/Treasured_Partners.jpg\",\"datePublished\":\"2022-02-22T22:43:48+00:00\",\"dateModified\":\"2024-12-10T14:47:12+00:00\",\"description\":\"Parmi nos nombreux partenariats de confiance, peu sont aussi pr\u00e9cieux que ceux avec les congr\u00e9gations qui ont choisi de faire de Shannex leur chez-soi. Les S\u0153urs de la Charit\u00e9 font partie de la famille Shannex depuis 2002..\",\"breadcrumb\":{\"@id\":\"https:\\\/\\\/shannex.com\\\/fr\\\/soutien-communautaire\\\/partenaires-de-confiance\\\/#breadcrumb\"},\"inLanguage\":\"fr-FR\",\"potentialAction\":[{\"@type\":\"ReadAction\",\"target\":[\"https:\\\/\\\/shannex.com\\\/fr\\\/soutien-communautaire\\\/partenaires-de-confiance\\\/\"]}]},{\"@type\":\"ImageObject\",\"inLanguage\":\"fr-FR\",\"@id\":\"https:\\\/\\\/shannex.com\\\/fr\\\/soutien-communautaire\\\/partenaires-de-confiance\\\/#primaryimage\",\"url\":\"https:\\\/\\\/shannex.com\\\/wp-content\\\/uploads\\\/2022\\\/03\\\/Treasured_Partners.jpg\",\"contentUrl\":\"https:\\\/\\\/shannex.com\\\/wp-content\\\/uploads\\\/2022\\\/03\\\/Treasured_Partners.jpg\"},{\"@type\":\"BreadcrumbList\",\"@id\":\"https:\\\/\\\/shannex.com\\\/fr\\\/soutien-communautaire\\\/partenaires-de-confiance\\\/#breadcrumb\",\"itemListElement\":[{\"@type\":\"ListItem\",\"position\":1,\"name\":\"Soutien communautaire\",\"item\":\"https:\\\/\\\/shannex.com\\\/fr\\\/community-support\\\/\"},{\"@type\":\"ListItem\",\"position\":2,\"name\":\"Partenaires de confiance\"}]},{\"@type\":\"WebSite\",\"@id\":\"https:\\\/\\\/shannex.com\\\/fr\\\/#website\",\"url\":\"https:\\\/\\\/shannex.com\\\/fr\\\/\",\"name\":\"Shannex\",\"description\":\"\",\"publisher\":{\"@id\":\"https:\\\/\\\/shannex.com\\\/fr\\\/#organization\"},\"potentialAction\":[{\"@type\":\"SearchAction\",\"target\":{\"@type\":\"EntryPoint\",\"urlTemplate\":\"https:\\\/\\\/shannex.com\\\/fr\\\/?s={search_term_string}\"},\"query-input\":{\"@type\":\"PropertyValueSpecification\",\"valueRequired\":true,\"valueName\":\"search_term_string\"}}],\"inLanguage\":\"fr-FR\"},{\"@type\":\"Organization\",\"@id\":\"https:\\\/\\\/shannex.com\\\/fr\\\/#organization\",\"name\":\"Shannex\",\"url\":\"https:\\\/\\\/shannex.com\\\/fr\\\/\",\"logo\":{\"@type\":\"ImageObject\",\"inLanguage\":\"fr-FR\",\"@id\":\"https:\\\/\\\/shannex.com\\\/fr\\\/#\\\/schema\\\/logo\\\/image\\\/\",\"url\":\"https:\\\/\\\/shannex.com\\\/wp-content\\\/uploads\\\/2022\\\/01\\\/shannex-logo.svg\",\"contentUrl\":\"https:\\\/\\\/shannex.com\\\/wp-content\\\/uploads\\\/2022\\\/01\\\/shannex-logo.svg\",\"width\":486,\"height\":91,\"caption\":\"Shannex\"},\"image\":{\"@id\":\"https:\\\/\\\/shannex.com\\\/fr\\\/#\\\/schema\\\/logo\\\/image\\\/\"}}]}<\/script>\n<!-- \/ Yoast SEO plugin. -->","yoast_head_json":{"title":"Partenaires de confiance","description":"Parmi nos nombreux partenariats de confiance, peu sont aussi pr\u00e9cieux que ceux avec les congr\u00e9gations qui ont choisi de faire de Shannex leur chez-soi. Les S\u0153urs de la Charit\u00e9 font partie de la famille Shannex depuis 2002..","robots":{"index":"index","follow":"follow","max-snippet":"max-snippet:-1","max-image-preview":"max-image-preview:large","max-video-preview":"max-video-preview:-1"},"canonical":"https:\/\/shannex.com\/fr\/soutien-communautaire\/partenaires-de-confiance\/","og_locale":"fr_FR","og_type":"article","og_title":"Partenaires de confiance","og_description":"Parmi nos nombreux partenariats de confiance, peu sont aussi pr\u00e9cieux que ceux avec les congr\u00e9gations qui ont choisi de faire de Shannex leur chez-soi. Les S\u0153urs de la Charit\u00e9 font partie de la famille Shannex depuis 2002..","og_url":"https:\/\/shannex.com\/fr\/soutien-communautaire\/partenaires-de-confiance\/","og_site_name":"Shannex","article_modified_time":"2024-12-10T14:47:12+00:00","og_image":[{"width":372,"height":252,"url":"https:\/\/shannex.com\/wp-content\/uploads\/2022\/03\/Treasured_Partners.jpg","type":"image\/jpeg"}],"twitter_card":"summary_large_image","twitter_misc":{"Dur\u00e9e de lecture estim\u00e9e":"5 minutes"},"schema":{"@context":"https:\/\/schema.org","@graph":[{"@type":"WebPage","@id":"https:\/\/shannex.com\/fr\/soutien-communautaire\/partenaires-de-confiance\/","url":"https:\/\/shannex.com\/fr\/soutien-communautaire\/partenaires-de-confiance\/","name":"Partenaires de confiance","isPartOf":{"@id":"https:\/\/shannex.com\/fr\/#website"},"primaryImageOfPage":{"@id":"https:\/\/shannex.com\/fr\/soutien-communautaire\/partenaires-de-confiance\/#primaryimage"},"image":{"@id":"https:\/\/shannex.com\/fr\/soutien-communautaire\/partenaires-de-confiance\/#primaryimage"},"thumbnailUrl":"https:\/\/shannex.com\/wp-content\/uploads\/2022\/03\/Treasured_Partners.jpg","datePublished":"2022-02-22T22:43:48+00:00","dateModified":"2024-12-10T14:47:12+00:00","description":"Parmi nos nombreux partenariats de confiance, peu sont aussi pr\u00e9cieux que ceux avec les congr\u00e9gations qui ont choisi de faire de Shannex leur chez-soi. Les S\u0153urs de la Charit\u00e9 font partie de la famille Shannex depuis 2002..","breadcrumb":{"@id":"https:\/\/shannex.com\/fr\/soutien-communautaire\/partenaires-de-confiance\/#breadcrumb"},"inLanguage":"fr-FR","potentialAction":[{"@type":"ReadAction","target":["https:\/\/shannex.com\/fr\/soutien-communautaire\/partenaires-de-confiance\/"]}]},{"@type":"ImageObject","inLanguage":"fr-FR","@id":"https:\/\/shannex.com\/fr\/soutien-communautaire\/partenaires-de-confiance\/#primaryimage","url":"https:\/\/shannex.com\/wp-content\/uploads\/2022\/03\/Treasured_Partners.jpg","contentUrl":"https:\/\/shannex.com\/wp-content\/uploads\/2022\/03\/Treasured_Partners.jpg"},{"@type":"BreadcrumbList","@id":"https:\/\/shannex.com\/fr\/soutien-communautaire\/partenaires-de-confiance\/#breadcrumb","itemListElement":[{"@type":"ListItem","position":1,"name":"Soutien communautaire","item":"https:\/\/shannex.com\/fr\/community-support\/"},{"@type":"ListItem","position":2,"name":"Partenaires de confiance"}]},{"@type":"WebSite","@id":"https:\/\/shannex.com\/fr\/#website","url":"https:\/\/shannex.com\/fr\/","name":"Shannex","description":"","publisher":{"@id":"https:\/\/shannex.com\/fr\/#organization"},"potentialAction":[{"@type":"SearchAction","target":{"@type":"EntryPoint","urlTemplate":"https:\/\/shannex.com\/fr\/?s={search_term_string}"},"query-input":{"@type":"PropertyValueSpecification","valueRequired":true,"valueName":"search_term_string"}}],"inLanguage":"fr-FR"},{"@type":"Organization","@id":"https:\/\/shannex.com\/fr\/#organization","name":"Shannex","url":"https:\/\/shannex.com\/fr\/","logo":{"@type":"ImageObject","inLanguage":"fr-FR","@id":"https:\/\/shannex.com\/fr\/#\/schema\/logo\/image\/","url":"https:\/\/shannex.com\/wp-content\/uploads\/2022\/01\/shannex-logo.svg","contentUrl":"https:\/\/shannex.com\/wp-content\/uploads\/2022\/01\/shannex-logo.svg","width":486,"height":91,"caption":"Shannex"},"image":{"@id":"https:\/\/shannex.com\/fr\/#\/schema\/logo\/image\/"}}]}},"_links":{"self":[{"href":"https:\/\/shannex.com\/fr\/wp-json\/wp\/v2\/pages\/10171","targetHints":{"allow":["GET"]}}],"collection":[{"href":"https:\/\/shannex.com\/fr\/wp-json\/wp\/v2\/pages"}],"about":[{"href":"https:\/\/shannex.com\/fr\/wp-json\/wp\/v2\/types\/page"}],"author":[{"embeddable":true,"href":"https:\/\/shannex.com\/fr\/wp-json\/wp\/v2\/users\/1"}],"replies":[{"embeddable":true,"href":"https:\/\/shannex.com\/fr\/wp-json\/wp\/v2\/comments?post=10171"}],"version-history":[{"count":0,"href":"https:\/\/shannex.com\/fr\/wp-json\/wp\/v2\/pages\/10171\/revisions"}],"up":[{"embeddable":true,"href":"https:\/\/shannex.com\/fr\/wp-json\/wp\/v2\/pages\/7880"}],"wp:attachment":[{"href":"https:\/\/shannex.com\/fr\/wp-json\/wp\/v2\/media?parent=10171"}],"curies":[{"name":"wp","href":"https:\/\/api.w.org\/{rel}","templated":true}]}}