{"id":10735,"date":"2022-11-21T15:14:33","date_gmt":"2022-11-21T19:14:33","guid":{"rendered":"https:\/\/shannex.com\/orientations-strategiques\/"},"modified":"2022-11-23T15:10:46","modified_gmt":"2022-11-23T19:10:46","slug":"orientations-strategiques","status":"publish","type":"page","link":"https:\/\/shannex.com\/fr\/orientations-strategiques\/","title":{"rendered":"Orientations strat\u00e9giques"},"content":{"rendered":"\n<div class=\"banner__basic\">\n\n    <div class=\"banner__basic__title\">\n        <div>\n        \n\n<h1 class=\"wp-block-heading\" id=\"living-options\">Orientations strat\u00e9giques<\/h1>\n\n        <\/div>\n    <\/div>\n    \n    <div class=\"banner__basic__image\">\n        <\/div>\n<\/div>\n\n\n<div style=\"height:40px\" aria-hidden=\"true\" class=\"wp-block-spacer\"><\/div>\n\n\n\n<div class=\"wp-block-group is-layout-flow wp-block-group-is-layout-flow\">\n<div class=\"wp-block-columns is-layout-flex wp-container-core-columns-is-layout-28f84493 wp-block-columns-is-layout-flex\">\n<div class=\"wp-block-column is-layout-flow wp-block-column-is-layout-flow\" style=\"flex-basis:25%\"><\/div>\n\n\n\n<div class=\"wp-block-column is-layout-flow wp-block-column-is-layout-flow\" style=\"flex-basis:50%\">\n<h2 class=\"has-text-align-center wp-block-heading\" id=\"our-continuum-of-service-1\">Merci pour votre participation!<\/h2>\n\n\n\n<p class=\"has-text-align-center\">Le plan strat\u00e9gique est la feuille de route qui guide la direction de notre organisation. Le plan actuel arrive \u00e0 expiration au d\u00e9but de l\u2019ann\u00e9e 2023. Par cons\u00e9quent, nous aimerions avoir votre avis alors que nous travaillons \u00e0 l\u2019\u00e9laboration d\u2019un nouveau plan quinquennal. \u00c0 ce jour, nous avons entendu les avis de nos \u00e9quipes de direction, des personnes r\u00e9sidentes et des familles.<\/p>\n\n\n\n<p class=\"has-text-align-center\"><\/p>\n\n\n\n<div style=\"height:20px\" aria-hidden=\"true\" class=\"wp-block-spacer\"><\/div>\n<\/div>\n\n\n\n<div class=\"wp-block-column is-layout-flow wp-block-column-is-layout-flow\" style=\"flex-basis:25%\"><\/div>\n<\/div>\n<\/div>\n\n\n\n<div style=\"height:30px\" aria-hidden=\"true\" class=\"wp-block-spacer\"><\/div>\n\n\n\n<div class=\"wp-block-columns is-layout-flex wp-container-core-columns-is-layout-28f84493 wp-block-columns-is-layout-flex\">\n<div class=\"wp-block-column is-layout-flow wp-block-column-is-layout-flow\" style=\"flex-basis:33.33%\">\n<figure class=\"wp-block-image size-full\"><img decoding=\"async\" width=\"732\" height=\"489\" src=\"https:\/\/shannex.com\/wp-content\/uploads\/2022\/11\/WorkLife_2.jpg\" alt=\"\" class=\"wp-image-10592\" srcset=\"https:\/\/shannex.com\/wp-content\/uploads\/2022\/11\/WorkLife_2.jpg 732w, https:\/\/shannex.com\/wp-content\/uploads\/2022\/11\/WorkLife_2-300x200.jpg 300w\" sizes=\"(max-width: 732px) 100vw, 732px\" \/><\/figure>\n<\/div>\n\n\n\n<div class=\"wp-block-column is-layout-flow wp-block-column-is-layout-flow\" style=\"flex-basis:66.66%\">\n<h4 class=\"wp-block-heading\" id=\"retirement-living-and-lifestyle-residences\"><strong>Votre r\u00e9troaction est importante.<\/strong><\/h4>\n\n\n\n<p>Notre personnel exceptionnel est l\u2019\u00e9pine dorsale de notre organisation. Nous encourageons tous les membres de l\u2019\u00e9quipe \u00e0 s\u2019exprimer.<\/p>\n\n\n\n<p>Prenez quelques minutes pour revoir les renseignements ci-dessous et remplir le formulaire. Le sondage sera ouvert jusqu\u2019au <strong>vendredi 2\u00a0d\u00e9cembre\u00a02022.<\/strong><br><br><strong>*Apr\u00e8s avoir ouvert le sondage, veuillez utiliser le menu d\u00e9roulant dans le coin sup\u00e9rieur droit pour s\u00e9lectionner la version fran\u00e7aise.<\/strong><\/p>\n\n\n\n<div class=\"wp-block-buttons is-layout-flex wp-block-buttons-is-layout-flex\">\n<div class=\"wp-block-button\"><a class=\"wp-block-button__link\" href=\"https:\/\/forms.office.com\/pages\/responsepage.aspx?id=PwIEAgiwAk2uNNidJsrc8NXflul7y51FgQdFQufHMOJUNDVFTTZFNzRUNDZQSjZBNDhZTVBKN0ZNMC4u\" target=\"_blank\" rel=\"noreferrer noopener\">Cliquez ici pour commencer<\/a><\/div>\n<\/div>\n<\/div>\n<\/div>\n\n\n\n<div style=\"height:60px\" aria-hidden=\"true\" class=\"wp-block-spacer\"><\/div>\n\n\n\n<div class=\"banner__extended row\">\n    <div class=\"col-md-5 banner__extended__content has-background has-dark-blue-background-color\">\n        <div>\n        \n\n<h3 class=\"wp-block-heading\" id=\"tw-target-text\">Connect with us<\/h3>\n\n\n\n<p id=\"tw-target-text\" style=\"font-style:normal;font-weight:400\">Our <em>Great People<\/em> are always here to help. Contact us today and we&#8217;ll be happy to answer your questions and provide you with more information.<\/p>\n\n\n\n<div class=\"wp-block-buttons is-layout-flex wp-block-buttons-is-layout-flex\">\n<div class=\"wp-block-button is-style-text-only-button\"><a class=\"wp-block-button__link has-white-color has-text-color wp-element-button\" href=\"https:\/\/shannex.com\/contact-us\/\">Contact Us<\/a><\/div>\n<\/div>\n\n\n\n        <\/div>\n    <\/div>\n    <div class=\"col-md-7 banner__extended__image\">\n            <img decoding=\"async\" width=\"1000\" height=\"514\" src=\"https:\/\/shannex.com\/wp-content\/uploads\/2025\/07\/careers_CCA_extended-1.jpg\" class=\"banner-image\" alt=\"\" sizes=\"100vw\" srcset=\"https:\/\/shannex.com\/wp-content\/uploads\/2025\/07\/careers_CCA_extended-1.jpg 1000w, https:\/\/shannex.com\/wp-content\/uploads\/2025\/07\/careers_CCA_extended-1-300x154.jpg 300w, https:\/\/shannex.com\/wp-content\/uploads\/2025\/07\/careers_CCA_extended-1-768x395.jpg 768w\" \/>    <div class=\"banner__extended__overlay\">\n            <\/div>\n    <\/div>\n<\/div>","protected":false},"excerpt":{"rendered":"<p>Merci pour votre participation! Le plan strat\u00e9gique est la feuille [&hellip;]<\/p>\n","protected":false},"author":4,"featured_media":0,"parent":0,"menu_order":0,"comment_status":"closed","ping_status":"closed","template":"","meta":{"_acf_changed":false,"inline_featured_image":false,"footnotes":""},"class_list":["post-10735","page","type-page","status-publish","hentry"],"acf":[],"yoast_head":"<!-- This site is optimized with the Yoast SEO plugin v27.3 - https:\/\/yoast.com\/product\/yoast-seo-wordpress\/ -->\n<title>Orientations strat\u00e9giques<\/title>\n<meta name=\"description\" content=\"As we age, our care needs change. Determining the level of care that\u2019s right for you is a personal decision.\" \/>\n<meta name=\"robots\" content=\"index, follow, max-snippet:-1, max-image-preview:large, max-video-preview:-1\" \/>\n<link rel=\"canonical\" href=\"https:\/\/shannex.com\/fr\/orientations-strategiques\/\" \/>\n<meta property=\"og:locale\" content=\"fr_FR\" \/>\n<meta property=\"og:type\" content=\"article\" \/>\n<meta property=\"og:title\" content=\"Orientations strat\u00e9giques\" \/>\n<meta property=\"og:description\" content=\"As we age, our care needs change. Determining the level of care that\u2019s right for you is a personal decision.\" \/>\n<meta property=\"og:url\" content=\"https:\/\/shannex.com\/fr\/orientations-strategiques\/\" \/>\n<meta property=\"og:site_name\" content=\"Shannex\" \/>\n<meta property=\"article:modified_time\" content=\"2022-11-23T19:10:46+00:00\" \/>\n<meta property=\"og:image\" content=\"https:\/\/shannex.com\/wp-content\/uploads\/2022\/11\/WorkLife_2.jpg\" \/>\n<meta name=\"twitter:card\" content=\"summary_large_image\" \/>\n<meta name=\"twitter:label1\" content=\"Dur\u00e9e de lecture estim\u00e9e\" \/>\n\t<meta name=\"twitter:data1\" content=\"1 minute\" \/>\n<script type=\"application\/ld+json\" class=\"yoast-schema-graph\">{\"@context\":\"https:\\\/\\\/schema.org\",\"@graph\":[{\"@type\":\"WebPage\",\"@id\":\"https:\\\/\\\/shannex.com\\\/fr\\\/orientations-strategiques\\\/\",\"url\":\"https:\\\/\\\/shannex.com\\\/fr\\\/orientations-strategiques\\\/\",\"name\":\"Orientations strat\u00e9giques\",\"isPartOf\":{\"@id\":\"https:\\\/\\\/shannex.com\\\/fr\\\/#website\"},\"primaryImageOfPage\":{\"@id\":\"https:\\\/\\\/shannex.com\\\/fr\\\/orientations-strategiques\\\/#primaryimage\"},\"image\":{\"@id\":\"https:\\\/\\\/shannex.com\\\/fr\\\/orientations-strategiques\\\/#primaryimage\"},\"thumbnailUrl\":\"https:\\\/\\\/shannex.com\\\/wp-content\\\/uploads\\\/2022\\\/11\\\/WorkLife_2.jpg\",\"datePublished\":\"2022-11-21T19:14:33+00:00\",\"dateModified\":\"2022-11-23T19:10:46+00:00\",\"description\":\"As we age, our care needs change. Determining the level of care that\u2019s right for you is a personal decision.\",\"inLanguage\":\"fr-FR\",\"potentialAction\":[{\"@type\":\"ReadAction\",\"target\":[\"https:\\\/\\\/shannex.com\\\/fr\\\/orientations-strategiques\\\/\"]}]},{\"@type\":\"ImageObject\",\"inLanguage\":\"fr-FR\",\"@id\":\"https:\\\/\\\/shannex.com\\\/fr\\\/orientations-strategiques\\\/#primaryimage\",\"url\":\"https:\\\/\\\/shannex.com\\\/wp-content\\\/uploads\\\/2022\\\/11\\\/WorkLife_2.jpg\",\"contentUrl\":\"https:\\\/\\\/shannex.com\\\/wp-content\\\/uploads\\\/2022\\\/11\\\/WorkLife_2.jpg\"},{\"@type\":\"WebSite\",\"@id\":\"https:\\\/\\\/shannex.com\\\/fr\\\/#website\",\"url\":\"https:\\\/\\\/shannex.com\\\/fr\\\/\",\"name\":\"Shannex\",\"description\":\"\",\"publisher\":{\"@id\":\"https:\\\/\\\/shannex.com\\\/fr\\\/#organization\"},\"potentialAction\":[{\"@type\":\"SearchAction\",\"target\":{\"@type\":\"EntryPoint\",\"urlTemplate\":\"https:\\\/\\\/shannex.com\\\/fr\\\/?s={search_term_string}\"},\"query-input\":{\"@type\":\"PropertyValueSpecification\",\"valueRequired\":true,\"valueName\":\"search_term_string\"}}],\"inLanguage\":\"fr-FR\"},{\"@type\":\"Organization\",\"@id\":\"https:\\\/\\\/shannex.com\\\/fr\\\/#organization\",\"name\":\"Shannex\",\"url\":\"https:\\\/\\\/shannex.com\\\/fr\\\/\",\"logo\":{\"@type\":\"ImageObject\",\"inLanguage\":\"fr-FR\",\"@id\":\"https:\\\/\\\/shannex.com\\\/fr\\\/#\\\/schema\\\/logo\\\/image\\\/\",\"url\":\"https:\\\/\\\/shannex.com\\\/wp-content\\\/uploads\\\/2022\\\/01\\\/shannex-logo.svg\",\"contentUrl\":\"https:\\\/\\\/shannex.com\\\/wp-content\\\/uploads\\\/2022\\\/01\\\/shannex-logo.svg\",\"width\":486,\"height\":91,\"caption\":\"Shannex\"},\"image\":{\"@id\":\"https:\\\/\\\/shannex.com\\\/fr\\\/#\\\/schema\\\/logo\\\/image\\\/\"}}]}<\/script>\n<!-- \/ Yoast SEO plugin. -->","yoast_head_json":{"title":"Orientations strat\u00e9giques","description":"As we age, our care needs change. Determining the level of care that\u2019s right for you is a personal decision.","robots":{"index":"index","follow":"follow","max-snippet":"max-snippet:-1","max-image-preview":"max-image-preview:large","max-video-preview":"max-video-preview:-1"},"canonical":"https:\/\/shannex.com\/fr\/orientations-strategiques\/","og_locale":"fr_FR","og_type":"article","og_title":"Orientations strat\u00e9giques","og_description":"As we age, our care needs change. Determining the level of care that\u2019s right for you is a personal decision.","og_url":"https:\/\/shannex.com\/fr\/orientations-strategiques\/","og_site_name":"Shannex","article_modified_time":"2022-11-23T19:10:46+00:00","og_image":[{"url":"https:\/\/shannex.com\/wp-content\/uploads\/2022\/11\/WorkLife_2.jpg","type":"","width":"","height":""}],"twitter_card":"summary_large_image","twitter_misc":{"Dur\u00e9e de lecture estim\u00e9e":"1 minute"},"schema":{"@context":"https:\/\/schema.org","@graph":[{"@type":"WebPage","@id":"https:\/\/shannex.com\/fr\/orientations-strategiques\/","url":"https:\/\/shannex.com\/fr\/orientations-strategiques\/","name":"Orientations strat\u00e9giques","isPartOf":{"@id":"https:\/\/shannex.com\/fr\/#website"},"primaryImageOfPage":{"@id":"https:\/\/shannex.com\/fr\/orientations-strategiques\/#primaryimage"},"image":{"@id":"https:\/\/shannex.com\/fr\/orientations-strategiques\/#primaryimage"},"thumbnailUrl":"https:\/\/shannex.com\/wp-content\/uploads\/2022\/11\/WorkLife_2.jpg","datePublished":"2022-11-21T19:14:33+00:00","dateModified":"2022-11-23T19:10:46+00:00","description":"As we age, our care needs change. Determining the level of care that\u2019s right for you is a personal decision.","inLanguage":"fr-FR","potentialAction":[{"@type":"ReadAction","target":["https:\/\/shannex.com\/fr\/orientations-strategiques\/"]}]},{"@type":"ImageObject","inLanguage":"fr-FR","@id":"https:\/\/shannex.com\/fr\/orientations-strategiques\/#primaryimage","url":"https:\/\/shannex.com\/wp-content\/uploads\/2022\/11\/WorkLife_2.jpg","contentUrl":"https:\/\/shannex.com\/wp-content\/uploads\/2022\/11\/WorkLife_2.jpg"},{"@type":"WebSite","@id":"https:\/\/shannex.com\/fr\/#website","url":"https:\/\/shannex.com\/fr\/","name":"Shannex","description":"","publisher":{"@id":"https:\/\/shannex.com\/fr\/#organization"},"potentialAction":[{"@type":"SearchAction","target":{"@type":"EntryPoint","urlTemplate":"https:\/\/shannex.com\/fr\/?s={search_term_string}"},"query-input":{"@type":"PropertyValueSpecification","valueRequired":true,"valueName":"search_term_string"}}],"inLanguage":"fr-FR"},{"@type":"Organization","@id":"https:\/\/shannex.com\/fr\/#organization","name":"Shannex","url":"https:\/\/shannex.com\/fr\/","logo":{"@type":"ImageObject","inLanguage":"fr-FR","@id":"https:\/\/shannex.com\/fr\/#\/schema\/logo\/image\/","url":"https:\/\/shannex.com\/wp-content\/uploads\/2022\/01\/shannex-logo.svg","contentUrl":"https:\/\/shannex.com\/wp-content\/uploads\/2022\/01\/shannex-logo.svg","width":486,"height":91,"caption":"Shannex"},"image":{"@id":"https:\/\/shannex.com\/fr\/#\/schema\/logo\/image\/"}}]}},"_links":{"self":[{"href":"https:\/\/shannex.com\/fr\/wp-json\/wp\/v2\/pages\/10735","targetHints":{"allow":["GET"]}}],"collection":[{"href":"https:\/\/shannex.com\/fr\/wp-json\/wp\/v2\/pages"}],"about":[{"href":"https:\/\/shannex.com\/fr\/wp-json\/wp\/v2\/types\/page"}],"author":[{"embeddable":true,"href":"https:\/\/shannex.com\/fr\/wp-json\/wp\/v2\/users\/4"}],"replies":[{"embeddable":true,"href":"https:\/\/shannex.com\/fr\/wp-json\/wp\/v2\/comments?post=10735"}],"version-history":[{"count":0,"href":"https:\/\/shannex.com\/fr\/wp-json\/wp\/v2\/pages\/10735\/revisions"}],"wp:attachment":[{"href":"https:\/\/shannex.com\/fr\/wp-json\/wp\/v2\/media?parent=10735"}],"curies":[{"name":"wp","href":"https:\/\/api.w.org\/{rel}","templated":true}]}}