{"id":13732,"date":"2023-05-05T09:11:22","date_gmt":"2023-05-05T13:11:22","guid":{"rendered":"https:\/\/shannex.com\/pratiques-exemplaires\/"},"modified":"2023-05-23T11:11:49","modified_gmt":"2023-05-23T15:11:49","slug":"pratiques-exemplaires","status":"publish","type":"page","link":"https:\/\/shannex.com\/fr\/pratiques-exemplaires\/","title":{"rendered":"Pratiques exemplaires"},"content":{"rendered":"\n<div class=\"banner__basic\">\n\n    <div class=\"banner__basic__title\">\n        <div>\n        \n\n<h1 class=\"wp-block-heading\" id=\"living-options\">Pratiques exemplaires<\/h1>\n\n        <\/div>\n    <\/div>\n    \n    <div class=\"banner__basic__image\">\n    <img decoding=\"async\" width=\"1600\" height=\"500\" src=\"https:\/\/shannex.com\/wp-content\/uploads\/2022\/03\/hero_CCA.jpg\" class=\"banner-image\" alt=\"Shannex nurses\" sizes=\"100vw\" srcset=\"https:\/\/shannex.com\/wp-content\/uploads\/2022\/03\/hero_CCA.jpg 1600w, https:\/\/shannex.com\/wp-content\/uploads\/2022\/03\/hero_CCA-300x94.jpg 300w, https:\/\/shannex.com\/wp-content\/uploads\/2022\/03\/hero_CCA-1024x320.jpg 1024w, https:\/\/shannex.com\/wp-content\/uploads\/2022\/03\/hero_CCA-768x240.jpg 768w, https:\/\/shannex.com\/wp-content\/uploads\/2022\/03\/hero_CCA-1536x480.jpg 1536w\" \/>    <\/div>\n<\/div>\n<div style=\"height:60px\" aria-hidden=\"true\" class=\"wp-block-spacer\"><\/div>\n\n<div id=\"our-history\" class=\"wp-block-group wp-embed-aspect-16-9 wp-has-aspect-ratio has-white-background-color has-background is-layout-flow wp-block-group-is-layout-flow\">\n<div class=\"wp-block-columns is-layout-flex wp-container-core-columns-is-layout-28f84493 wp-block-columns-is-layout-flex\">\n<div class=\"wp-block-column is-vertically-aligned-center is-layout-flow wp-block-column-is-layout-flow\" style=\"flex-basis:60%\">\n<h2 class=\"wp-block-heading\" id=\"committed-to-quality-care-since-1988\"><strong>\u00c9valuation du profil de s\u00e9curit\u00e9 <\/strong><\/h2>\n\n\n\n<p>Les blessures et les co\u00fbts li\u00e9s aux demandes d\u2019indemnisation dans le secteur des soins de sant\u00e9 sont importants et les d\u00e9fis dans ce secteur sont devenus encore plus complexes avec la pand\u00e9mie. Pourtant, la sant\u00e9 et la s\u00e9curit\u00e9 ne peuvent \u00eatre diff\u00e9r\u00e9es. Nous devons continuer \u00e0 nous assurer que nous respectons la l\u00e9gislation tout en r\u00e9duisant les co\u00fbts et en am\u00e9liorant la culture de la s\u00e9curit\u00e9.<\/p>\n\n\n\n<p>\u00c0 la suite d\u2019une s\u00e9rie d\u2019\u00ab \u00e9valuations du climat de s\u00e9curit\u00e9 \u00bb visant \u00e0 \u00e9valuer l\u2019efficacit\u00e9 de divers programmes de s\u00e9curit\u00e9, les connaissances et les comportements du personnel, des opportunit\u00e9s ont \u00e9t\u00e9 identifi\u00e9es dans quatre domaines cl\u00e9s : le leadership, la participation, la pr\u00e9vention et la gestion des incidents Les r\u00e9sultats de l\u2019\u00e9valuation ont men\u00e9 \u00e0 la premi\u00e8re version de notre \u00e9valuation du profil de s\u00e9curit\u00e9 (\u00c9PS).<\/p>\n\n\n\n<p>L\u2019objectif de l\u2019\u00c9PS est de s\u2019assurer que nous soutenons la s\u00e9curit\u00e9 dans toutes nos communaut\u00e9s de mani\u00e8re coh\u00e9rente et d\u2019am\u00e9liorer l\u2019\u00e9valuation de notre programme de sant\u00e9, de bien-\u00eatre et de s\u00e9curit\u00e9 afin de produire une \u00c9PS trimestrielle pour chaque site. . L\u2019\u00c9PS est constitu\u00e9e d\u2019indicateurs d\u2019avance et de retard qui donnent une vue d\u2019ensemble des activit\u00e9s de s\u00e9curit\u00e9 en cours, soutiennent l\u2019am\u00e9lioration de la culture de la s\u00e9curit\u00e9 et constituent un m\u00e9canisme de communication de renseignements sur la s\u00e9curit\u00e9 aux employ\u00e9s, aux gestionnaires et aux cadres sup\u00e9rieurs.<\/p>\n<\/div>\n\n\n\n<div class=\"wp-block-column is-layout-flow wp-block-column-is-layout-flow\" style=\"flex-basis:40%\">\n<figure class=\"wp-block-image size-full\"><img decoding=\"async\" width=\"1024\" height=\"576\" src=\"https:\/\/shannex.com\/wp-content\/uploads\/2023\/05\/LeadingPractice_SafetyProfileScorecard.jpg\" alt=\"\" class=\"wp-image-13601\" srcset=\"https:\/\/shannex.com\/wp-content\/uploads\/2023\/05\/LeadingPractice_SafetyProfileScorecard.jpg 1024w, https:\/\/shannex.com\/wp-content\/uploads\/2023\/05\/LeadingPractice_SafetyProfileScorecard-300x169.jpg 300w, https:\/\/shannex.com\/wp-content\/uploads\/2023\/05\/LeadingPractice_SafetyProfileScorecard-768x432.jpg 768w\" sizes=\"(max-width: 1024px) 100vw, 1024px\" \/><\/figure>\n<\/div>\n<\/div>\n<\/div>\n\n<div style=\"height:75px\" aria-hidden=\"true\" class=\"wp-block-spacer\"><\/div>\n\n<div id=\"our-history\" class=\"wp-block-group wp-embed-aspect-16-9 wp-has-aspect-ratio has-white-background-color has-background is-layout-flow wp-block-group-is-layout-flow\">\n<div class=\"wp-block-columns is-layout-flex wp-container-core-columns-is-layout-28f84493 wp-block-columns-is-layout-flex\">\n<div class=\"wp-block-column is-layout-flow wp-block-column-is-layout-flow\" style=\"flex-basis:40%\">\n<figure class=\"wp-block-image size-full\"><img decoding=\"async\" width=\"1024\" height=\"576\" src=\"https:\/\/shannex.com\/wp-content\/uploads\/2023\/05\/LeadingPractice_BehaviouralUnits.jpg\" alt=\"\" class=\"wp-image-13603\" srcset=\"https:\/\/shannex.com\/wp-content\/uploads\/2023\/05\/LeadingPractice_BehaviouralUnits.jpg 1024w, https:\/\/shannex.com\/wp-content\/uploads\/2023\/05\/LeadingPractice_BehaviouralUnits-300x169.jpg 300w, https:\/\/shannex.com\/wp-content\/uploads\/2023\/05\/LeadingPractice_BehaviouralUnits-768x432.jpg 768w\" sizes=\"(max-width: 1024px) 100vw, 1024px\" \/><\/figure>\n<\/div>\n\n\n\n<div class=\"wp-block-column is-vertically-aligned-center is-layout-flow wp-block-column-is-layout-flow\" style=\"flex-basis:60%\">\n<h2 class=\"wp-block-heading\" id=\"committed-to-quality-care-since-1988\"><strong><strong>Unit\u00e9s de comportement : Un environnement favorable \u00e0 la gestion des comportements r\u00e9actifs dans les \u00e9tablissements de soins de longue dur\u00e9e<\/strong><\/strong><\/h2>\n\n\n\n<p>Il peut \u00eatre difficile de trouver des options de soins continus pour les personnes ayant des comportements complexes et r\u00e9actifs. De nombreuses personnes sont oblig\u00e9es de rester \u00e0 l\u2019h\u00f4pital ou se voient refuser l\u2019admission dans un foyer de soins parce que leurs besoins sont trop complexes. Cela accro\u00eet la pression sur le syst\u00e8me de soins de sant\u00e9 et affecte la qualit\u00e9 de vie de ces personnes, les emp\u00eachant de vivre dans une communaut\u00e9 confortable qu\u2019elles peuvent consid\u00e9rer comme chez elles.<\/p>\n\n\n\n<p>L\u2019\u00e9quipe de soins am\u00e9lior\u00e9s de Harbourstone \u00e0 Sydney a reconnu ces d\u00e9fis et a lanc\u00e9 un projet pilote visant \u00e0 cr\u00e9er un environnement favorable \u00e0 la gestion des comportements r\u00e9actifs dans les soins de longue dur\u00e9e. En utilisant des \u00e9valuations fonctionnelles du comportement dans le processus de pr\u00e9admission, des interventions non pharmacologiques fond\u00e9es sur des donn\u00e9es probantes sont mises au point. Celles-ci sont propres \u00e0 l\u2019individu, \u00e0 son environnement et \u00e0 la fonction sous-jacente de ses comportements.<\/p>\n\n\n\n<p>Gr\u00e2ce \u00e0 ce projet, 22 personnes r\u00e9sidentes qui \u00e9taient auparavant \u00e0 l\u2019h\u00f4pital ou qui ont \u00e9t\u00e9 refus\u00e9es dans d\u2019autres foyers de soins ont un nouveau foyer accueillant \u00e0 Harbourstone. Depuis le lancement du projet pilote, il n\u2019y a eu aucun refus de placement, aucune hospitalisation pour cause de comportement, aucune blessure entre personnes r\u00e9sidentes ou entre personne r\u00e9sidente et personnel, et aucune demande de financement individuel.<\/p>\n\n\n\n<p>En outre, nous avons fourni des services de consultation comportementale \u00e0 30 personnes r\u00e9sidentes suppl\u00e9mentaires, provenant de 7 foyers de SLD, dans les quatre zones de l\u2019Autorit\u00e9 sanitaire de la Nouvelle-\u00c9cosse. \u00c0 la suite de ce projet, les foyers de soins ont fait \u00e9tat d\u2019am\u00e9liorations significatives de la qualit\u00e9 de vie des personnes r\u00e9sidentes ainsi que des personnes co-r\u00e9sidentes qui avaient \u00e9t\u00e9 affect\u00e9es par leurs comportements.<\/p>\n<\/div>\n<\/div>\n<\/div>\n\n<div style=\"height:100px\" aria-hidden=\"true\" class=\"wp-block-spacer\"><\/div>\n","protected":false},"excerpt":{"rendered":"<p>\u00c9valuation du profil de s\u00e9curit\u00e9 Les blessures et les co\u00fbts [&hellip;]<\/p>\n","protected":false},"author":3,"featured_media":0,"parent":0,"menu_order":0,"comment_status":"closed","ping_status":"closed","template":"","meta":{"_acf_changed":false,"inline_featured_image":false,"footnotes":""},"class_list":["post-13732","page","type-page","status-publish","hentry"],"acf":[],"yoast_head":"<!-- This site is optimized with the Yoast SEO plugin v27.3 - https:\/\/yoast.com\/product\/yoast-seo-wordpress\/ -->\n<title>Pratiques exemplaires<\/title>\n<meta name=\"robots\" content=\"index, follow, max-snippet:-1, max-image-preview:large, max-video-preview:-1\" \/>\n<link rel=\"canonical\" href=\"https:\/\/shannex.com\/fr\/pratiques-exemplaires\/\" \/>\n<meta property=\"og:locale\" content=\"fr_FR\" \/>\n<meta property=\"og:type\" content=\"article\" \/>\n<meta property=\"og:title\" content=\"Pratiques exemplaires\" \/>\n<meta property=\"og:description\" content=\"\u00c9valuation du profil de s\u00e9curit\u00e9 Les blessures et les co\u00fbts [&hellip;]\" \/>\n<meta property=\"og:url\" content=\"https:\/\/shannex.com\/fr\/pratiques-exemplaires\/\" \/>\n<meta property=\"og:site_name\" content=\"Shannex\" \/>\n<meta property=\"article:modified_time\" content=\"2023-05-23T15:11:49+00:00\" \/>\n<meta property=\"og:image\" content=\"https:\/\/shannex.com\/wp-content\/uploads\/2023\/05\/LeadingPractice_SafetyProfileScorecard.jpg\" \/>\n<meta name=\"twitter:card\" content=\"summary_large_image\" \/>\n<meta name=\"twitter:label1\" content=\"Dur\u00e9e de lecture estim\u00e9e\" \/>\n\t<meta name=\"twitter:data1\" content=\"3 minutes\" \/>\n<script type=\"application\/ld+json\" class=\"yoast-schema-graph\">{\"@context\":\"https:\\\/\\\/schema.org\",\"@graph\":[{\"@type\":\"WebPage\",\"@id\":\"https:\\\/\\\/shannex.com\\\/fr\\\/pratiques-exemplaires\\\/\",\"url\":\"https:\\\/\\\/shannex.com\\\/fr\\\/pratiques-exemplaires\\\/\",\"name\":\"Pratiques exemplaires\",\"isPartOf\":{\"@id\":\"https:\\\/\\\/shannex.com\\\/fr\\\/#website\"},\"primaryImageOfPage\":{\"@id\":\"https:\\\/\\\/shannex.com\\\/fr\\\/pratiques-exemplaires\\\/#primaryimage\"},\"image\":{\"@id\":\"https:\\\/\\\/shannex.com\\\/fr\\\/pratiques-exemplaires\\\/#primaryimage\"},\"thumbnailUrl\":\"https:\\\/\\\/shannex.com\\\/wp-content\\\/uploads\\\/2023\\\/05\\\/LeadingPractice_SafetyProfileScorecard.jpg\",\"datePublished\":\"2023-05-05T13:11:22+00:00\",\"dateModified\":\"2023-05-23T15:11:49+00:00\",\"inLanguage\":\"fr-FR\",\"potentialAction\":[{\"@type\":\"ReadAction\",\"target\":[\"https:\\\/\\\/shannex.com\\\/fr\\\/pratiques-exemplaires\\\/\"]}]},{\"@type\":\"ImageObject\",\"inLanguage\":\"fr-FR\",\"@id\":\"https:\\\/\\\/shannex.com\\\/fr\\\/pratiques-exemplaires\\\/#primaryimage\",\"url\":\"https:\\\/\\\/shannex.com\\\/wp-content\\\/uploads\\\/2023\\\/05\\\/LeadingPractice_SafetyProfileScorecard.jpg\",\"contentUrl\":\"https:\\\/\\\/shannex.com\\\/wp-content\\\/uploads\\\/2023\\\/05\\\/LeadingPractice_SafetyProfileScorecard.jpg\"},{\"@type\":\"WebSite\",\"@id\":\"https:\\\/\\\/shannex.com\\\/fr\\\/#website\",\"url\":\"https:\\\/\\\/shannex.com\\\/fr\\\/\",\"name\":\"Shannex\",\"description\":\"\",\"publisher\":{\"@id\":\"https:\\\/\\\/shannex.com\\\/fr\\\/#organization\"},\"potentialAction\":[{\"@type\":\"SearchAction\",\"target\":{\"@type\":\"EntryPoint\",\"urlTemplate\":\"https:\\\/\\\/shannex.com\\\/fr\\\/?s={search_term_string}\"},\"query-input\":{\"@type\":\"PropertyValueSpecification\",\"valueRequired\":true,\"valueName\":\"search_term_string\"}}],\"inLanguage\":\"fr-FR\"},{\"@type\":\"Organization\",\"@id\":\"https:\\\/\\\/shannex.com\\\/fr\\\/#organization\",\"name\":\"Shannex\",\"url\":\"https:\\\/\\\/shannex.com\\\/fr\\\/\",\"logo\":{\"@type\":\"ImageObject\",\"inLanguage\":\"fr-FR\",\"@id\":\"https:\\\/\\\/shannex.com\\\/fr\\\/#\\\/schema\\\/logo\\\/image\\\/\",\"url\":\"https:\\\/\\\/shannex.com\\\/wp-content\\\/uploads\\\/2022\\\/01\\\/shannex-logo.svg\",\"contentUrl\":\"https:\\\/\\\/shannex.com\\\/wp-content\\\/uploads\\\/2022\\\/01\\\/shannex-logo.svg\",\"width\":486,\"height\":91,\"caption\":\"Shannex\"},\"image\":{\"@id\":\"https:\\\/\\\/shannex.com\\\/fr\\\/#\\\/schema\\\/logo\\\/image\\\/\"}}]}<\/script>\n<!-- \/ Yoast SEO plugin. -->","yoast_head_json":{"title":"Pratiques exemplaires","robots":{"index":"index","follow":"follow","max-snippet":"max-snippet:-1","max-image-preview":"max-image-preview:large","max-video-preview":"max-video-preview:-1"},"canonical":"https:\/\/shannex.com\/fr\/pratiques-exemplaires\/","og_locale":"fr_FR","og_type":"article","og_title":"Pratiques exemplaires","og_description":"\u00c9valuation du profil de s\u00e9curit\u00e9 Les blessures et les co\u00fbts [&hellip;]","og_url":"https:\/\/shannex.com\/fr\/pratiques-exemplaires\/","og_site_name":"Shannex","article_modified_time":"2023-05-23T15:11:49+00:00","og_image":[{"url":"https:\/\/shannex.com\/wp-content\/uploads\/2023\/05\/LeadingPractice_SafetyProfileScorecard.jpg","type":"","width":"","height":""}],"twitter_card":"summary_large_image","twitter_misc":{"Dur\u00e9e de lecture estim\u00e9e":"3 minutes"},"schema":{"@context":"https:\/\/schema.org","@graph":[{"@type":"WebPage","@id":"https:\/\/shannex.com\/fr\/pratiques-exemplaires\/","url":"https:\/\/shannex.com\/fr\/pratiques-exemplaires\/","name":"Pratiques exemplaires","isPartOf":{"@id":"https:\/\/shannex.com\/fr\/#website"},"primaryImageOfPage":{"@id":"https:\/\/shannex.com\/fr\/pratiques-exemplaires\/#primaryimage"},"image":{"@id":"https:\/\/shannex.com\/fr\/pratiques-exemplaires\/#primaryimage"},"thumbnailUrl":"https:\/\/shannex.com\/wp-content\/uploads\/2023\/05\/LeadingPractice_SafetyProfileScorecard.jpg","datePublished":"2023-05-05T13:11:22+00:00","dateModified":"2023-05-23T15:11:49+00:00","inLanguage":"fr-FR","potentialAction":[{"@type":"ReadAction","target":["https:\/\/shannex.com\/fr\/pratiques-exemplaires\/"]}]},{"@type":"ImageObject","inLanguage":"fr-FR","@id":"https:\/\/shannex.com\/fr\/pratiques-exemplaires\/#primaryimage","url":"https:\/\/shannex.com\/wp-content\/uploads\/2023\/05\/LeadingPractice_SafetyProfileScorecard.jpg","contentUrl":"https:\/\/shannex.com\/wp-content\/uploads\/2023\/05\/LeadingPractice_SafetyProfileScorecard.jpg"},{"@type":"WebSite","@id":"https:\/\/shannex.com\/fr\/#website","url":"https:\/\/shannex.com\/fr\/","name":"Shannex","description":"","publisher":{"@id":"https:\/\/shannex.com\/fr\/#organization"},"potentialAction":[{"@type":"SearchAction","target":{"@type":"EntryPoint","urlTemplate":"https:\/\/shannex.com\/fr\/?s={search_term_string}"},"query-input":{"@type":"PropertyValueSpecification","valueRequired":true,"valueName":"search_term_string"}}],"inLanguage":"fr-FR"},{"@type":"Organization","@id":"https:\/\/shannex.com\/fr\/#organization","name":"Shannex","url":"https:\/\/shannex.com\/fr\/","logo":{"@type":"ImageObject","inLanguage":"fr-FR","@id":"https:\/\/shannex.com\/fr\/#\/schema\/logo\/image\/","url":"https:\/\/shannex.com\/wp-content\/uploads\/2022\/01\/shannex-logo.svg","contentUrl":"https:\/\/shannex.com\/wp-content\/uploads\/2022\/01\/shannex-logo.svg","width":486,"height":91,"caption":"Shannex"},"image":{"@id":"https:\/\/shannex.com\/fr\/#\/schema\/logo\/image\/"}}]}},"_links":{"self":[{"href":"https:\/\/shannex.com\/fr\/wp-json\/wp\/v2\/pages\/13732","targetHints":{"allow":["GET"]}}],"collection":[{"href":"https:\/\/shannex.com\/fr\/wp-json\/wp\/v2\/pages"}],"about":[{"href":"https:\/\/shannex.com\/fr\/wp-json\/wp\/v2\/types\/page"}],"author":[{"embeddable":true,"href":"https:\/\/shannex.com\/fr\/wp-json\/wp\/v2\/users\/3"}],"replies":[{"embeddable":true,"href":"https:\/\/shannex.com\/fr\/wp-json\/wp\/v2\/comments?post=13732"}],"version-history":[{"count":0,"href":"https:\/\/shannex.com\/fr\/wp-json\/wp\/v2\/pages\/13732\/revisions"}],"wp:attachment":[{"href":"https:\/\/shannex.com\/fr\/wp-json\/wp\/v2\/media?parent=13732"}],"curies":[{"name":"wp","href":"https:\/\/api.w.org\/{rel}","templated":true}]}}