{"id":13759,"date":"2023-05-25T10:01:11","date_gmt":"2023-05-25T14:01:11","guid":{"rendered":"https:\/\/shannex.com\/new-brunswick-resident-handbook\/"},"modified":"2025-03-24T14:41:29","modified_gmt":"2025-03-24T18:41:29","slug":"new-brunswick-resident-handbook","status":"publish","type":"page","link":"https:\/\/shannex.com\/fr\/new-brunswick-resident-handbook\/","title":{"rendered":"Manuel de la personne r\u00e9sidente du Nouveau-Brunswick"},"content":{"rendered":"\n<div class=\"banner__basic\">\n\n    <div class=\"banner__basic__title\">\n        <div>\n        \n\n<h1 class=\"wp-block-heading\" id=\"the-shannex-difference\">Bienvenue chez Shannex<\/h1>\n\n        <\/div>\n    <\/div>\n    \n    <div class=\"banner__basic__image\">\n    <img decoding=\"async\" width=\"2405\" height=\"534\" src=\"https:\/\/shannex.com\/wp-content\/uploads\/2023\/01\/Cohen_Header.jpg\" class=\"banner-image\" alt=\"\" sizes=\"100vw\" srcset=\"https:\/\/shannex.com\/wp-content\/uploads\/2023\/01\/Cohen_Header.jpg 2405w, https:\/\/shannex.com\/wp-content\/uploads\/2023\/01\/Cohen_Header-300x67.jpg 300w, https:\/\/shannex.com\/wp-content\/uploads\/2023\/01\/Cohen_Header-1024x227.jpg 1024w, https:\/\/shannex.com\/wp-content\/uploads\/2023\/01\/Cohen_Header-768x171.jpg 768w, https:\/\/shannex.com\/wp-content\/uploads\/2023\/01\/Cohen_Header-1536x341.jpg 1536w, https:\/\/shannex.com\/wp-content\/uploads\/2023\/01\/Cohen_Header-2048x455.jpg 2048w\" \/>    <\/div>\n<\/div>\n\n\n<div style=\"height:80px\" aria-hidden=\"true\" class=\"wp-block-spacer\"><\/div>\n\n\n\n<div class=\"wp-block-group has-lighter-grey-background-color has-background is-layout-flow wp-block-group-is-layout-flow\">\n<div class=\"wp-block-columns are-vertically-aligned-center is-layout-flex wp-container-core-columns-is-layout-28f84493 wp-block-columns-is-layout-flex\">\n<div class=\"wp-block-column is-vertically-aligned-center is-layout-flow wp-block-column-is-layout-flow\" style=\"flex-basis:40%\">\n<figure class=\"wp-block-image size-full\"><img decoding=\"async\" width=\"225\" height=\"43\" src=\"https:\/\/shannex.com\/wp-content\/uploads\/2023\/04\/shannex-logo-blue.png\" alt=\"\" class=\"wp-image-12755\"\/><\/figure>\n\n\n\n<div style=\"height:40px\" aria-hidden=\"true\" class=\"wp-block-spacer\"><\/div>\n\n\n\n<h4 class=\"wp-block-heading\" id=\"retirement-living-in-moncton-new-brunswick\">Nous sommes heureux de vous accueillir dans votre nouvelle maison.<\/h4>\n\n\n\n<div style=\"height:40px\" aria-hidden=\"true\" class=\"wp-block-spacer\"><\/div>\n\n\n\n<div class=\"wp-block-buttons is-layout-flex wp-block-buttons-is-layout-flex\">\n<div class=\"wp-block-button\"><a class=\"wp-block-button__link wp-element-button\" href=\"https:\/\/shannex.com\/wp-content\/uploads\/2025\/03\/ResidentHandbook_NB_FR_2025_v2_PRINT.pdf\" target=\"_blank\" rel=\"noreferrer noopener\">Visionner le manuel de la personne r\u00e9sidente du Nouveau-Brunswick<\/a><\/div>\n<\/div>\n\n\n\n<div style=\"height:40px\" aria-hidden=\"true\" class=\"wp-block-spacer\"><\/div>\n\n\n\n<p>Nous sommes l\u00e0 pour vous. Ce manuel contient des informations utiles sur votre maison, les services qui vous sont propos\u00e9s et ce que vous pouvez attendre de nous.<\/p>\n\n\n\n<p>Si vous avez des questions, n\u2019h\u00e9sitez pas \u00e0 communiquer avec votre gestionnaire de quartier.<\/p>\n<\/div>\n\n\n\n<div class=\"wp-block-column is-vertically-aligned-center is-layout-flow wp-block-column-is-layout-flow\" style=\"flex-basis:60%\"><div class=\"block__image-grid\">\n                    \n        <div class=\"\">\n            <img decoding=\"async\" srcset=\"https:\/\/shannex.com\/wp-content\/uploads\/2023\/01\/Cohen2.jpg 732w, https:\/\/shannex.com\/wp-content\/uploads\/2023\/01\/Cohen2-300x200.jpg 300w\"\n                src=\"https:\/\/shannex.com\/wp-content\/uploads\/2023\/01\/Cohen2.jpg\"\n                sizes=\"100vw\"\n                alt=\"\"\n                class=\"\" \n            >\n        <\/div>\n    \n                    \n        <div class=\"block__image-grid--half\">\n            <img decoding=\"async\" srcset=\"https:\/\/shannex.com\/wp-content\/uploads\/2023\/01\/Cohen1.jpg 732w, https:\/\/shannex.com\/wp-content\/uploads\/2023\/01\/Cohen1-300x200.jpg 300w\"\n                src=\"https:\/\/shannex.com\/wp-content\/uploads\/2023\/01\/Cohen1.jpg\"\n                sizes=\"100vw\"\n                alt=\"\"\n                class=\"\" \n            >\n        <\/div>\n    \n                    \n        <div class=\"block__image-grid--half\">\n            <img decoding=\"async\" srcset=\"https:\/\/shannex.com\/wp-content\/uploads\/2023\/01\/Cohen3.jpg 732w, https:\/\/shannex.com\/wp-content\/uploads\/2023\/01\/Cohen3-300x200.jpg 300w\"\n                src=\"https:\/\/shannex.com\/wp-content\/uploads\/2023\/01\/Cohen3.jpg\"\n                sizes=\"100vw\"\n                alt=\"\"\n                class=\"\" \n            >\n        <\/div>\n    \n    <\/div><\/div>\n<\/div>\n<\/div>\n\n\n\n<div style=\"height:30px\" aria-hidden=\"true\" class=\"wp-block-spacer\"><\/div>\n","protected":false},"excerpt":{"rendered":"<p>Nous sommes heureux de vous accueillir dans votre nouvelle maison. [&hellip;]<\/p>\n","protected":false},"author":4,"featured_media":0,"parent":0,"menu_order":0,"comment_status":"closed","ping_status":"closed","template":"","meta":{"_acf_changed":false,"inline_featured_image":false,"footnotes":""},"class_list":["post-13759","page","type-page","status-publish","hentry"],"acf":[],"yoast_head":"<!-- This site is optimized with the Yoast SEO plugin v27.2 - https:\/\/yoast.com\/product\/yoast-seo-wordpress\/ -->\n<title>Manuel de la personne r\u00e9sidente du N.-B. | Shannex Enhanced Care<\/title>\n<meta name=\"description\" content=\"Une copie en ligne du manuel de la personne r\u00e9sidente du Nouveau-Brunswick peut \u00eatre consult\u00e9e ici.\" \/>\n<meta name=\"robots\" content=\"index, follow, max-snippet:-1, max-image-preview:large, max-video-preview:-1\" \/>\n<link rel=\"canonical\" href=\"https:\/\/shannex.com\/fr\/new-brunswick-resident-handbook\/\" \/>\n<meta property=\"og:locale\" content=\"fr_FR\" \/>\n<meta property=\"og:type\" content=\"article\" \/>\n<meta property=\"og:title\" content=\"Manuel de la personne r\u00e9sidente du N.-B. | Shannex Enhanced Care\" \/>\n<meta property=\"og:description\" content=\"Une copie en ligne du manuel de la personne r\u00e9sidente du Nouveau-Brunswick peut \u00eatre consult\u00e9e ici.\" \/>\n<meta property=\"og:url\" content=\"https:\/\/shannex.com\/fr\/new-brunswick-resident-handbook\/\" \/>\n<meta property=\"og:site_name\" content=\"Shannex\" \/>\n<meta property=\"article:modified_time\" content=\"2025-03-24T18:41:29+00:00\" \/>\n<meta property=\"og:image\" content=\"https:\/\/shannex.com\/wp-content\/uploads\/2023\/04\/shannex-logo-blue.png\" \/>\n<meta name=\"twitter:card\" content=\"summary_large_image\" \/>\n<meta name=\"twitter:label1\" content=\"Dur\u00e9e de lecture estim\u00e9e\" \/>\n\t<meta name=\"twitter:data1\" content=\"1 minute\" \/>\n<script type=\"application\/ld+json\" class=\"yoast-schema-graph\">{\"@context\":\"https:\/\/schema.org\",\"@graph\":[{\"@type\":\"WebPage\",\"@id\":\"https:\/\/shannex.com\/fr\/new-brunswick-resident-handbook\/\",\"url\":\"https:\/\/shannex.com\/fr\/new-brunswick-resident-handbook\/\",\"name\":\"Manuel de la personne r\u00e9sidente du N.-B. | Shannex Enhanced Care\",\"isPartOf\":{\"@id\":\"https:\/\/shannex.com\/fr\/#website\"},\"primaryImageOfPage\":{\"@id\":\"https:\/\/shannex.com\/fr\/new-brunswick-resident-handbook\/#primaryimage\"},\"image\":{\"@id\":\"https:\/\/shannex.com\/fr\/new-brunswick-resident-handbook\/#primaryimage\"},\"thumbnailUrl\":\"https:\/\/shannex.com\/wp-content\/uploads\/2023\/04\/shannex-logo-blue.png\",\"datePublished\":\"2023-05-25T14:01:11+00:00\",\"dateModified\":\"2025-03-24T18:41:29+00:00\",\"description\":\"Une copie en ligne du manuel de la personne r\u00e9sidente du Nouveau-Brunswick peut \u00eatre consult\u00e9e ici.\",\"inLanguage\":\"fr-FR\",\"potentialAction\":[{\"@type\":\"ReadAction\",\"target\":[\"https:\/\/shannex.com\/fr\/new-brunswick-resident-handbook\/\"]}]},{\"@type\":\"ImageObject\",\"inLanguage\":\"fr-FR\",\"@id\":\"https:\/\/shannex.com\/fr\/new-brunswick-resident-handbook\/#primaryimage\",\"url\":\"https:\/\/shannex.com\/wp-content\/uploads\/2023\/04\/shannex-logo-blue.png\",\"contentUrl\":\"https:\/\/shannex.com\/wp-content\/uploads\/2023\/04\/shannex-logo-blue.png\"},{\"@type\":\"WebSite\",\"@id\":\"https:\/\/shannex.com\/fr\/#website\",\"url\":\"https:\/\/shannex.com\/fr\/\",\"name\":\"Shannex\",\"description\":\"\",\"publisher\":{\"@id\":\"https:\/\/shannex.com\/fr\/#organization\"},\"potentialAction\":[{\"@type\":\"SearchAction\",\"target\":{\"@type\":\"EntryPoint\",\"urlTemplate\":\"https:\/\/shannex.com\/fr\/?s={search_term_string}\"},\"query-input\":{\"@type\":\"PropertyValueSpecification\",\"valueRequired\":true,\"valueName\":\"search_term_string\"}}],\"inLanguage\":\"fr-FR\"},{\"@type\":\"Organization\",\"@id\":\"https:\/\/shannex.com\/fr\/#organization\",\"name\":\"Shannex\",\"url\":\"https:\/\/shannex.com\/fr\/\",\"logo\":{\"@type\":\"ImageObject\",\"inLanguage\":\"fr-FR\",\"@id\":\"https:\/\/shannex.com\/fr\/#\/schema\/logo\/image\/\",\"url\":\"https:\/\/shannex.com\/wp-content\/uploads\/2022\/01\/shannex-logo.svg\",\"contentUrl\":\"https:\/\/shannex.com\/wp-content\/uploads\/2022\/01\/shannex-logo.svg\",\"width\":486,\"height\":91,\"caption\":\"Shannex\"},\"image\":{\"@id\":\"https:\/\/shannex.com\/fr\/#\/schema\/logo\/image\/\"}}]}<\/script>\n<!-- \/ Yoast SEO plugin. -->","yoast_head_json":{"title":"Manuel de la personne r\u00e9sidente du N.-B. | Shannex Enhanced Care","description":"Une copie en ligne du manuel de la personne r\u00e9sidente du Nouveau-Brunswick peut \u00eatre consult\u00e9e ici.","robots":{"index":"index","follow":"follow","max-snippet":"max-snippet:-1","max-image-preview":"max-image-preview:large","max-video-preview":"max-video-preview:-1"},"canonical":"https:\/\/shannex.com\/fr\/new-brunswick-resident-handbook\/","og_locale":"fr_FR","og_type":"article","og_title":"Manuel de la personne r\u00e9sidente du N.-B. | Shannex Enhanced Care","og_description":"Une copie en ligne du manuel de la personne r\u00e9sidente du Nouveau-Brunswick peut \u00eatre consult\u00e9e ici.","og_url":"https:\/\/shannex.com\/fr\/new-brunswick-resident-handbook\/","og_site_name":"Shannex","article_modified_time":"2025-03-24T18:41:29+00:00","og_image":[{"url":"https:\/\/shannex.com\/wp-content\/uploads\/2023\/04\/shannex-logo-blue.png","type":"","width":"","height":""}],"twitter_card":"summary_large_image","twitter_misc":{"Dur\u00e9e de lecture estim\u00e9e":"1 minute"},"schema":{"@context":"https:\/\/schema.org","@graph":[{"@type":"WebPage","@id":"https:\/\/shannex.com\/fr\/new-brunswick-resident-handbook\/","url":"https:\/\/shannex.com\/fr\/new-brunswick-resident-handbook\/","name":"Manuel de la personne r\u00e9sidente du N.-B. | Shannex Enhanced Care","isPartOf":{"@id":"https:\/\/shannex.com\/fr\/#website"},"primaryImageOfPage":{"@id":"https:\/\/shannex.com\/fr\/new-brunswick-resident-handbook\/#primaryimage"},"image":{"@id":"https:\/\/shannex.com\/fr\/new-brunswick-resident-handbook\/#primaryimage"},"thumbnailUrl":"https:\/\/shannex.com\/wp-content\/uploads\/2023\/04\/shannex-logo-blue.png","datePublished":"2023-05-25T14:01:11+00:00","dateModified":"2025-03-24T18:41:29+00:00","description":"Une copie en ligne du manuel de la personne r\u00e9sidente du Nouveau-Brunswick peut \u00eatre consult\u00e9e ici.","inLanguage":"fr-FR","potentialAction":[{"@type":"ReadAction","target":["https:\/\/shannex.com\/fr\/new-brunswick-resident-handbook\/"]}]},{"@type":"ImageObject","inLanguage":"fr-FR","@id":"https:\/\/shannex.com\/fr\/new-brunswick-resident-handbook\/#primaryimage","url":"https:\/\/shannex.com\/wp-content\/uploads\/2023\/04\/shannex-logo-blue.png","contentUrl":"https:\/\/shannex.com\/wp-content\/uploads\/2023\/04\/shannex-logo-blue.png"},{"@type":"WebSite","@id":"https:\/\/shannex.com\/fr\/#website","url":"https:\/\/shannex.com\/fr\/","name":"Shannex","description":"","publisher":{"@id":"https:\/\/shannex.com\/fr\/#organization"},"potentialAction":[{"@type":"SearchAction","target":{"@type":"EntryPoint","urlTemplate":"https:\/\/shannex.com\/fr\/?s={search_term_string}"},"query-input":{"@type":"PropertyValueSpecification","valueRequired":true,"valueName":"search_term_string"}}],"inLanguage":"fr-FR"},{"@type":"Organization","@id":"https:\/\/shannex.com\/fr\/#organization","name":"Shannex","url":"https:\/\/shannex.com\/fr\/","logo":{"@type":"ImageObject","inLanguage":"fr-FR","@id":"https:\/\/shannex.com\/fr\/#\/schema\/logo\/image\/","url":"https:\/\/shannex.com\/wp-content\/uploads\/2022\/01\/shannex-logo.svg","contentUrl":"https:\/\/shannex.com\/wp-content\/uploads\/2022\/01\/shannex-logo.svg","width":486,"height":91,"caption":"Shannex"},"image":{"@id":"https:\/\/shannex.com\/fr\/#\/schema\/logo\/image\/"}}]}},"_links":{"self":[{"href":"https:\/\/shannex.com\/fr\/wp-json\/wp\/v2\/pages\/13759","targetHints":{"allow":["GET"]}}],"collection":[{"href":"https:\/\/shannex.com\/fr\/wp-json\/wp\/v2\/pages"}],"about":[{"href":"https:\/\/shannex.com\/fr\/wp-json\/wp\/v2\/types\/page"}],"author":[{"embeddable":true,"href":"https:\/\/shannex.com\/fr\/wp-json\/wp\/v2\/users\/4"}],"replies":[{"embeddable":true,"href":"https:\/\/shannex.com\/fr\/wp-json\/wp\/v2\/comments?post=13759"}],"version-history":[{"count":0,"href":"https:\/\/shannex.com\/fr\/wp-json\/wp\/v2\/pages\/13759\/revisions"}],"wp:attachment":[{"href":"https:\/\/shannex.com\/fr\/wp-json\/wp\/v2\/media?parent=13759"}],"curies":[{"name":"wp","href":"https:\/\/api.w.org\/{rel}","templated":true}]}}