{"id":14068,"date":"2023-04-03T14:18:12","date_gmt":"2023-04-03T18:18:12","guid":{"rendered":"https:\/\/shannex.com\/shannex-cares\/great-people-give\/"},"modified":"2024-12-17T11:30:16","modified_gmt":"2024-12-17T15:30:16","slug":"great-people-give","status":"publish","type":"page","link":"https:\/\/shannex.com\/fr\/shannex-cares\/great-people-give\/","title":{"rendered":"Dons du personnel exceptionnel"},"content":{"rendered":"\n<div class=\"banner__extended row\">\n    <div class=\"col-md-5 banner__extended__content has-background has-dark-blue-background-color\">\n        <div>\n        \n\n<h1 class=\"wp-block-heading\" id=\"community-support\">Shannex Cares &#8211; Dons du personnel exceptionnel<\/h1>\n\n\n\n<p>Chaque jour, notre personnel exceptionnel am\u00e9liore la vie des personnes \u00e2g\u00e9es. Gr\u00e2ce \u00e0 notre programme Shannex Cares, nous voulons aider \u00e0 \u00e9tendre notre soutien aux groupes communautaires qui,comme vous, sont des alli\u00e9s des a\u00een\u00e9s. Le fonds de <strong>Dons du personnel exceptionnel<\/strong> est destin\u00e9 \u00e0 soutenir des programmes et des initiatives qui cr\u00e9ent des opportunit\u00e9s visibles et significatives pour les personnes \u00e2g\u00e9es, afin qu\u2019elles soient vues, entendues et valoris\u00e9es pour leur sagesse et leurs talents.<\/p>\n\n        <\/div>\n    <\/div>\n    <div class=\"col-md-7 banner__extended__image\">\n            <img decoding=\"async\" width=\"2560\" height=\"1707\" src=\"https:\/\/shannex.com\/wp-content\/uploads\/2023\/04\/iStock_93867959_XXXLARGE-scaled.jpg\" class=\"banner-image\" alt=\"\" sizes=\"100vw\" srcset=\"https:\/\/shannex.com\/wp-content\/uploads\/2023\/04\/iStock_93867959_XXXLARGE-scaled.jpg 2560w, https:\/\/shannex.com\/wp-content\/uploads\/2023\/04\/iStock_93867959_XXXLARGE-300x200.jpg 300w, https:\/\/shannex.com\/wp-content\/uploads\/2023\/04\/iStock_93867959_XXXLARGE-1024x683.jpg 1024w, https:\/\/shannex.com\/wp-content\/uploads\/2023\/04\/iStock_93867959_XXXLARGE-768x512.jpg 768w, https:\/\/shannex.com\/wp-content\/uploads\/2023\/04\/iStock_93867959_XXXLARGE-1536x1024.jpg 1536w, https:\/\/shannex.com\/wp-content\/uploads\/2023\/04\/iStock_93867959_XXXLARGE-2048x1365.jpg 2048w\" \/>    <div class=\"banner__extended__overlay\">\n            <\/div>\n    <\/div>\n<\/div>\n\n\n<div id=\"elder-action\" class=\"wp-block-group has-light-grey-background-color has-background is-layout-flow wp-block-group-is-layout-flow\">\n<div class=\"wp-block-columns are-vertically-aligned-center is-layout-flex wp-container-core-columns-is-layout-28f84493 wp-block-columns-is-layout-flex\">\n<div class=\"wp-block-column is-vertically-aligned-center is-layout-flow wp-block-column-is-layout-flow\" style=\"flex-basis:33.33%\">\n<figure class=\"wp-block-image size-full\"><img decoding=\"async\" width=\"1024\" height=\"684\" src=\"https:\/\/shannex.com\/wp-content\/uploads\/2022\/03\/ElderAction.jpg\" alt=\"\" class=\"wp-image-2955\" srcset=\"https:\/\/shannex.com\/wp-content\/uploads\/2022\/03\/ElderAction.jpg 1024w, https:\/\/shannex.com\/wp-content\/uploads\/2022\/03\/ElderAction-300x200.jpg 300w, https:\/\/shannex.com\/wp-content\/uploads\/2022\/03\/ElderAction-768x513.jpg 768w\" sizes=\"(max-width: 1024px) 100vw, 1024px\" \/><\/figure>\n<\/div>\n\n\n\n<div class=\"wp-block-column is-vertically-aligned-center is-layout-flow wp-block-column-is-layout-flow\" style=\"flex-basis:60%\">\n<h2 class=\"wp-block-heading\">Am\u00e9liorer la vie des personnes \u00e2g\u00e9es<\/h2>\n\n\n\n<p>Les membres de l\u2019\u00e9quipe peuvent d\u00e9signer des groupes, des personnes ou des organisations qui sont consid\u00e9r\u00e9s comme de vrais \u00ab alli\u00e9s des a\u00een\u00e9s \u00bb dans nos communaut\u00e9s et qui recevront un don pouvant aller jusqu\u2019\u00e0 1 000 $. <\/p>\n\n\n\n<p>Ces nominations seront s\u00e9lectionn\u00e9es pour une liste de finalistes. Les membres de l\u2019\u00e9quipe voteront pour d\u00e9signer le b\u00e9n\u00e9ficiaire du don. Notre objectif est de remettre un don \u00e0 un b\u00e9n\u00e9ficiaire dans chaque province que nous desservons (Nouvelle-\u00c9cosse, Nouveau-Brunswick et Ontario) jusqu\u2019\u00e0 quatre fois par an.<\/p>\n<\/div>\n<\/div>\n<\/div>\n\n\n\n<div style=\"height:57px\" aria-hidden=\"true\" class=\"wp-block-spacer\"><\/div>\n\n\n\n<h2 class=\"wp-block-heading has-text-align-center\">Meet the Great People Give Recipients<\/h2>\n\n\n\n<div style=\"height:20px\" aria-hidden=\"true\" class=\"wp-block-spacer\"><\/div>\n\n\n\n<div class=\"wp-block-columns is-layout-flex wp-container-core-columns-is-layout-28f84493 wp-block-columns-is-layout-flex\">\n<div class=\"wp-block-column is-layout-flow wp-block-column-is-layout-flow\" style=\"flex-basis:25%\"><\/div>\n\n\n\n<div class=\"wp-block-column is-layout-flow wp-block-column-is-layout-flow\" style=\"flex-basis:100%\">\n<p>\u00c0 l\u2019automne 2024, nous avons soutenu trois organisations\u00a0:<\/p>\n\n\n\n<ul class=\"wp-block-list\">\n<li><strong>Nouvelle-\u00c9cosse<\/strong> <strong>:\u00a0<\/strong><a href=\"https:\/\/cctscumberland.ruralrides.ca\/\">Cumberland County Transportation Services<\/a><\/li>\n\n\n\n<li><strong>Nouveau-Brunswick<\/strong> <strong>:\u00a0<\/strong><a href=\"https:\/\/www.northendfoodbanksj.com\/\">North End Food Bank<\/a><\/li>\n\n\n\n<li><strong>Ontario :\u00a0<\/strong><a href=\"https:\/\/www.erinoakkids.ca\/\">ErinoakKids Centre for Treatment and Development<\/a><\/li>\n<\/ul>\n<\/div>\n\n\n\n<div class=\"wp-block-column is-layout-flow wp-block-column-is-layout-flow\" style=\"flex-basis:25%\"><\/div>\n<\/div>\n\n\n\n<div style=\"height:57px\" aria-hidden=\"true\" class=\"wp-block-spacer\"><\/div>\n\n\n\n<div id=\"elder-action\" class=\"wp-block-group has-light-grey-background-color has-background is-layout-flow wp-block-group-is-layout-flow\">\n<div class=\"wp-block-columns is-layout-flex wp-container-core-columns-is-layout-28f84493 wp-block-columns-is-layout-flex\">\n<div class=\"wp-block-column is-layout-flow wp-block-column-is-layout-flow\">\n<div style=\"height:57px\" aria-hidden=\"true\" class=\"wp-block-spacer\"><\/div>\n\n\n\n<div class=\"wp-block-columns is-layout-flex wp-container-core-columns-is-layout-28f84493 wp-block-columns-is-layout-flex\">\n<div class=\"wp-block-column is-layout-flow wp-block-column-is-layout-flow\" style=\"flex-basis:40%\">\n<figure class=\"wp-block-image size-full\"><img decoding=\"async\" width=\"667\" height=\"625\" src=\"https:\/\/shannex.com\/wp-content\/uploads\/2024\/11\/ShannexCares-edited-768x768-1-e1732809908888.jpeg\" alt=\"\" class=\"wp-image-25764\" srcset=\"https:\/\/shannex.com\/wp-content\/uploads\/2024\/11\/ShannexCares-edited-768x768-1-e1732809908888.jpeg 667w, https:\/\/shannex.com\/wp-content\/uploads\/2024\/11\/ShannexCares-edited-768x768-1-e1732809908888-300x281.jpeg 300w\" sizes=\"(max-width: 667px) 100vw, 667px\" \/><figcaption class=\"wp-element-caption\"><strong><em>De gauche \u00e0 droite\u00a0:<\/em><\/strong> <em>Rick Gallant, Salisbury Helping Hands volunteer; Colleen Gagnon,<\/em> <em>Health Services Manager, Monarch Hall; Jennifer<\/em> <em>Woodhouse, Recreation Director,<\/em> <em>Monarch Hall; and Laurie Stewart, President,<\/em> <em>Salisbury Helping Hands Inc<\/em>.<\/figcaption><\/figure>\n<\/div>\n\n\n\n<div class=\"wp-block-column is-layout-flow wp-block-column-is-layout-flow\">\n<h2 class=\"wp-block-heading has-text-align-left\">B\u00e9n\u00e9ficiaires des dons 2024 :<\/h2>\n\n\n\n<div style=\"height:10px\" aria-hidden=\"true\" class=\"wp-block-spacer\"><\/div>\n\n\n\n<ul class=\"wp-block-list\">\n<li><strong><strong>Nouvelle-\u00c9cosse<\/strong><\/strong> <strong>:<\/strong> <a href=\"https:\/\/cehhospice.org\/\">Colchester East Hants Hospice Society<\/a><\/li>\n\n\n\n<li><strong><strong>Nouveau-Brunswick<\/strong><\/strong> <strong>:<\/strong> <a href=\"https:\/\/www.facebook.com\/salisburyhelpinghandsinc\/\">Salisbury Helping Hands<\/a><\/li>\n\n\n\n<li><strong>Ontario :<\/strong> <a href=\"https:\/\/www.ajaxseniorsclub.ca\/\">Ajax Seniors Club<\/a><\/li>\n<\/ul>\n<\/div>\n<\/div>\n<\/div>\n<\/div>\n<\/div>\n\n\n\n<div style=\"height:100px\" aria-hidden=\"true\" class=\"wp-block-spacer\"><\/div>\n\n\n\n<div id=\"elder-action\" class=\"wp-block-group has-white-background-color has-background is-layout-flow wp-block-group-is-layout-flow\">\n<div class=\"wp-block-columns is-layout-flex wp-container-core-columns-is-layout-28f84493 wp-block-columns-is-layout-flex\">\n<div class=\"wp-block-column is-layout-flow wp-block-column-is-layout-flow\">\n<div class=\"wp-block-group has-white-background-color has-background is-layout-flow wp-block-group-is-layout-flow\">\n<div class=\"wp-block-columns is-layout-flex wp-container-core-columns-is-layout-28f84493 wp-block-columns-is-layout-flex\">\n<div class=\"wp-block-column is-layout-flow wp-block-column-is-layout-flow\">\n<h2 class=\"wp-block-heading has-text-align-left\">B\u00e9n\u00e9ficiaires des dons 2023 :<\/h2>\n\n\n\n<div style=\"height:10px\" aria-hidden=\"true\" class=\"wp-block-spacer\"><\/div>\n\n\n\n<ul class=\"wp-block-list\">\n<li><a href=\"https:\/\/www.facebook.com\/SAMoncton?fref=ts\">The Salvation Army Moncton Community &amp; Family Services<\/a>&nbsp;<\/li>\n\n\n\n<li><strong><a href=\"https:\/\/hospicemississauga.ca\/\" target=\"_blank\" rel=\"noreferrer noopener\">Hospice Mississauga<\/a><\/strong><\/li>\n\n\n\n<li><a href=\"https:\/\/www.facebook.com\/pages\/Reserve%20Mines%20Seniors%20&amp;%20Pensioners%20Club\/610547412429358\" target=\"_blank\" rel=\"noreferrer noopener\">The Reserve Mines Seniors and Pensioners Club<\/a><\/li>\n\n\n\n<li><strong><a href=\"https:\/\/mat-bus.com\">Miramichi Accessible Transit<\/a><\/strong><\/li>\n\n\n\n<li><a href=\"https:\/\/www.shelternovascotia.com\/\">Shelter Nova Scotia<\/a><\/li>\n\n\n\n<li><a href=\"https:\/\/dlhospice.org\/\">Dorothy Ley Hospice<\/a><\/li>\n<\/ul>\n<\/div>\n\n\n\n<div class=\"wp-block-column is-layout-flow wp-block-column-is-layout-flow\" style=\"flex-basis:40%\">\n<figure class=\"wp-block-image size-large\"><img decoding=\"async\" width=\"2510\" height=\"1652\" src=\"https:\/\/shannex.com\/wp-content\/uploads\/2023\/04\/ShelterNS-4-scaled-e1732806936992.jpg\" alt=\"\" class=\"wp-image-12797\" srcset=\"https:\/\/shannex.com\/wp-content\/uploads\/2023\/04\/ShelterNS-4-scaled-e1732806936992.jpg 2510w, https:\/\/shannex.com\/wp-content\/uploads\/2023\/04\/ShelterNS-4-scaled-e1732806936992-300x197.jpg 300w, https:\/\/shannex.com\/wp-content\/uploads\/2023\/04\/ShelterNS-4-scaled-e1732806936992-1024x674.jpg 1024w, https:\/\/shannex.com\/wp-content\/uploads\/2023\/04\/ShelterNS-4-scaled-e1732806936992-768x505.jpg 768w, https:\/\/shannex.com\/wp-content\/uploads\/2023\/04\/ShelterNS-4-scaled-e1732806936992-1536x1011.jpg 1536w, https:\/\/shannex.com\/wp-content\/uploads\/2023\/04\/ShelterNS-4-scaled-e1732806936992-2048x1348.jpg 2048w\" sizes=\"(max-width: 2510px) 100vw, 2510px\" \/><figcaption class=\"wp-element-caption\"><strong><strong><em>De gauche \u00e0 droite\u00a0:<\/em><\/strong><\/strong> <em>Kylie Harris (Shelter NS), Melissa D&#8217;arcy (Parkstone CCA), Gavin Slade (Parkstone Site Manager) and Dana Power (Shannex Vice President Operations, Nova Scotia Enhanced Care)<\/em><\/figcaption><\/figure>\n<\/div>\n<\/div>\n<\/div>\n<\/div>\n<\/div>\n<\/div>\n\n\n\n<div class=\"banner__extended row\">\n    <div class=\"col-md-5 banner__extended__content has-background has-dark-blue-background-color\">\n        <div>\n        \n\n<h2 class=\"wp-block-heading\" id=\"make-a-difference\">\u00cates-vous un alli\u00e9 ou une alli\u00e9e des personnes \u00e2g\u00e9es?<\/h2>\n\n\n\n<p>Joignez-vous \u00e0 nous pour continuer \u00e0 am\u00e9liorer la vie des personnes \u00e2g\u00e9es dans nos communaut\u00e9s.<\/p>\n\n        <\/div>\n    <\/div>\n    <div class=\"col-md-7 banner__extended__image\">\n            <img decoding=\"async\" width=\"954\" height=\"636\" src=\"https:\/\/shannex.com\/wp-content\/uploads\/2022\/03\/Career_CTA3.jpg\" class=\"banner-image\" alt=\"Nurse\" sizes=\"100vw\" srcset=\"https:\/\/shannex.com\/wp-content\/uploads\/2022\/03\/Career_CTA3.jpg 954w, https:\/\/shannex.com\/wp-content\/uploads\/2022\/03\/Career_CTA3-300x200.jpg 300w, https:\/\/shannex.com\/wp-content\/uploads\/2022\/03\/Career_CTA3-768x512.jpg 768w\" \/>    <div class=\"banner__extended__overlay\">\n            <\/div>\n    <\/div>\n<\/div>","protected":false},"excerpt":{"rendered":"<p>Am\u00e9liorer la vie des personnes \u00e2g\u00e9es Les membres de l\u2019\u00e9quipe [&hellip;]<\/p>\n","protected":false},"author":3,"featured_media":12800,"parent":10165,"menu_order":0,"comment_status":"closed","ping_status":"closed","template":"","meta":{"_acf_changed":false,"inline_featured_image":false,"footnotes":""},"class_list":["post-14068","page","type-page","status-publish","has-post-thumbnail","hentry"],"acf":[],"yoast_head":"<!-- This site is optimized with the Yoast SEO plugin v27.3 - https:\/\/yoast.com\/product\/yoast-seo-wordpress\/ -->\n<title>Dons du personnel exceptionnel<\/title>\n<meta name=\"robots\" content=\"index, follow, max-snippet:-1, max-image-preview:large, max-video-preview:-1\" \/>\n<link rel=\"canonical\" href=\"https:\/\/shannex.com\/fr\/shannex-cares\/great-people-give\/\" \/>\n<meta property=\"og:locale\" content=\"fr_FR\" \/>\n<meta property=\"og:type\" content=\"article\" \/>\n<meta property=\"og:title\" content=\"Dons du personnel exceptionnel\" \/>\n<meta property=\"og:description\" content=\"Am\u00e9liorer la vie des personnes \u00e2g\u00e9es Les membres de l\u2019\u00e9quipe [&hellip;]\" \/>\n<meta property=\"og:url\" content=\"https:\/\/shannex.com\/fr\/shannex-cares\/great-people-give\/\" \/>\n<meta property=\"og:site_name\" content=\"Shannex\" \/>\n<meta property=\"article:modified_time\" content=\"2024-12-17T15:30:16+00:00\" \/>\n<meta property=\"og:image\" content=\"https:\/\/shannex.com\/wp-content\/uploads\/2023\/04\/20221216120943_IMG_8052-2-scaled.jpg\" \/>\n\t<meta property=\"og:image:width\" content=\"2560\" \/>\n\t<meta property=\"og:image:height\" content=\"1707\" \/>\n\t<meta property=\"og:image:type\" content=\"image\/jpeg\" \/>\n<meta name=\"twitter:card\" content=\"summary_large_image\" \/>\n<meta name=\"twitter:label1\" content=\"Dur\u00e9e de lecture estim\u00e9e\" \/>\n\t<meta name=\"twitter:data1\" content=\"3 minutes\" \/>\n<script type=\"application\/ld+json\" class=\"yoast-schema-graph\">{\"@context\":\"https:\\\/\\\/schema.org\",\"@graph\":[{\"@type\":\"WebPage\",\"@id\":\"https:\\\/\\\/shannex.com\\\/fr\\\/shannex-cares\\\/great-people-give\\\/\",\"url\":\"https:\\\/\\\/shannex.com\\\/fr\\\/shannex-cares\\\/great-people-give\\\/\",\"name\":\"Dons du personnel exceptionnel\",\"isPartOf\":{\"@id\":\"https:\\\/\\\/shannex.com\\\/fr\\\/#website\"},\"primaryImageOfPage\":{\"@id\":\"https:\\\/\\\/shannex.com\\\/fr\\\/shannex-cares\\\/great-people-give\\\/#primaryimage\"},\"image\":{\"@id\":\"https:\\\/\\\/shannex.com\\\/fr\\\/shannex-cares\\\/great-people-give\\\/#primaryimage\"},\"thumbnailUrl\":\"https:\\\/\\\/shannex.com\\\/wp-content\\\/uploads\\\/2023\\\/04\\\/20221216120943_IMG_8052-2-scaled.jpg\",\"datePublished\":\"2023-04-03T18:18:12+00:00\",\"dateModified\":\"2024-12-17T15:30:16+00:00\",\"breadcrumb\":{\"@id\":\"https:\\\/\\\/shannex.com\\\/fr\\\/shannex-cares\\\/great-people-give\\\/#breadcrumb\"},\"inLanguage\":\"fr-FR\",\"potentialAction\":[{\"@type\":\"ReadAction\",\"target\":[\"https:\\\/\\\/shannex.com\\\/fr\\\/shannex-cares\\\/great-people-give\\\/\"]}]},{\"@type\":\"ImageObject\",\"inLanguage\":\"fr-FR\",\"@id\":\"https:\\\/\\\/shannex.com\\\/fr\\\/shannex-cares\\\/great-people-give\\\/#primaryimage\",\"url\":\"https:\\\/\\\/shannex.com\\\/wp-content\\\/uploads\\\/2023\\\/04\\\/20221216120943_IMG_8052-2-scaled.jpg\",\"contentUrl\":\"https:\\\/\\\/shannex.com\\\/wp-content\\\/uploads\\\/2023\\\/04\\\/20221216120943_IMG_8052-2-scaled.jpg\",\"width\":2560,\"height\":1707},{\"@type\":\"BreadcrumbList\",\"@id\":\"https:\\\/\\\/shannex.com\\\/fr\\\/shannex-cares\\\/great-people-give\\\/#breadcrumb\",\"itemListElement\":[{\"@type\":\"ListItem\",\"position\":1,\"name\":\"Shannex Cares\",\"item\":\"https:\\\/\\\/shannex.com\\\/fr\\\/shannex-cares\\\/\"},{\"@type\":\"ListItem\",\"position\":2,\"name\":\"Dons du personnel exceptionnel\"}]},{\"@type\":\"WebSite\",\"@id\":\"https:\\\/\\\/shannex.com\\\/fr\\\/#website\",\"url\":\"https:\\\/\\\/shannex.com\\\/fr\\\/\",\"name\":\"Shannex\",\"description\":\"\",\"publisher\":{\"@id\":\"https:\\\/\\\/shannex.com\\\/fr\\\/#organization\"},\"potentialAction\":[{\"@type\":\"SearchAction\",\"target\":{\"@type\":\"EntryPoint\",\"urlTemplate\":\"https:\\\/\\\/shannex.com\\\/fr\\\/?s={search_term_string}\"},\"query-input\":{\"@type\":\"PropertyValueSpecification\",\"valueRequired\":true,\"valueName\":\"search_term_string\"}}],\"inLanguage\":\"fr-FR\"},{\"@type\":\"Organization\",\"@id\":\"https:\\\/\\\/shannex.com\\\/fr\\\/#organization\",\"name\":\"Shannex\",\"url\":\"https:\\\/\\\/shannex.com\\\/fr\\\/\",\"logo\":{\"@type\":\"ImageObject\",\"inLanguage\":\"fr-FR\",\"@id\":\"https:\\\/\\\/shannex.com\\\/fr\\\/#\\\/schema\\\/logo\\\/image\\\/\",\"url\":\"https:\\\/\\\/shannex.com\\\/wp-content\\\/uploads\\\/2022\\\/01\\\/shannex-logo.svg\",\"contentUrl\":\"https:\\\/\\\/shannex.com\\\/wp-content\\\/uploads\\\/2022\\\/01\\\/shannex-logo.svg\",\"width\":486,\"height\":91,\"caption\":\"Shannex\"},\"image\":{\"@id\":\"https:\\\/\\\/shannex.com\\\/fr\\\/#\\\/schema\\\/logo\\\/image\\\/\"}}]}<\/script>\n<!-- \/ Yoast SEO plugin. -->","yoast_head_json":{"title":"Dons du personnel exceptionnel","robots":{"index":"index","follow":"follow","max-snippet":"max-snippet:-1","max-image-preview":"max-image-preview:large","max-video-preview":"max-video-preview:-1"},"canonical":"https:\/\/shannex.com\/fr\/shannex-cares\/great-people-give\/","og_locale":"fr_FR","og_type":"article","og_title":"Dons du personnel exceptionnel","og_description":"Am\u00e9liorer la vie des personnes \u00e2g\u00e9es Les membres de l\u2019\u00e9quipe [&hellip;]","og_url":"https:\/\/shannex.com\/fr\/shannex-cares\/great-people-give\/","og_site_name":"Shannex","article_modified_time":"2024-12-17T15:30:16+00:00","og_image":[{"width":2560,"height":1707,"url":"https:\/\/shannex.com\/wp-content\/uploads\/2023\/04\/20221216120943_IMG_8052-2-scaled.jpg","type":"image\/jpeg"}],"twitter_card":"summary_large_image","twitter_misc":{"Dur\u00e9e de lecture estim\u00e9e":"3 minutes"},"schema":{"@context":"https:\/\/schema.org","@graph":[{"@type":"WebPage","@id":"https:\/\/shannex.com\/fr\/shannex-cares\/great-people-give\/","url":"https:\/\/shannex.com\/fr\/shannex-cares\/great-people-give\/","name":"Dons du personnel exceptionnel","isPartOf":{"@id":"https:\/\/shannex.com\/fr\/#website"},"primaryImageOfPage":{"@id":"https:\/\/shannex.com\/fr\/shannex-cares\/great-people-give\/#primaryimage"},"image":{"@id":"https:\/\/shannex.com\/fr\/shannex-cares\/great-people-give\/#primaryimage"},"thumbnailUrl":"https:\/\/shannex.com\/wp-content\/uploads\/2023\/04\/20221216120943_IMG_8052-2-scaled.jpg","datePublished":"2023-04-03T18:18:12+00:00","dateModified":"2024-12-17T15:30:16+00:00","breadcrumb":{"@id":"https:\/\/shannex.com\/fr\/shannex-cares\/great-people-give\/#breadcrumb"},"inLanguage":"fr-FR","potentialAction":[{"@type":"ReadAction","target":["https:\/\/shannex.com\/fr\/shannex-cares\/great-people-give\/"]}]},{"@type":"ImageObject","inLanguage":"fr-FR","@id":"https:\/\/shannex.com\/fr\/shannex-cares\/great-people-give\/#primaryimage","url":"https:\/\/shannex.com\/wp-content\/uploads\/2023\/04\/20221216120943_IMG_8052-2-scaled.jpg","contentUrl":"https:\/\/shannex.com\/wp-content\/uploads\/2023\/04\/20221216120943_IMG_8052-2-scaled.jpg","width":2560,"height":1707},{"@type":"BreadcrumbList","@id":"https:\/\/shannex.com\/fr\/shannex-cares\/great-people-give\/#breadcrumb","itemListElement":[{"@type":"ListItem","position":1,"name":"Shannex Cares","item":"https:\/\/shannex.com\/fr\/shannex-cares\/"},{"@type":"ListItem","position":2,"name":"Dons du personnel exceptionnel"}]},{"@type":"WebSite","@id":"https:\/\/shannex.com\/fr\/#website","url":"https:\/\/shannex.com\/fr\/","name":"Shannex","description":"","publisher":{"@id":"https:\/\/shannex.com\/fr\/#organization"},"potentialAction":[{"@type":"SearchAction","target":{"@type":"EntryPoint","urlTemplate":"https:\/\/shannex.com\/fr\/?s={search_term_string}"},"query-input":{"@type":"PropertyValueSpecification","valueRequired":true,"valueName":"search_term_string"}}],"inLanguage":"fr-FR"},{"@type":"Organization","@id":"https:\/\/shannex.com\/fr\/#organization","name":"Shannex","url":"https:\/\/shannex.com\/fr\/","logo":{"@type":"ImageObject","inLanguage":"fr-FR","@id":"https:\/\/shannex.com\/fr\/#\/schema\/logo\/image\/","url":"https:\/\/shannex.com\/wp-content\/uploads\/2022\/01\/shannex-logo.svg","contentUrl":"https:\/\/shannex.com\/wp-content\/uploads\/2022\/01\/shannex-logo.svg","width":486,"height":91,"caption":"Shannex"},"image":{"@id":"https:\/\/shannex.com\/fr\/#\/schema\/logo\/image\/"}}]}},"_links":{"self":[{"href":"https:\/\/shannex.com\/fr\/wp-json\/wp\/v2\/pages\/14068","targetHints":{"allow":["GET"]}}],"collection":[{"href":"https:\/\/shannex.com\/fr\/wp-json\/wp\/v2\/pages"}],"about":[{"href":"https:\/\/shannex.com\/fr\/wp-json\/wp\/v2\/types\/page"}],"author":[{"embeddable":true,"href":"https:\/\/shannex.com\/fr\/wp-json\/wp\/v2\/users\/3"}],"replies":[{"embeddable":true,"href":"https:\/\/shannex.com\/fr\/wp-json\/wp\/v2\/comments?post=14068"}],"version-history":[{"count":0,"href":"https:\/\/shannex.com\/fr\/wp-json\/wp\/v2\/pages\/14068\/revisions"}],"up":[{"embeddable":true,"href":"https:\/\/shannex.com\/fr\/wp-json\/wp\/v2\/pages\/10165"}],"wp:featuredmedia":[{"embeddable":true,"href":"https:\/\/shannex.com\/fr\/wp-json\/wp\/v2\/media\/12800"}],"wp:attachment":[{"href":"https:\/\/shannex.com\/fr\/wp-json\/wp\/v2\/media?parent=14068"}],"curies":[{"name":"wp","href":"https:\/\/api.w.org\/{rel}","templated":true}]}}