{"id":14078,"date":"2023-04-03T14:26:18","date_gmt":"2023-04-03T18:26:18","guid":{"rendered":"https:\/\/shannex.com\/shannex-cares\/community-spirit-grant\/"},"modified":"2026-03-02T08:06:53","modified_gmt":"2026-03-02T12:06:53","slug":"community-spirit-grant","status":"publish","type":"page","link":"https:\/\/shannex.com\/fr\/shannex-cares\/community-spirit-grant\/","title":{"rendered":"Subventions d\u2019esprit communautaire"},"content":{"rendered":"\n<div class=\"banner__extended row\">\n    <div class=\"col-md-5 banner__extended__content has-background has-dark-blue-background-color\">\n        <div>\n        \n\n<h1 class=\"wp-block-heading\" id=\"community-support\">Shannex Cares &#8211; Subventions d\u2019esprit communautaire<\/h1>\n\n\n\n<p>Notre <a href=\"https:\/\/shannex.com\/fr\/shannex-cares\/\">programme communautaire Shannex Cares<\/a> nous permet de faire un changement et une diff\u00e9rence r\u00e9els dans la vie de toutes les personnes \u00e2g\u00e9es. Nous y parvenons notamment gr\u00e2ce \u00e0 nos Subventions d\u2019esprit communautaire, qui permettent aux organisations de financer des projets et des initiatives dans nos domaines d\u2019intervention, \u00e0 savoir le mieux-\u00eatre des personnes \u00e2g\u00e9es, la vie active des personnes \u00e2g\u00e9es et les liens sociaux entre les personnes \u00e2g\u00e9es.<\/p>\n\n        <\/div>\n    <\/div>\n    <div class=\"col-md-7 banner__extended__image\">\n            <img decoding=\"async\" width=\"2560\" height=\"1707\" src=\"https:\/\/shannex.com\/wp-content\/uploads\/2023\/04\/GettyImages-622300588_super-scaled.jpg\" class=\"banner-image\" alt=\"\" sizes=\"100vw\" srcset=\"https:\/\/shannex.com\/wp-content\/uploads\/2023\/04\/GettyImages-622300588_super-scaled.jpg 2560w, https:\/\/shannex.com\/wp-content\/uploads\/2023\/04\/GettyImages-622300588_super-300x200.jpg 300w, https:\/\/shannex.com\/wp-content\/uploads\/2023\/04\/GettyImages-622300588_super-1024x683.jpg 1024w, https:\/\/shannex.com\/wp-content\/uploads\/2023\/04\/GettyImages-622300588_super-768x512.jpg 768w, https:\/\/shannex.com\/wp-content\/uploads\/2023\/04\/GettyImages-622300588_super-1536x1024.jpg 1536w, https:\/\/shannex.com\/wp-content\/uploads\/2023\/04\/GettyImages-622300588_super-2048x1365.jpg 2048w\" \/>    <div class=\"banner__extended__overlay\">\n            <\/div>\n    <\/div>\n<\/div>\n\n\n<div id=\"elder-action\" class=\"wp-block-group has-light-grey-background-color has-background is-layout-flow wp-block-group-is-layout-flow\">\n<div class=\"wp-block-columns is-layout-flex wp-container-core-columns-is-layout-28f84493 wp-block-columns-is-layout-flex\">\n<div class=\"wp-block-column is-layout-flow wp-block-column-is-layout-flow\">\n<figure class=\"wp-block-image size-large\"><img decoding=\"async\" width=\"1024\" height=\"683\" src=\"https:\/\/shannex.com\/wp-content\/uploads\/2023\/04\/iStock-466728444-1024x683.jpg\" alt=\"\" class=\"wp-image-12876\" srcset=\"https:\/\/shannex.com\/wp-content\/uploads\/2023\/04\/iStock-466728444-1024x683.jpg 1024w, https:\/\/shannex.com\/wp-content\/uploads\/2023\/04\/iStock-466728444-300x200.jpg 300w, https:\/\/shannex.com\/wp-content\/uploads\/2023\/04\/iStock-466728444-768x512.jpg 768w, https:\/\/shannex.com\/wp-content\/uploads\/2023\/04\/iStock-466728444-1536x1024.jpg 1536w, https:\/\/shannex.com\/wp-content\/uploads\/2023\/04\/iStock-466728444-2048x1365.jpg 2048w\" sizes=\"(max-width: 1024px) 100vw, 1024px\" \/><\/figure>\n<\/div>\n\n\n\n<div class=\"wp-block-column is-layout-flow wp-block-column-is-layout-flow\">\n<h2 class=\"wp-block-heading\"><strong>Qui peut soumettre une demande?<\/strong><\/h2>\n\n\n\n<p>Deux fois par an, nous accordons des subventions \u00e0 l\u2019esprit communautaire d\u2019un montant maximal de 2 500 $ par initiative \u00e0 des personnes ou \u00e0 des organisations qui accomplissent un travail remarquable pour soutenir les personnes \u00e2g\u00e9es de notre communaut\u00e9 dans les domaines du <strong>bien-\u00eatre des personnes \u00e2g\u00e9es<\/strong>, de la <strong>vie active des personnes \u00e2g\u00e9es<\/strong> et des <strong>liens sociaux des personnes \u00e2g\u00e9es.<\/strong> <\/p>\n\n\n\n<p>Vous devez r\u00e9pondre \u00e0 l\u2019un des crit\u00e8res suivants pour postuler :<\/p>\n\n\n\n<ul class=\"wp-block-list\">\n<li>\u00catre un membre du personnel de Shannex, de Parkland ou du Faubourg du Mascaret; ou<\/li>\n\n\n\n<li>\u00catre une organisation communautaire \u00e0 but non lucratif, un organisme de bienfaisance enregistr\u00e9 ou une association enregistr\u00e9e.<\/li>\n\n\n\n<li>Les candidatures doivent provenir de r\u00e9gions o\u00f9 Shannex exerce ses activit\u00e9s au Nouveau-Brunswick, en Nouvelle-\u00c9cosse ou en Ontario.<\/li>\n<\/ul>\n\n\n\n<p>Merci de votre int\u00e9r\u00eat pour la subvention \u00ab&nbsp;Esprit communautaire&nbsp;\u00bb. Les candidatures sont actuellement ferm\u00e9es, mais veuillez consulter cette page ult\u00e9rieurement pour les mises \u00e0 jour.<\/p>\n\n\n\n<p><\/p>\n\n\n<p>Ce formulaire n&#8217;est actuellement plus disponible pour les soumissions.<\/p><\/div>\n<\/div>\n<\/div>\n\n\n\n<div style=\"height:100px\" aria-hidden=\"true\" class=\"wp-block-spacer\"><\/div>\n\n\n\n<div id=\"great-people-care\" class=\"wp-block-group has-white-background-color has-background is-layout-flow wp-block-group-is-layout-flow\">\n<div class=\"wp-block-columns is-layout-flex wp-container-core-columns-is-layout-28f84493 wp-block-columns-is-layout-flex\">\n<div class=\"wp-block-column is-layout-flow wp-block-column-is-layout-flow\">\n<h2 class=\"wp-block-heading\">Voici quelques exemples de projets :<\/h2>\n\n\n\n<ul class=\"wp-block-list\">\n<li>Cr\u00e9ation ou renforcement d\u2019un r\u00e9seau ou d\u2019une association au service des personnes \u00e2g\u00e9es au sein de leur communaut\u00e9, \u00e0 l\u2019appui de nos domaines d\u2019intervention.<\/li>\n\n\n\n<li>D\u00e9veloppement et am\u00e9lioration du bien-\u00eatre, de la vie active ou des liens sociaux des personnes \u00e2g\u00e9es.<\/li>\n\n\n\n<li>Cr\u00e9ation des opportunit\u00e9s d\u2019apprentissage, d\u2019\u00e9tablissement de relations, de renforcement des liens sociaux entre les g\u00e9n\u00e9rations (interg\u00e9n\u00e9rationnel).<\/li>\n\n\n\n<li>Prestation de services communautaires qui favorisent l\u2019ind\u00e9pendance des personnes \u00e2g\u00e9es.<\/li>\n\n\n\n<li>Organisation et promotion des conf\u00e9rences ou des forums d\u2019apprentissage, notamment ceux qui impliquent les personnes r\u00e9sidentes.<\/li>\n\n\n\n<li>D\u00e9veloppement de la recherche, des connaissances, des outils et des ressources documentaires.<\/li>\n\n\n\n<li>Sensibilisation \u00e0 l\u2019abus des personnes \u00e2g\u00e9es, y compris l\u2019exploitation financi\u00e8re.<\/li>\n\n\n\n<li>Formation de b\u00e9n\u00e9voles adultes \u00e2g\u00e9s en mentors de soutien afin d\u2019aider leurs pairs \u00e0 faire face \u00e0 des probl\u00e8mes tels que la solitude, le deuil et les changements li\u00e9s \u00e0 l\u2019\u00e2ge.<\/li>\n<\/ul>\n<\/div>\n\n\n\n<div class=\"wp-block-column is-layout-flow wp-block-column-is-layout-flow\">\n<figure class=\"wp-block-image size-large\"><img decoding=\"async\" width=\"1024\" height=\"683\" src=\"https:\/\/shannex.com\/wp-content\/uploads\/2023\/04\/client_group3-1024x683.jpg\" alt=\"\" class=\"wp-image-12880\" srcset=\"https:\/\/shannex.com\/wp-content\/uploads\/2023\/04\/client_group3-1024x683.jpg 1024w, https:\/\/shannex.com\/wp-content\/uploads\/2023\/04\/client_group3-300x200.jpg 300w, https:\/\/shannex.com\/wp-content\/uploads\/2023\/04\/client_group3-768x512.jpg 768w, https:\/\/shannex.com\/wp-content\/uploads\/2023\/04\/client_group3-1536x1025.jpg 1536w, https:\/\/shannex.com\/wp-content\/uploads\/2023\/04\/client_group3-2048x1367.jpg 2048w\" sizes=\"(max-width: 1024px) 100vw, 1024px\" \/><\/figure>\n<\/div>\n<\/div>\n<\/div>\n\n\n\n<div id=\"great-people-care\" class=\"wp-block-group has-white-background-color has-background is-layout-flow wp-block-group-is-layout-flow\">\n<div class=\"wp-block-group alignfull has-light-grey-background-color has-background is-layout-flow wp-block-group-is-layout-flow\" id=\"elder-action\">\n<div class=\"wp-block-columns is-layout-flex wp-container-core-columns-is-layout-28f84493 wp-block-columns-is-layout-flex\">\n<div class=\"wp-block-column is-layout-flow wp-block-column-is-layout-flow\">\n<div style=\"height:57px\" aria-hidden=\"true\" class=\"wp-block-spacer\"><\/div>\n\n\n\n<div class=\"wp-block-columns is-layout-flex wp-container-core-columns-is-layout-28f84493 wp-block-columns-is-layout-flex\">\n<div class=\"wp-block-column is-layout-flow wp-block-column-is-layout-flow\">\n<figure class=\"wp-block-image size-large\"><img decoding=\"async\" width=\"1024\" height=\"683\" src=\"https:\/\/shannex.com\/wp-content\/uploads\/2024\/11\/2021-07-highres-deancas_DTC0134-copy-1024x683.jpg\" alt=\"\" class=\"wp-image-25679\" srcset=\"https:\/\/shannex.com\/wp-content\/uploads\/2024\/11\/2021-07-highres-deancas_DTC0134-copy-1024x683.jpg 1024w, https:\/\/shannex.com\/wp-content\/uploads\/2024\/11\/2021-07-highres-deancas_DTC0134-copy-300x200.jpg 300w, https:\/\/shannex.com\/wp-content\/uploads\/2024\/11\/2021-07-highres-deancas_DTC0134-copy-768x512.jpg 768w, https:\/\/shannex.com\/wp-content\/uploads\/2024\/11\/2021-07-highres-deancas_DTC0134-copy-1536x1024.jpg 1536w\" sizes=\"(max-width: 1024px) 100vw, 1024px\" \/><\/figure>\n<\/div>\n\n\n\n<div class=\"wp-block-column is-layout-flow wp-block-column-is-layout-flow\">\n<h2 class=\"wp-block-heading has-text-align-left\">B\u00e9n\u00e9ficiaires des subventions 2024 :<\/h2>\n\n\n\n<ul class=\"wp-block-list\">\n<li><a href=\"https:\/\/uhpcda.ca\/\">Upper Hammonds Plains Community Development Association<\/a><\/li>\n\n\n\n<li><a href=\"https:\/\/keepwellantigonish.ca\/\">Keep Well Antigonish Society<\/a><\/li>\n\n\n\n<li><a href=\"https:\/\/www.mygrandfatherscat.ca\/\">My Grandfather\u2019s Cat<\/a><\/li>\n\n\n\n<li><a href=\"https:\/\/cbrl.ca\/\">Cape Breton Regional Library<\/a><\/li>\n\n\n\n<li><a href=\"https:\/\/invernesscounty.ca\/\">Municipality of the County of Inverness<\/a><\/li>\n\n\n\n<li><a href=\"https:\/\/mobilitycup.com\/en-ca\/\">Lunenburg 2024 Mobility Cup<\/a><\/li>\n\n\n\n<li><a href=\"https:\/\/www.steppingstoneseniorcentre.com\/\">Stepping Stone Senior Centre<\/a><\/li>\n\n\n\n<li><a href=\"https:\/\/centre-sainte-anne.nb.ca\/content_page\/item\/65-association-aines-capitale-aacame\">Association des a\u00een\u00e9s de la Capitale pour l\u2019apprentissage et le mieux-\u00eatre, Inc.<\/a><\/li>\n\n\n\n<li><a href=\"https:\/\/volunteersuccess.com\/\">Volunteer Success<\/a><\/li>\n<\/ul>\n<\/div>\n<\/div>\n<\/div>\n<\/div>\n<\/div>\n<\/div>\n\n\n\n<div id=\"great-people-care\" class=\"wp-block-group has-white-background-color has-background is-layout-flow wp-block-group-is-layout-flow\">\n<div style=\"height:100px\" aria-hidden=\"true\" class=\"wp-block-spacer\"><\/div>\n<\/div>\n\n\n\n<div class=\"wp-block-group has-white-background-color has-background is-layout-flow wp-block-group-is-layout-flow\">\n<div class=\"wp-block-columns is-layout-flex wp-container-core-columns-is-layout-28f84493 wp-block-columns-is-layout-flex\">\n<div class=\"wp-block-column is-layout-flow wp-block-column-is-layout-flow\">\n<h2 class=\"wp-block-heading has-text-align-left\">B\u00e9n\u00e9ficiaires des subventions 2023 :<\/h2>\n\n\n\n<ul class=\"wp-block-list\">\n<li><a href=\"https:\/\/frederictonmealsonwheels.ca\/\" target=\"_blank\" rel=\"noreferrer noopener\"><strong>Meals on Wheels Fredericton<\/strong><\/a><\/li>\n\n\n\n<li><a href=\"https:\/\/monctonlions.ca\/\" target=\"_blank\" rel=\"noreferrer noopener\"><strong>Moncton Lions Community Centre<\/strong><\/a><\/li>\n\n\n\n<li><a href=\"https:\/\/swnb.ymca.ca\/\">YMCA Greater Saint John<\/a><\/li>\n\n\n\n<li><a href=\"https:\/\/www.steppingstoneseniorcentre.com\/\" target=\"_blank\" rel=\"noreferrer noopener\"><strong>Stepping Stone Senior Centre<\/strong><\/a><\/li>\n\n\n\n<li><a href=\"https:\/\/www.sackvilleseniors.com\/\" target=\"_blank\" rel=\"noreferrer noopener\"><strong>Sackville Seniors Advisory Council<\/strong><\/a><\/li>\n\n\n\n<li><a href=\"https:\/\/alzheimer.ca\/durham\/en\" target=\"_blank\" rel=\"noreferrer noopener\"><strong>Alzheimer Society of Durham Region<\/strong><\/a><\/li>\n\n\n\n<li><a href=\"https:\/\/www.facebook.com\/portapiquemarket\/\" target=\"_blank\" rel=\"noreferrer noopener\"><strong>Portapique Market<\/strong><\/a><\/li>\n\n\n\n<li>Lucasville Community Association<\/li>\n\n\n\n<li>Operation Kindness<\/li>\n<\/ul>\n<\/div>\n\n\n\n<div class=\"wp-block-column is-layout-flow wp-block-column-is-layout-flow\">\n<figure class=\"wp-block-embed is-type-video is-provider-youtube wp-block-embed-youtube wp-embed-aspect-16-9 wp-has-aspect-ratio\"><div class=\"wp-block-embed__wrapper\">\n<iframe loading=\"lazy\" title=\"Community Spirit Grants Recipients | November 2023\" width=\"500\" height=\"281\" src=\"https:\/\/www.youtube.com\/embed\/MAiwIA6tcII?feature=oembed\" frameborder=\"0\" allow=\"accelerometer; autoplay; clipboard-write; encrypted-media; gyroscope; picture-in-picture; web-share\" referrerpolicy=\"strict-origin-when-cross-origin\" allowfullscreen><\/iframe>\n<\/div><\/figure>\n<\/div>\n<\/div>\n<\/div>\n\n\n\n<div class=\"banner__extended row\">\n    <div class=\"col-md-5 banner__extended__content has-background has-dark-blue-background-color\">\n        <div>\n        \n\n<h2 class=\"wp-block-heading\" id=\"make-a-difference\">\u00cates-vous un alli\u00e9 ou une alli\u00e9e des personnes \u00e2g\u00e9es?<\/h2>\n\n\n\n<p>Pour en savoir plus sur les lignes directrices des Subventions d\u2019esprit communautaire, t\u00e9l\u00e9chargez le <\/p>\n\n\n\n<p><a href=\"https:\/\/shannex.com\/wp-content\/uploads\/2023\/07\/CommunitySpiritFund_Guidelines_FR_WEB-1.pdf\" target=\"_blank\" rel=\"noreferrer noopener\"><strong>Lignes directrices 2023-2<\/strong><\/a><strong><a href=\"https:\/\/shannex.com\/wp-content\/uploads\/2023\/07\/CommunitySpiritFund_Guidelines_FR_WEB-1.pdf\" target=\"_blank\" rel=\"noreferrer noopener\">024<\/a><\/strong><\/p>\n\n        <\/div>\n    <\/div>\n    <div class=\"col-md-7 banner__extended__image\">\n            <img decoding=\"async\" width=\"954\" height=\"636\" src=\"https:\/\/shannex.com\/wp-content\/uploads\/2022\/03\/Career_CTA3.jpg\" class=\"banner-image\" alt=\"Nurse\" sizes=\"100vw\" srcset=\"https:\/\/shannex.com\/wp-content\/uploads\/2022\/03\/Career_CTA3.jpg 954w, https:\/\/shannex.com\/wp-content\/uploads\/2022\/03\/Career_CTA3-300x200.jpg 300w, https:\/\/shannex.com\/wp-content\/uploads\/2022\/03\/Career_CTA3-768x512.jpg 768w\" \/>    <div class=\"banner__extended__overlay\">\n            <\/div>\n    <\/div>\n<\/div>","protected":false},"excerpt":{"rendered":"<p>Qui peut soumettre une demande? Deux fois par an, nous [&hellip;]<\/p>\n","protected":false},"author":3,"featured_media":12850,"parent":10165,"menu_order":0,"comment_status":"closed","ping_status":"closed","template":"","meta":{"_acf_changed":false,"inline_featured_image":false,"footnotes":""},"class_list":["post-14078","page","type-page","status-publish","has-post-thumbnail","hentry"],"acf":[],"yoast_head":"<!-- This site is optimized with the Yoast SEO plugin v27.2 - https:\/\/yoast.com\/product\/yoast-seo-wordpress\/ -->\n<title>Subventions d\u2019esprit communautaire<\/title>\n<meta name=\"description\" content=\"Notre programme communautaire Shannex Cares nous permet de faire un changement et une diff\u00e9rence r\u00e9els dans la vie de toutes les personnes \u00e2g\u00e9es. Nous y parvenons notamment gr\u00e2ce \u00e0 nos Subventions d\u2019esprit communautaire, qui permettent aux organisations de financer des projets et des initiatives dans nos domaines d\u2019intervention, \u00e0 savoir le mieux-\u00eatre des personnes \u00e2g\u00e9es, la vie active des personnes \u00e2g\u00e9es et les liens sociaux entre les personnes \u00e2g\u00e9es.\" \/>\n<meta name=\"robots\" content=\"index, follow, max-snippet:-1, max-image-preview:large, max-video-preview:-1\" \/>\n<link rel=\"canonical\" href=\"https:\/\/shannex.com\/fr\/shannex-cares\/community-spirit-grant\/\" \/>\n<meta property=\"og:locale\" content=\"fr_FR\" \/>\n<meta property=\"og:type\" content=\"article\" \/>\n<meta property=\"og:title\" content=\"Subventions d\u2019esprit communautaire\" \/>\n<meta property=\"og:description\" content=\"Notre programme communautaire Shannex Cares nous permet de faire un changement et une diff\u00e9rence r\u00e9els dans la vie de toutes les personnes \u00e2g\u00e9es. Nous y parvenons notamment gr\u00e2ce \u00e0 nos Subventions d\u2019esprit communautaire, qui permettent aux organisations de financer des projets et des initiatives dans nos domaines d\u2019intervention, \u00e0 savoir le mieux-\u00eatre des personnes \u00e2g\u00e9es, la vie active des personnes \u00e2g\u00e9es et les liens sociaux entre les personnes \u00e2g\u00e9es.\" \/>\n<meta property=\"og:url\" content=\"https:\/\/shannex.com\/fr\/shannex-cares\/community-spirit-grant\/\" \/>\n<meta property=\"og:site_name\" content=\"Shannex\" \/>\n<meta property=\"article:modified_time\" content=\"2026-03-02T12:06:53+00:00\" \/>\n<meta property=\"og:image\" content=\"https:\/\/shannex.com\/wp-content\/uploads\/2023\/04\/GettyImages-622300588_super-scaled.jpg\" \/>\n\t<meta property=\"og:image:width\" content=\"2560\" \/>\n\t<meta property=\"og:image:height\" content=\"1707\" \/>\n\t<meta property=\"og:image:type\" content=\"image\/jpeg\" \/>\n<meta name=\"twitter:card\" content=\"summary_large_image\" \/>\n<meta name=\"twitter:label1\" content=\"Dur\u00e9e de lecture estim\u00e9e\" \/>\n\t<meta name=\"twitter:data1\" content=\"3 minutes\" \/>\n<script type=\"application\/ld+json\" class=\"yoast-schema-graph\">{\"@context\":\"https:\/\/schema.org\",\"@graph\":[{\"@type\":\"WebPage\",\"@id\":\"https:\/\/shannex.com\/fr\/shannex-cares\/community-spirit-grant\/\",\"url\":\"https:\/\/shannex.com\/fr\/shannex-cares\/community-spirit-grant\/\",\"name\":\"Subventions d\u2019esprit communautaire\",\"isPartOf\":{\"@id\":\"https:\/\/shannex.com\/fr\/#website\"},\"primaryImageOfPage\":{\"@id\":\"https:\/\/shannex.com\/fr\/shannex-cares\/community-spirit-grant\/#primaryimage\"},\"image\":{\"@id\":\"https:\/\/shannex.com\/fr\/shannex-cares\/community-spirit-grant\/#primaryimage\"},\"thumbnailUrl\":\"https:\/\/shannex.com\/wp-content\/uploads\/2023\/04\/GettyImages-622300588_super-scaled.jpg\",\"datePublished\":\"2023-04-03T18:26:18+00:00\",\"dateModified\":\"2026-03-02T12:06:53+00:00\",\"description\":\"Notre programme communautaire Shannex Cares nous permet de faire un changement et une diff\u00e9rence r\u00e9els dans la vie de toutes les personnes \u00e2g\u00e9es. Nous y parvenons notamment gr\u00e2ce \u00e0 nos Subventions d\u2019esprit communautaire, qui permettent aux organisations de financer des projets et des initiatives dans nos domaines d\u2019intervention, \u00e0 savoir le mieux-\u00eatre des personnes \u00e2g\u00e9es, la vie active des personnes \u00e2g\u00e9es et les liens sociaux entre les personnes \u00e2g\u00e9es.\",\"breadcrumb\":{\"@id\":\"https:\/\/shannex.com\/fr\/shannex-cares\/community-spirit-grant\/#breadcrumb\"},\"inLanguage\":\"fr-FR\",\"potentialAction\":[{\"@type\":\"ReadAction\",\"target\":[\"https:\/\/shannex.com\/fr\/shannex-cares\/community-spirit-grant\/\"]}]},{\"@type\":\"ImageObject\",\"inLanguage\":\"fr-FR\",\"@id\":\"https:\/\/shannex.com\/fr\/shannex-cares\/community-spirit-grant\/#primaryimage\",\"url\":\"https:\/\/shannex.com\/wp-content\/uploads\/2023\/04\/GettyImages-622300588_super-scaled.jpg\",\"contentUrl\":\"https:\/\/shannex.com\/wp-content\/uploads\/2023\/04\/GettyImages-622300588_super-scaled.jpg\",\"width\":2560,\"height\":1707,\"caption\":\"Cheerful senior Caucasian woman smiles and laughs with a young woman while volunteering at a food bank. They women are packing and organizing canned goods. She is wearing a gray volunteer t-shirt.\"},{\"@type\":\"BreadcrumbList\",\"@id\":\"https:\/\/shannex.com\/fr\/shannex-cares\/community-spirit-grant\/#breadcrumb\",\"itemListElement\":[{\"@type\":\"ListItem\",\"position\":1,\"name\":\"Shannex Cares\",\"item\":\"https:\/\/shannex.com\/fr\/shannex-cares\/\"},{\"@type\":\"ListItem\",\"position\":2,\"name\":\"Subventions d\u2019esprit communautaire\"}]},{\"@type\":\"WebSite\",\"@id\":\"https:\/\/shannex.com\/fr\/#website\",\"url\":\"https:\/\/shannex.com\/fr\/\",\"name\":\"Shannex\",\"description\":\"\",\"publisher\":{\"@id\":\"https:\/\/shannex.com\/fr\/#organization\"},\"potentialAction\":[{\"@type\":\"SearchAction\",\"target\":{\"@type\":\"EntryPoint\",\"urlTemplate\":\"https:\/\/shannex.com\/fr\/?s={search_term_string}\"},\"query-input\":{\"@type\":\"PropertyValueSpecification\",\"valueRequired\":true,\"valueName\":\"search_term_string\"}}],\"inLanguage\":\"fr-FR\"},{\"@type\":\"Organization\",\"@id\":\"https:\/\/shannex.com\/fr\/#organization\",\"name\":\"Shannex\",\"url\":\"https:\/\/shannex.com\/fr\/\",\"logo\":{\"@type\":\"ImageObject\",\"inLanguage\":\"fr-FR\",\"@id\":\"https:\/\/shannex.com\/fr\/#\/schema\/logo\/image\/\",\"url\":\"https:\/\/shannex.com\/wp-content\/uploads\/2022\/01\/shannex-logo.svg\",\"contentUrl\":\"https:\/\/shannex.com\/wp-content\/uploads\/2022\/01\/shannex-logo.svg\",\"width\":486,\"height\":91,\"caption\":\"Shannex\"},\"image\":{\"@id\":\"https:\/\/shannex.com\/fr\/#\/schema\/logo\/image\/\"}}]}<\/script>\n<!-- \/ Yoast SEO plugin. -->","yoast_head_json":{"title":"Subventions d\u2019esprit communautaire","description":"Notre programme communautaire Shannex Cares nous permet de faire un changement et une diff\u00e9rence r\u00e9els dans la vie de toutes les personnes \u00e2g\u00e9es. Nous y parvenons notamment gr\u00e2ce \u00e0 nos Subventions d\u2019esprit communautaire, qui permettent aux organisations de financer des projets et des initiatives dans nos domaines d\u2019intervention, \u00e0 savoir le mieux-\u00eatre des personnes \u00e2g\u00e9es, la vie active des personnes \u00e2g\u00e9es et les liens sociaux entre les personnes \u00e2g\u00e9es.","robots":{"index":"index","follow":"follow","max-snippet":"max-snippet:-1","max-image-preview":"max-image-preview:large","max-video-preview":"max-video-preview:-1"},"canonical":"https:\/\/shannex.com\/fr\/shannex-cares\/community-spirit-grant\/","og_locale":"fr_FR","og_type":"article","og_title":"Subventions d\u2019esprit communautaire","og_description":"Notre programme communautaire Shannex Cares nous permet de faire un changement et une diff\u00e9rence r\u00e9els dans la vie de toutes les personnes \u00e2g\u00e9es. Nous y parvenons notamment gr\u00e2ce \u00e0 nos Subventions d\u2019esprit communautaire, qui permettent aux organisations de financer des projets et des initiatives dans nos domaines d\u2019intervention, \u00e0 savoir le mieux-\u00eatre des personnes \u00e2g\u00e9es, la vie active des personnes \u00e2g\u00e9es et les liens sociaux entre les personnes \u00e2g\u00e9es.","og_url":"https:\/\/shannex.com\/fr\/shannex-cares\/community-spirit-grant\/","og_site_name":"Shannex","article_modified_time":"2026-03-02T12:06:53+00:00","og_image":[{"width":2560,"height":1707,"url":"https:\/\/shannex.com\/wp-content\/uploads\/2023\/04\/GettyImages-622300588_super-scaled.jpg","type":"image\/jpeg"}],"twitter_card":"summary_large_image","twitter_misc":{"Dur\u00e9e de lecture estim\u00e9e":"3 minutes"},"schema":{"@context":"https:\/\/schema.org","@graph":[{"@type":"WebPage","@id":"https:\/\/shannex.com\/fr\/shannex-cares\/community-spirit-grant\/","url":"https:\/\/shannex.com\/fr\/shannex-cares\/community-spirit-grant\/","name":"Subventions d\u2019esprit communautaire","isPartOf":{"@id":"https:\/\/shannex.com\/fr\/#website"},"primaryImageOfPage":{"@id":"https:\/\/shannex.com\/fr\/shannex-cares\/community-spirit-grant\/#primaryimage"},"image":{"@id":"https:\/\/shannex.com\/fr\/shannex-cares\/community-spirit-grant\/#primaryimage"},"thumbnailUrl":"https:\/\/shannex.com\/wp-content\/uploads\/2023\/04\/GettyImages-622300588_super-scaled.jpg","datePublished":"2023-04-03T18:26:18+00:00","dateModified":"2026-03-02T12:06:53+00:00","description":"Notre programme communautaire Shannex Cares nous permet de faire un changement et une diff\u00e9rence r\u00e9els dans la vie de toutes les personnes \u00e2g\u00e9es. Nous y parvenons notamment gr\u00e2ce \u00e0 nos Subventions d\u2019esprit communautaire, qui permettent aux organisations de financer des projets et des initiatives dans nos domaines d\u2019intervention, \u00e0 savoir le mieux-\u00eatre des personnes \u00e2g\u00e9es, la vie active des personnes \u00e2g\u00e9es et les liens sociaux entre les personnes \u00e2g\u00e9es.","breadcrumb":{"@id":"https:\/\/shannex.com\/fr\/shannex-cares\/community-spirit-grant\/#breadcrumb"},"inLanguage":"fr-FR","potentialAction":[{"@type":"ReadAction","target":["https:\/\/shannex.com\/fr\/shannex-cares\/community-spirit-grant\/"]}]},{"@type":"ImageObject","inLanguage":"fr-FR","@id":"https:\/\/shannex.com\/fr\/shannex-cares\/community-spirit-grant\/#primaryimage","url":"https:\/\/shannex.com\/wp-content\/uploads\/2023\/04\/GettyImages-622300588_super-scaled.jpg","contentUrl":"https:\/\/shannex.com\/wp-content\/uploads\/2023\/04\/GettyImages-622300588_super-scaled.jpg","width":2560,"height":1707,"caption":"Cheerful senior Caucasian woman smiles and laughs with a young woman while volunteering at a food bank. They women are packing and organizing canned goods. She is wearing a gray volunteer t-shirt."},{"@type":"BreadcrumbList","@id":"https:\/\/shannex.com\/fr\/shannex-cares\/community-spirit-grant\/#breadcrumb","itemListElement":[{"@type":"ListItem","position":1,"name":"Shannex Cares","item":"https:\/\/shannex.com\/fr\/shannex-cares\/"},{"@type":"ListItem","position":2,"name":"Subventions d\u2019esprit communautaire"}]},{"@type":"WebSite","@id":"https:\/\/shannex.com\/fr\/#website","url":"https:\/\/shannex.com\/fr\/","name":"Shannex","description":"","publisher":{"@id":"https:\/\/shannex.com\/fr\/#organization"},"potentialAction":[{"@type":"SearchAction","target":{"@type":"EntryPoint","urlTemplate":"https:\/\/shannex.com\/fr\/?s={search_term_string}"},"query-input":{"@type":"PropertyValueSpecification","valueRequired":true,"valueName":"search_term_string"}}],"inLanguage":"fr-FR"},{"@type":"Organization","@id":"https:\/\/shannex.com\/fr\/#organization","name":"Shannex","url":"https:\/\/shannex.com\/fr\/","logo":{"@type":"ImageObject","inLanguage":"fr-FR","@id":"https:\/\/shannex.com\/fr\/#\/schema\/logo\/image\/","url":"https:\/\/shannex.com\/wp-content\/uploads\/2022\/01\/shannex-logo.svg","contentUrl":"https:\/\/shannex.com\/wp-content\/uploads\/2022\/01\/shannex-logo.svg","width":486,"height":91,"caption":"Shannex"},"image":{"@id":"https:\/\/shannex.com\/fr\/#\/schema\/logo\/image\/"}}]}},"_links":{"self":[{"href":"https:\/\/shannex.com\/fr\/wp-json\/wp\/v2\/pages\/14078","targetHints":{"allow":["GET"]}}],"collection":[{"href":"https:\/\/shannex.com\/fr\/wp-json\/wp\/v2\/pages"}],"about":[{"href":"https:\/\/shannex.com\/fr\/wp-json\/wp\/v2\/types\/page"}],"author":[{"embeddable":true,"href":"https:\/\/shannex.com\/fr\/wp-json\/wp\/v2\/users\/3"}],"replies":[{"embeddable":true,"href":"https:\/\/shannex.com\/fr\/wp-json\/wp\/v2\/comments?post=14078"}],"version-history":[{"count":0,"href":"https:\/\/shannex.com\/fr\/wp-json\/wp\/v2\/pages\/14078\/revisions"}],"up":[{"embeddable":true,"href":"https:\/\/shannex.com\/fr\/wp-json\/wp\/v2\/pages\/10165"}],"wp:featuredmedia":[{"embeddable":true,"href":"https:\/\/shannex.com\/fr\/wp-json\/wp\/v2\/media\/12850"}],"wp:attachment":[{"href":"https:\/\/shannex.com\/fr\/wp-json\/wp\/v2\/media?parent=14078"}],"curies":[{"name":"wp","href":"https:\/\/api.w.org\/{rel}","templated":true}]}}