{"id":14456,"date":"2023-07-24T13:19:49","date_gmt":"2023-07-24T17:19:49","guid":{"rendered":"https:\/\/shannex.com\/shannex-cares\/shannex-cares-expression-dinteret\/"},"modified":"2023-07-25T14:25:27","modified_gmt":"2023-07-25T18:25:27","slug":"shannex-cares-expression-dinteret","status":"publish","type":"page","link":"https:\/\/shannex.com\/fr\/shannex-cares\/shannex-cares-expression-dinteret\/","title":{"rendered":"Shannex Cares &#8211; Expression d\u2019int\u00e9r\u00eat"},"content":{"rendered":"\n<div class=\"wp-block-columns is-layout-flex wp-container-core-columns-is-layout-28f84493 wp-block-columns-is-layout-flex\">\n<div class=\"wp-block-column is-layout-flow wp-block-column-is-layout-flow\" style=\"flex-basis:10%\"><\/div>\n\n\n\n<div class=\"wp-block-column is-layout-flow wp-block-column-is-layout-flow\" style=\"flex-basis:80%\">\n<div style=\"height:50px\" aria-hidden=\"true\" class=\"wp-block-spacer\"><\/div>\n\n\n\n<h1 class=\"wp-block-heading\" id=\"volunteers-are-vital-members-of-our-community-creating-trusted-partnerships-with-residents-and-enriching-their-lives-every-day\">Shannex Cares &#8211; Expression d\u2019int\u00e9r\u00eat<\/h1>\n\n\n\n<p>Toutes les organisations int\u00e9ress\u00e9es par une demande de subvention d\u2019esprit communautaire doivent remplir ce formulaire d\u2019expression d\u2019int\u00e9r\u00eat pour demander du financement.<\/p>\n\n\n<p>Ce formulaire n&#8217;est actuellement plus disponible pour les soumissions.<\/p><\/div>\n\n\n\n<div class=\"wp-block-column is-layout-flow wp-block-column-is-layout-flow\" style=\"flex-basis:10%\"><\/div>\n<\/div>\n\n\n\n<div style=\"height:80px\" aria-hidden=\"true\" class=\"wp-block-spacer\"><\/div>\n\n\n\n<div class=\"banner__extended row\">\n    <div class=\"col-md-5 banner__extended__content has-background has-dark-blue-background-color\">\n        <div>\n        \n\n<h3 class=\"wp-block-heading\" id=\"tw-target-text\">Connect with us<\/h3>\n\n\n\n<p id=\"tw-target-text\" style=\"font-style:normal;font-weight:400\">Our <em>Great People<\/em> are always here to help. Contact us today and we&#8217;ll be happy to answer your questions and provide you with more information.<\/p>\n\n\n\n<div class=\"wp-block-buttons is-layout-flex wp-block-buttons-is-layout-flex\">\n<div class=\"wp-block-button is-style-text-only-button\"><a class=\"wp-block-button__link has-white-color has-text-color wp-element-button\" href=\"https:\/\/shannex.com\/contact-us\/\">Contact Us<\/a><\/div>\n<\/div>\n\n\n\n        <\/div>\n    <\/div>\n    <div class=\"col-md-7 banner__extended__image\">\n            <img decoding=\"async\" width=\"1000\" height=\"514\" src=\"https:\/\/shannex.com\/wp-content\/uploads\/2025\/07\/careers_CCA_extended-1.jpg\" class=\"banner-image\" alt=\"\" sizes=\"100vw\" srcset=\"https:\/\/shannex.com\/wp-content\/uploads\/2025\/07\/careers_CCA_extended-1.jpg 1000w, https:\/\/shannex.com\/wp-content\/uploads\/2025\/07\/careers_CCA_extended-1-300x154.jpg 300w, https:\/\/shannex.com\/wp-content\/uploads\/2025\/07\/careers_CCA_extended-1-768x395.jpg 768w\" \/>    <div class=\"banner__extended__overlay\">\n            <\/div>\n    <\/div>\n<\/div>","protected":false},"excerpt":{"rendered":"<p>Shannex Cares &#8211; Expression d\u2019int\u00e9r\u00eat Toutes les organisations int\u00e9ress\u00e9es par [&hellip;]<\/p>\n","protected":false},"author":4,"featured_media":0,"parent":10165,"menu_order":0,"comment_status":"closed","ping_status":"closed","template":"","meta":{"_acf_changed":false,"inline_featured_image":false,"footnotes":""},"class_list":["post-14456","page","type-page","status-publish","hentry"],"acf":[],"yoast_head":"<!-- This site is optimized with the Yoast SEO plugin v27.3 - https:\/\/yoast.com\/product\/yoast-seo-wordpress\/ -->\n<title>Shannex Cares - Expression d\u2019int\u00e9r\u00eat<\/title>\n<meta name=\"description\" content=\"Toutes les organisations int\u00e9ress\u00e9es par une demande de subvention d\u2019esprit communautaire doivent remplir ce formulaire d\u2019expression d\u2019int\u00e9r\u00eat pour demander du financement.\" \/>\n<meta name=\"robots\" content=\"index, follow, max-snippet:-1, max-image-preview:large, max-video-preview:-1\" \/>\n<link rel=\"canonical\" href=\"https:\/\/shannex.com\/fr\/shannex-cares\/shannex-cares-expression-dinteret\/\" \/>\n<meta property=\"og:locale\" content=\"fr_FR\" \/>\n<meta property=\"og:type\" content=\"article\" \/>\n<meta property=\"og:title\" content=\"Shannex Cares - Expression d\u2019int\u00e9r\u00eat\" \/>\n<meta property=\"og:description\" content=\"Toutes les organisations int\u00e9ress\u00e9es par une demande de subvention d\u2019esprit communautaire doivent remplir ce formulaire d\u2019expression d\u2019int\u00e9r\u00eat pour demander du financement.\" \/>\n<meta property=\"og:url\" content=\"https:\/\/shannex.com\/fr\/shannex-cares\/shannex-cares-expression-dinteret\/\" \/>\n<meta property=\"og:site_name\" content=\"Shannex\" \/>\n<meta property=\"article:modified_time\" content=\"2023-07-25T18:25:27+00:00\" \/>\n<meta name=\"twitter:card\" content=\"summary_large_image\" \/>\n<meta name=\"twitter:label1\" content=\"Dur\u00e9e de lecture estim\u00e9e\" \/>\n\t<meta name=\"twitter:data1\" content=\"1 minute\" \/>\n<script type=\"application\/ld+json\" class=\"yoast-schema-graph\">{\"@context\":\"https:\\\/\\\/schema.org\",\"@graph\":[{\"@type\":\"WebPage\",\"@id\":\"https:\\\/\\\/shannex.com\\\/fr\\\/shannex-cares\\\/shannex-cares-expression-dinteret\\\/\",\"url\":\"https:\\\/\\\/shannex.com\\\/fr\\\/shannex-cares\\\/shannex-cares-expression-dinteret\\\/\",\"name\":\"Shannex Cares - Expression d\u2019int\u00e9r\u00eat\",\"isPartOf\":{\"@id\":\"https:\\\/\\\/shannex.com\\\/fr\\\/#website\"},\"datePublished\":\"2023-07-24T17:19:49+00:00\",\"dateModified\":\"2023-07-25T18:25:27+00:00\",\"description\":\"Toutes les organisations int\u00e9ress\u00e9es par une demande de subvention d\u2019esprit communautaire doivent remplir ce formulaire d\u2019expression d\u2019int\u00e9r\u00eat pour demander du financement.\",\"breadcrumb\":{\"@id\":\"https:\\\/\\\/shannex.com\\\/fr\\\/shannex-cares\\\/shannex-cares-expression-dinteret\\\/#breadcrumb\"},\"inLanguage\":\"fr-FR\",\"potentialAction\":[{\"@type\":\"ReadAction\",\"target\":[\"https:\\\/\\\/shannex.com\\\/fr\\\/shannex-cares\\\/shannex-cares-expression-dinteret\\\/\"]}]},{\"@type\":\"BreadcrumbList\",\"@id\":\"https:\\\/\\\/shannex.com\\\/fr\\\/shannex-cares\\\/shannex-cares-expression-dinteret\\\/#breadcrumb\",\"itemListElement\":[{\"@type\":\"ListItem\",\"position\":1,\"name\":\"Shannex Cares\",\"item\":\"https:\\\/\\\/shannex.com\\\/fr\\\/shannex-cares\\\/\"},{\"@type\":\"ListItem\",\"position\":2,\"name\":\"Shannex Cares &#8211; Expression d\u2019int\u00e9r\u00eat\"}]},{\"@type\":\"WebSite\",\"@id\":\"https:\\\/\\\/shannex.com\\\/fr\\\/#website\",\"url\":\"https:\\\/\\\/shannex.com\\\/fr\\\/\",\"name\":\"Shannex\",\"description\":\"\",\"publisher\":{\"@id\":\"https:\\\/\\\/shannex.com\\\/fr\\\/#organization\"},\"potentialAction\":[{\"@type\":\"SearchAction\",\"target\":{\"@type\":\"EntryPoint\",\"urlTemplate\":\"https:\\\/\\\/shannex.com\\\/fr\\\/?s={search_term_string}\"},\"query-input\":{\"@type\":\"PropertyValueSpecification\",\"valueRequired\":true,\"valueName\":\"search_term_string\"}}],\"inLanguage\":\"fr-FR\"},{\"@type\":\"Organization\",\"@id\":\"https:\\\/\\\/shannex.com\\\/fr\\\/#organization\",\"name\":\"Shannex\",\"url\":\"https:\\\/\\\/shannex.com\\\/fr\\\/\",\"logo\":{\"@type\":\"ImageObject\",\"inLanguage\":\"fr-FR\",\"@id\":\"https:\\\/\\\/shannex.com\\\/fr\\\/#\\\/schema\\\/logo\\\/image\\\/\",\"url\":\"https:\\\/\\\/shannex.com\\\/wp-content\\\/uploads\\\/2022\\\/01\\\/shannex-logo.svg\",\"contentUrl\":\"https:\\\/\\\/shannex.com\\\/wp-content\\\/uploads\\\/2022\\\/01\\\/shannex-logo.svg\",\"width\":486,\"height\":91,\"caption\":\"Shannex\"},\"image\":{\"@id\":\"https:\\\/\\\/shannex.com\\\/fr\\\/#\\\/schema\\\/logo\\\/image\\\/\"}}]}<\/script>\n<!-- \/ Yoast SEO plugin. -->","yoast_head_json":{"title":"Shannex Cares - Expression d\u2019int\u00e9r\u00eat","description":"Toutes les organisations int\u00e9ress\u00e9es par une demande de subvention d\u2019esprit communautaire doivent remplir ce formulaire d\u2019expression d\u2019int\u00e9r\u00eat pour demander du financement.","robots":{"index":"index","follow":"follow","max-snippet":"max-snippet:-1","max-image-preview":"max-image-preview:large","max-video-preview":"max-video-preview:-1"},"canonical":"https:\/\/shannex.com\/fr\/shannex-cares\/shannex-cares-expression-dinteret\/","og_locale":"fr_FR","og_type":"article","og_title":"Shannex Cares - Expression d\u2019int\u00e9r\u00eat","og_description":"Toutes les organisations int\u00e9ress\u00e9es par une demande de subvention d\u2019esprit communautaire doivent remplir ce formulaire d\u2019expression d\u2019int\u00e9r\u00eat pour demander du financement.","og_url":"https:\/\/shannex.com\/fr\/shannex-cares\/shannex-cares-expression-dinteret\/","og_site_name":"Shannex","article_modified_time":"2023-07-25T18:25:27+00:00","twitter_card":"summary_large_image","twitter_misc":{"Dur\u00e9e de lecture estim\u00e9e":"1 minute"},"schema":{"@context":"https:\/\/schema.org","@graph":[{"@type":"WebPage","@id":"https:\/\/shannex.com\/fr\/shannex-cares\/shannex-cares-expression-dinteret\/","url":"https:\/\/shannex.com\/fr\/shannex-cares\/shannex-cares-expression-dinteret\/","name":"Shannex Cares - Expression d\u2019int\u00e9r\u00eat","isPartOf":{"@id":"https:\/\/shannex.com\/fr\/#website"},"datePublished":"2023-07-24T17:19:49+00:00","dateModified":"2023-07-25T18:25:27+00:00","description":"Toutes les organisations int\u00e9ress\u00e9es par une demande de subvention d\u2019esprit communautaire doivent remplir ce formulaire d\u2019expression d\u2019int\u00e9r\u00eat pour demander du financement.","breadcrumb":{"@id":"https:\/\/shannex.com\/fr\/shannex-cares\/shannex-cares-expression-dinteret\/#breadcrumb"},"inLanguage":"fr-FR","potentialAction":[{"@type":"ReadAction","target":["https:\/\/shannex.com\/fr\/shannex-cares\/shannex-cares-expression-dinteret\/"]}]},{"@type":"BreadcrumbList","@id":"https:\/\/shannex.com\/fr\/shannex-cares\/shannex-cares-expression-dinteret\/#breadcrumb","itemListElement":[{"@type":"ListItem","position":1,"name":"Shannex Cares","item":"https:\/\/shannex.com\/fr\/shannex-cares\/"},{"@type":"ListItem","position":2,"name":"Shannex Cares &#8211; Expression d\u2019int\u00e9r\u00eat"}]},{"@type":"WebSite","@id":"https:\/\/shannex.com\/fr\/#website","url":"https:\/\/shannex.com\/fr\/","name":"Shannex","description":"","publisher":{"@id":"https:\/\/shannex.com\/fr\/#organization"},"potentialAction":[{"@type":"SearchAction","target":{"@type":"EntryPoint","urlTemplate":"https:\/\/shannex.com\/fr\/?s={search_term_string}"},"query-input":{"@type":"PropertyValueSpecification","valueRequired":true,"valueName":"search_term_string"}}],"inLanguage":"fr-FR"},{"@type":"Organization","@id":"https:\/\/shannex.com\/fr\/#organization","name":"Shannex","url":"https:\/\/shannex.com\/fr\/","logo":{"@type":"ImageObject","inLanguage":"fr-FR","@id":"https:\/\/shannex.com\/fr\/#\/schema\/logo\/image\/","url":"https:\/\/shannex.com\/wp-content\/uploads\/2022\/01\/shannex-logo.svg","contentUrl":"https:\/\/shannex.com\/wp-content\/uploads\/2022\/01\/shannex-logo.svg","width":486,"height":91,"caption":"Shannex"},"image":{"@id":"https:\/\/shannex.com\/fr\/#\/schema\/logo\/image\/"}}]}},"_links":{"self":[{"href":"https:\/\/shannex.com\/fr\/wp-json\/wp\/v2\/pages\/14456","targetHints":{"allow":["GET"]}}],"collection":[{"href":"https:\/\/shannex.com\/fr\/wp-json\/wp\/v2\/pages"}],"about":[{"href":"https:\/\/shannex.com\/fr\/wp-json\/wp\/v2\/types\/page"}],"author":[{"embeddable":true,"href":"https:\/\/shannex.com\/fr\/wp-json\/wp\/v2\/users\/4"}],"replies":[{"embeddable":true,"href":"https:\/\/shannex.com\/fr\/wp-json\/wp\/v2\/comments?post=14456"}],"version-history":[{"count":0,"href":"https:\/\/shannex.com\/fr\/wp-json\/wp\/v2\/pages\/14456\/revisions"}],"up":[{"embeddable":true,"href":"https:\/\/shannex.com\/fr\/wp-json\/wp\/v2\/pages\/10165"}],"wp:attachment":[{"href":"https:\/\/shannex.com\/fr\/wp-json\/wp\/v2\/media?parent=14456"}],"curies":[{"name":"wp","href":"https:\/\/api.w.org\/{rel}","templated":true}]}}