{"id":14464,"date":"2022-10-11T10:37:10","date_gmt":"2022-10-11T14:37:10","guid":{"rendered":"https:\/\/shannex.com\/great-rewards\/"},"modified":"2023-07-25T15:27:27","modified_gmt":"2023-07-25T19:27:27","slug":"total-rewards","status":"publish","type":"page","link":"https:\/\/shannex.com\/fr\/total-rewards\/","title":{"rendered":"Total Rewards"},"content":{"rendered":"\n<div class=\"banner__basic\">\n\n    <div class=\"banner__basic__title\">\n        <div>\n        \n\n<h1 class=\"wp-block-heading\" id=\"about-shannex\">Grandes R\u00e9compenses<\/h1>\n\n        <\/div>\n    <\/div>\n    \n    <div class=\"banner__basic__image\">\n    <img decoding=\"async\" width=\"2500\" height=\"650\" src=\"https:\/\/shannex.com\/wp-content\/uploads\/2022\/10\/total_rewards_banner.jpg\" class=\"banner-image\" alt=\"\" sizes=\"100vw\" srcset=\"https:\/\/shannex.com\/wp-content\/uploads\/2022\/10\/total_rewards_banner.jpg 2500w, https:\/\/shannex.com\/wp-content\/uploads\/2022\/10\/total_rewards_banner-300x78.jpg 300w, https:\/\/shannex.com\/wp-content\/uploads\/2022\/10\/total_rewards_banner-1024x266.jpg 1024w, https:\/\/shannex.com\/wp-content\/uploads\/2022\/10\/total_rewards_banner-768x200.jpg 768w, https:\/\/shannex.com\/wp-content\/uploads\/2022\/10\/total_rewards_banner-1536x399.jpg 1536w, https:\/\/shannex.com\/wp-content\/uploads\/2022\/10\/total_rewards_banner-2048x532.jpg 2048w\" \/>    <\/div>\n<\/div>\n\n\n<div style=\"height:80px\" aria-hidden=\"true\" class=\"wp-block-spacer\"><\/div>\n\n\n\n<div class=\"wp-block-columns is-layout-flex wp-container-core-columns-is-layout-28f84493 wp-block-columns-is-layout-flex\">\n<div class=\"wp-block-column is-layout-flow wp-block-column-is-layout-flow\"><\/div>\n<\/div>\n\n\n\n<div class=\"wp-block-columns is-layout-flex wp-container-core-columns-is-layout-28f84493 wp-block-columns-is-layout-flex\">\n<div class=\"wp-block-column is-layout-flow wp-block-column-is-layout-flow\" style=\"flex-basis:100%\">\n<div class=\"wp-block-group is-layout-flow wp-block-group-is-layout-flow\">\n<div class=\"wp-block-columns has-white-background-color has-background is-layout-flex wp-container-core-columns-is-layout-28f84493 wp-block-columns-is-layout-flex\">\n<div class=\"wp-block-column is-vertically-aligned-center is-layout-flow wp-block-column-is-layout-flow\" style=\"flex-basis:40%\">\n<h2 class=\"wp-block-heading\" id=\"residents-firstphilosophy-of-service\"><strong>Grandes R\u00e9compenses pour un Personnel Exceptionnel<\/strong><\/h2>\n\n\n\n<p>Chez Shannex, nous comprenons que le travail que vous faites rend possible une vie au-del\u00e0 de nos communaut\u00e9s. Votre maison, votre famille, vos amiti\u00e9s, votre sant\u00e9, vos loisirs et vos int\u00e9r\u00eats sont influenc\u00e9s par votre position en tant que pr\u00e9cieux membre du personnel au sein de Shannex. Nous reconnaissons le r\u00f4le tr\u00e8s important que nous jouons dans votre vie et nous nous engageons \u00e0 offrir un lieu de travail accueillant o\u00f9 chaque membre de l&#8217;\u00e9quipe peut \u00eatre fier, avoir sa place et r\u00e9aliser son potentiel. <\/p>\n\n\n\n<figure class=\"wp-block-image aligncenter size-large is-resized\"><img decoding=\"async\" src=\"https:\/\/shannex.com\/wp-content\/uploads\/2023\/05\/Great-Rewards-logo-1024x666.png\" alt=\"\" class=\"wp-image-13704\" width=\"256\" height=\"167\" srcset=\"https:\/\/shannex.com\/wp-content\/uploads\/2023\/05\/Great-Rewards-logo-1024x666.png 1024w, https:\/\/shannex.com\/wp-content\/uploads\/2023\/05\/Great-Rewards-logo-300x195.png 300w, https:\/\/shannex.com\/wp-content\/uploads\/2023\/05\/Great-Rewards-logo-768x499.png 768w, https:\/\/shannex.com\/wp-content\/uploads\/2023\/05\/Great-Rewards-logo.png 1500w\" sizes=\"(max-width: 256px) 100vw, 256px\" \/><\/figure>\n<\/div>\n\n\n\n<div class=\"wp-block-column is-layout-flow wp-block-column-is-layout-flow\" style=\"flex-basis:60%\">\n<figure class=\"wp-block-image size-full\"><img decoding=\"async\" width=\"575\" height=\"355\" src=\"https:\/\/shannex.com\/wp-content\/uploads\/2022\/10\/rewards2.jpg\" alt=\"\" class=\"wp-image-9978\" srcset=\"https:\/\/shannex.com\/wp-content\/uploads\/2022\/10\/rewards2.jpg 575w, https:\/\/shannex.com\/wp-content\/uploads\/2022\/10\/rewards2-300x185.jpg 300w\" sizes=\"(max-width: 575px) 100vw, 575px\" \/><\/figure>\n<\/div>\n<\/div>\n<\/div>\n<\/div>\n<\/div>\n\n\n\n<div style=\"height:20px\" aria-hidden=\"true\" class=\"wp-block-spacer\"><\/div>\n\n\n\n<div class=\"wp-block-columns are-vertically-aligned-top is-layout-flex wp-container-core-columns-is-layout-28f84493 wp-block-columns-is-layout-flex\">\n<div class=\"wp-block-column is-vertically-aligned-top is-layout-flow wp-block-column-is-layout-flow\">\n<figure class=\"wp-block-image size-large is-resized\"><img decoding=\"async\" src=\"https:\/\/shannex.com\/wp-content\/uploads\/2023\/05\/benefits-icon2.svg\" alt=\"\" class=\"wp-image-13746\" width=\"64\" height=\"59\"\/><\/figure>\n\n\n\n<h4 class=\"wp-block-heading\" id=\"great-people\">Avantages<\/h4>\n\n\n\n<p>Les membres de l\u2019\u00e9quipe ont acc\u00e8s \u00e0 des avantages sociaux pour eux-m\u00eames et leur famille, y compris des assurances et des services li\u00e9s \u00e0 la sant\u00e9, au mieux-\u00eatre et \u00e0 l\u2019\u00e9pargne retraite. Le programme Perks de Shannex offre \u00e9galement des r\u00e9ductions aux entreprises participantes.<\/p>\n<\/div>\n\n\n\n<div class=\"wp-block-column is-vertically-aligned-top is-layout-flow wp-block-column-is-layout-flow\">\n<figure class=\"wp-block-image size-large is-resized\"><img decoding=\"async\" src=\"https:\/\/shannex.com\/wp-content\/uploads\/2023\/05\/compensation-icon2.svg\" alt=\"\" class=\"wp-image-13749\" width=\"64\" height=\"59\"\/><\/figure>\n\n\n\n<h4 class=\"wp-block-heading\" id=\"residents-first\">Indemnisation<\/h4>\n\n\n\n<p>D\u2019apr\u00e8s votre fonction et de votre type d\u2019emploi, votre r\u00e9mun\u00e9ration peut comprendre un taux horaire ou un salaire annualis\u00e9. Elle peut \u00e9galement inclure des avantages imposables, une r\u00e9mun\u00e9ration variable, des primes ou des incitatifs.<\/p>\n<\/div>\n\n\n\n<div class=\"wp-block-column is-vertically-aligned-top is-layout-flow wp-block-column-is-layout-flow\">\n<figure class=\"wp-block-image size-large is-resized\"><img decoding=\"async\" src=\"https:\/\/shannex.com\/wp-content\/uploads\/2023\/05\/learning-icon2.svg\" alt=\"\" class=\"wp-image-13751\" width=\"64\"\/><\/figure>\n\n\n\n<h4 class=\"wp-block-heading\" id=\"improving-quality\">Apprentissage et d\u00e9veloppement<\/h4>\n\n\n\n<p>Nous voulons que vous vous d\u00e9veloppiez et que vous restiez avec nous tout au long de votre carri\u00e8re. Les programmes et les ressources du Centre d\u2019excellence de Shannex vous aideront \u00e0 apprendre et \u00e0 construire une carri\u00e8re enrichissante avec nous. <\/p>\n<\/div>\n\n\n\n<div class=\"wp-block-column is-vertically-aligned-top is-layout-flow wp-block-column-is-layout-flow\">\n<figure class=\"wp-block-image size-large is-resized\"><img decoding=\"async\" src=\"https:\/\/shannex.com\/wp-content\/uploads\/2023\/05\/performance-icon2.svg\" alt=\"\" class=\"wp-image-13753\" width=\"64\"\/><\/figure>\n\n\n\n<h4 class=\"wp-block-heading\" id=\"trusted-partnerships\">Rendement et reconnaissance<\/h4>\n\n\n\n<p>Vous serez vu, entendu et c\u00e9l\u00e9br\u00e9 pour le travail que vous faites chaque jour. . Avec des programmes tels que \u00ab Surpris \u00e0 \u00eatre exceptionnel \u00bb et nos prix d&#8217;excellence, nous reconnaissons les r\u00e9alisations dans nos communaut\u00e9s.<\/p>\n<\/div>\n\n\n\n<div class=\"wp-block-column is-vertically-aligned-top is-layout-flow wp-block-column-is-layout-flow\">\n<figure class=\"wp-block-image size-large is-resized\"><img decoding=\"async\" src=\"https:\/\/shannex.com\/wp-content\/uploads\/2022\/10\/work-life-icon.svg\" alt=\"\" class=\"wp-image-9890\" width=\"64\"\/><\/figure>\n\n\n\n<h4 class=\"wp-block-heading\" id=\"being-accountable\"><strong>Vie professionnelle<\/strong><\/h4>\n\n\n\n<p>Chaque jour, vous pouvez ressentir un sentiment d\u2019appr\u00e9ciation, d\u2019utilit\u00e9 et d\u2019appartenance. Les membres de l\u2019\u00e9quipe compatissants, honn\u00eates, s\u00e9curitaires et professionnels se soucient de vous, \u00e0 la fois au travail et ailleurs.<\/p>\n<\/div>\n<\/div>\n\n\n\n<div style=\"height:80px\" aria-hidden=\"true\" class=\"wp-block-spacer is-style-responsive-large\"><\/div>\n\n\n\n<div id=\"job-alerts\" class=\"wp-block-group has-dark-blue-background-color has-background is-layout-flow wp-block-group-is-layout-flow\">\n<div class=\"wp-block-columns are-vertically-aligned-center is-layout-flex wp-container-core-columns-is-layout-28f84493 wp-block-columns-is-layout-flex\">\n<div class=\"wp-block-column is-vertically-aligned-center is-layout-flow wp-block-column-is-layout-flow\" style=\"flex-basis:25%\">\n<div style=\"height:25px\" aria-hidden=\"true\" class=\"wp-block-spacer\"><\/div>\n\n\n\n<figure class=\"wp-block-image aligncenter size-full\"><img decoding=\"async\" width=\"181\" height=\"181\" src=\"https:\/\/shannex.com\/wp-content\/uploads\/2022\/10\/JobAlerts.png\" alt=\"\" class=\"wp-image-9739\" srcset=\"https:\/\/shannex.com\/wp-content\/uploads\/2022\/10\/JobAlerts.png 181w, https:\/\/shannex.com\/wp-content\/uploads\/2022\/10\/JobAlerts-150x150.png 150w\" sizes=\"(max-width: 181px) 100vw, 181px\" \/><\/figure>\n<\/div>\n\n\n\n<div class=\"wp-block-column is-vertically-aligned-center is-layout-flow wp-block-column-is-layout-flow\" style=\"flex-basis:25%\">\n<div style=\"height:25px\" aria-hidden=\"true\" class=\"wp-block-spacer\"><\/div>\n\n\n\n<h2 class=\"wp-block-heading\" id=\"submit-your-green-ideas\">Recevez des alertes d\u2019emploi<\/h2>\n<\/div>\n\n\n\n<div class=\"wp-block-column is-vertically-aligned-center is-layout-flow wp-block-column-is-layout-flow\" style=\"flex-basis:50%\">\n<div style=\"height:25px\" aria-hidden=\"true\" class=\"wp-block-spacer\"><\/div>\n\n\n\n<p>Pr\u00eat pour une carri\u00e8re avec des r\u00e9compenses, des avantages et une \u00e9quipe de co\u00e9quipiers attentionn\u00e9s ? Si nous n\u2019avons pas actuellement de poste qui vous int\u00e9resse, inscrivez-vous aux alertes d&#8217;emploi de Shannex et nous vous enverrons un courriel d\u00e8s qu\u2019une opportunit\u00e9 sera disponible.<\/p>\n\n\n\n<div class=\"wp-block-buttons is-layout-flex wp-block-buttons-is-layout-flex\">\n<div class=\"wp-block-button is-style-text-only-button\"><a class=\"wp-block-button__link has-white-color has-text-color wp-element-button\" href=\"https:\/\/clients.njoyn.com\/CL3\/xweb\/xweb.asp?page=joblisting&amp;CLID=57830\" target=\"_blank\" rel=\"noreferrer noopener\">INSCRIVEZ-MOI!<\/a><\/div>\n<\/div>\n<\/div>\n<\/div>\n<\/div>\n\n\n\n<div style=\"height:80px\" aria-hidden=\"true\" class=\"wp-block-spacer\"><\/div>\n\n\n\n<div id=\"work-with-purpose\" class=\"wp-block-group has-white-background-color has-background is-layout-flow wp-block-group-is-layout-flow\">\n<div class=\"wp-block-group is-layout-flow wp-block-group-is-layout-flow\">\n<div class=\"wp-block-columns is-layout-flex wp-container-core-columns-is-layout-28f84493 wp-block-columns-is-layout-flex\">\n<div class=\"wp-block-column is-vertically-aligned-center is-layout-flow wp-block-column-is-layout-flow\">\n<h2 class=\"wp-block-heading\" id=\"committed-to-compassionate-care\"><strong>Faire la diff\u00e9rence<\/strong><\/h2>\n\n\n\n<p>Shannex accueille du personnel exceptionnel de diff\u00e9rentes d\u00e9cennies, cultures, origines et professions pour cr\u00e9er des communaut\u00e9s dynamiques o\u00f9 tout le monde se sent comme chez eux. Si vous \u00eates fier d\u2019\u00eatre compatissant, honn\u00eate, professionnel et s\u00e9curitaire, envisagez une carri\u00e8re enrichissante avec nous en Nouvelle-\u00c9cosse, au Nouveau-Brunswick ou en Ontario.<\/p>\n\n\n\n<div class=\"wp-block-buttons is-layout-flex wp-block-buttons-is-layout-flex\">\n<div class=\"wp-block-button\"><a class=\"wp-block-button__link wp-element-button\" href=\"https:\/\/clients.njoyn.com\/CL3\/xweb\/xweb.asp?page=joblisting&amp;CLID=57830\" target=\"_blank\" rel=\"noreferrer noopener\">Voir les offres d\u2019emploi actuelles<\/a><\/div>\n<\/div>\n<\/div>\n\n\n\n<div class=\"wp-block-column is-layout-flow wp-block-column-is-layout-flow\">\n<figure class=\"wp-block-image size-full\"><img decoding=\"async\" width=\"1024\" height=\"684\" src=\"https:\/\/shannex.com\/wp-content\/uploads\/2022\/07\/2021-07-highres-deancas_DTC1077-1024x684-copy.jpg\" alt=\"\" class=\"wp-image-8931\" srcset=\"https:\/\/shannex.com\/wp-content\/uploads\/2022\/07\/2021-07-highres-deancas_DTC1077-1024x684-copy.jpg 1024w, https:\/\/shannex.com\/wp-content\/uploads\/2022\/07\/2021-07-highres-deancas_DTC1077-1024x684-copy-300x200.jpg 300w, https:\/\/shannex.com\/wp-content\/uploads\/2022\/07\/2021-07-highres-deancas_DTC1077-1024x684-copy-768x513.jpg 768w\" sizes=\"(max-width: 1024px) 100vw, 1024px\" \/><\/figure>\n<\/div>\n<\/div>\n<\/div>\n<\/div>\n","protected":false},"excerpt":{"rendered":"<p>Grandes R\u00e9compenses pour un Personnel Exceptionnel Chez Shannex, nous comprenons [&hellip;]<\/p>\n","protected":false},"author":4,"featured_media":9902,"parent":0,"menu_order":0,"comment_status":"closed","ping_status":"closed","template":"","meta":{"_acf_changed":false,"inline_featured_image":false,"footnotes":""},"class_list":["post-14464","page","type-page","status-publish","has-post-thumbnail","hentry"],"acf":[],"yoast_head":"<!-- This site is optimized with the Yoast SEO plugin v27.3 - https:\/\/yoast.com\/product\/yoast-seo-wordpress\/ -->\n<title>Shannex | Grandes R\u00e9compenses pour un Personnel Exceptionnel<\/title>\n<meta name=\"description\" content=\"We understand the work you do makes possible a life beyond our communities. Learn about our Great Rewards for Great People program.\" \/>\n<meta name=\"robots\" content=\"index, follow, max-snippet:-1, max-image-preview:large, max-video-preview:-1\" \/>\n<link rel=\"canonical\" href=\"https:\/\/shannex.com\/fr\/total-rewards\/\" \/>\n<meta property=\"og:locale\" content=\"fr_FR\" \/>\n<meta property=\"og:type\" content=\"article\" \/>\n<meta property=\"og:title\" content=\"Shannex | Grandes R\u00e9compenses pour un Personnel Exceptionnel\" \/>\n<meta property=\"og:description\" content=\"We understand the work you do makes possible a life beyond our communities. Learn about our Great Rewards for Great People program.\" \/>\n<meta property=\"og:url\" content=\"https:\/\/shannex.com\/fr\/total-rewards\/\" \/>\n<meta property=\"og:site_name\" content=\"Shannex\" \/>\n<meta property=\"article:modified_time\" content=\"2023-07-25T19:27:27+00:00\" \/>\n<meta property=\"og:image\" content=\"https:\/\/shannex.com\/wp-content\/uploads\/2022\/10\/total_rewards_banner.jpg\" \/>\n\t<meta property=\"og:image:width\" content=\"2500\" \/>\n\t<meta property=\"og:image:height\" content=\"650\" \/>\n\t<meta property=\"og:image:type\" content=\"image\/jpeg\" \/>\n<meta name=\"twitter:card\" content=\"summary_large_image\" \/>\n<meta name=\"twitter:label1\" content=\"Dur\u00e9e de lecture estim\u00e9e\" \/>\n\t<meta name=\"twitter:data1\" content=\"4 minutes\" \/>\n<script type=\"application\/ld+json\" class=\"yoast-schema-graph\">{\"@context\":\"https:\\\/\\\/schema.org\",\"@graph\":[{\"@type\":\"WebPage\",\"@id\":\"https:\\\/\\\/shannex.com\\\/fr\\\/total-rewards\\\/\",\"url\":\"https:\\\/\\\/shannex.com\\\/fr\\\/total-rewards\\\/\",\"name\":\"Shannex | Grandes R\u00e9compenses pour un Personnel Exceptionnel\",\"isPartOf\":{\"@id\":\"https:\\\/\\\/shannex.com\\\/fr\\\/#website\"},\"primaryImageOfPage\":{\"@id\":\"https:\\\/\\\/shannex.com\\\/fr\\\/total-rewards\\\/#primaryimage\"},\"image\":{\"@id\":\"https:\\\/\\\/shannex.com\\\/fr\\\/total-rewards\\\/#primaryimage\"},\"thumbnailUrl\":\"https:\\\/\\\/shannex.com\\\/wp-content\\\/uploads\\\/2022\\\/10\\\/total_rewards_banner.jpg\",\"datePublished\":\"2022-10-11T14:37:10+00:00\",\"dateModified\":\"2023-07-25T19:27:27+00:00\",\"description\":\"We understand the work you do makes possible a life beyond our communities. Learn about our Great Rewards for Great People program.\",\"inLanguage\":\"fr-FR\",\"potentialAction\":[{\"@type\":\"ReadAction\",\"target\":[\"https:\\\/\\\/shannex.com\\\/fr\\\/total-rewards\\\/\"]}]},{\"@type\":\"ImageObject\",\"inLanguage\":\"fr-FR\",\"@id\":\"https:\\\/\\\/shannex.com\\\/fr\\\/total-rewards\\\/#primaryimage\",\"url\":\"https:\\\/\\\/shannex.com\\\/wp-content\\\/uploads\\\/2022\\\/10\\\/total_rewards_banner.jpg\",\"contentUrl\":\"https:\\\/\\\/shannex.com\\\/wp-content\\\/uploads\\\/2022\\\/10\\\/total_rewards_banner.jpg\",\"width\":2500,\"height\":650},{\"@type\":\"WebSite\",\"@id\":\"https:\\\/\\\/shannex.com\\\/fr\\\/#website\",\"url\":\"https:\\\/\\\/shannex.com\\\/fr\\\/\",\"name\":\"Shannex\",\"description\":\"\",\"publisher\":{\"@id\":\"https:\\\/\\\/shannex.com\\\/fr\\\/#organization\"},\"potentialAction\":[{\"@type\":\"SearchAction\",\"target\":{\"@type\":\"EntryPoint\",\"urlTemplate\":\"https:\\\/\\\/shannex.com\\\/fr\\\/?s={search_term_string}\"},\"query-input\":{\"@type\":\"PropertyValueSpecification\",\"valueRequired\":true,\"valueName\":\"search_term_string\"}}],\"inLanguage\":\"fr-FR\"},{\"@type\":\"Organization\",\"@id\":\"https:\\\/\\\/shannex.com\\\/fr\\\/#organization\",\"name\":\"Shannex\",\"url\":\"https:\\\/\\\/shannex.com\\\/fr\\\/\",\"logo\":{\"@type\":\"ImageObject\",\"inLanguage\":\"fr-FR\",\"@id\":\"https:\\\/\\\/shannex.com\\\/fr\\\/#\\\/schema\\\/logo\\\/image\\\/\",\"url\":\"https:\\\/\\\/shannex.com\\\/wp-content\\\/uploads\\\/2022\\\/01\\\/shannex-logo.svg\",\"contentUrl\":\"https:\\\/\\\/shannex.com\\\/wp-content\\\/uploads\\\/2022\\\/01\\\/shannex-logo.svg\",\"width\":486,\"height\":91,\"caption\":\"Shannex\"},\"image\":{\"@id\":\"https:\\\/\\\/shannex.com\\\/fr\\\/#\\\/schema\\\/logo\\\/image\\\/\"}}]}<\/script>\n<!-- \/ Yoast SEO plugin. -->","yoast_head_json":{"title":"Shannex | Grandes R\u00e9compenses pour un Personnel Exceptionnel","description":"We understand the work you do makes possible a life beyond our communities. Learn about our Great Rewards for Great People program.","robots":{"index":"index","follow":"follow","max-snippet":"max-snippet:-1","max-image-preview":"max-image-preview:large","max-video-preview":"max-video-preview:-1"},"canonical":"https:\/\/shannex.com\/fr\/total-rewards\/","og_locale":"fr_FR","og_type":"article","og_title":"Shannex | Grandes R\u00e9compenses pour un Personnel Exceptionnel","og_description":"We understand the work you do makes possible a life beyond our communities. Learn about our Great Rewards for Great People program.","og_url":"https:\/\/shannex.com\/fr\/total-rewards\/","og_site_name":"Shannex","article_modified_time":"2023-07-25T19:27:27+00:00","og_image":[{"width":2500,"height":650,"url":"https:\/\/shannex.com\/wp-content\/uploads\/2022\/10\/total_rewards_banner.jpg","type":"image\/jpeg"}],"twitter_card":"summary_large_image","twitter_misc":{"Dur\u00e9e de lecture estim\u00e9e":"4 minutes"},"schema":{"@context":"https:\/\/schema.org","@graph":[{"@type":"WebPage","@id":"https:\/\/shannex.com\/fr\/total-rewards\/","url":"https:\/\/shannex.com\/fr\/total-rewards\/","name":"Shannex | Grandes R\u00e9compenses pour un Personnel Exceptionnel","isPartOf":{"@id":"https:\/\/shannex.com\/fr\/#website"},"primaryImageOfPage":{"@id":"https:\/\/shannex.com\/fr\/total-rewards\/#primaryimage"},"image":{"@id":"https:\/\/shannex.com\/fr\/total-rewards\/#primaryimage"},"thumbnailUrl":"https:\/\/shannex.com\/wp-content\/uploads\/2022\/10\/total_rewards_banner.jpg","datePublished":"2022-10-11T14:37:10+00:00","dateModified":"2023-07-25T19:27:27+00:00","description":"We understand the work you do makes possible a life beyond our communities. Learn about our Great Rewards for Great People program.","inLanguage":"fr-FR","potentialAction":[{"@type":"ReadAction","target":["https:\/\/shannex.com\/fr\/total-rewards\/"]}]},{"@type":"ImageObject","inLanguage":"fr-FR","@id":"https:\/\/shannex.com\/fr\/total-rewards\/#primaryimage","url":"https:\/\/shannex.com\/wp-content\/uploads\/2022\/10\/total_rewards_banner.jpg","contentUrl":"https:\/\/shannex.com\/wp-content\/uploads\/2022\/10\/total_rewards_banner.jpg","width":2500,"height":650},{"@type":"WebSite","@id":"https:\/\/shannex.com\/fr\/#website","url":"https:\/\/shannex.com\/fr\/","name":"Shannex","description":"","publisher":{"@id":"https:\/\/shannex.com\/fr\/#organization"},"potentialAction":[{"@type":"SearchAction","target":{"@type":"EntryPoint","urlTemplate":"https:\/\/shannex.com\/fr\/?s={search_term_string}"},"query-input":{"@type":"PropertyValueSpecification","valueRequired":true,"valueName":"search_term_string"}}],"inLanguage":"fr-FR"},{"@type":"Organization","@id":"https:\/\/shannex.com\/fr\/#organization","name":"Shannex","url":"https:\/\/shannex.com\/fr\/","logo":{"@type":"ImageObject","inLanguage":"fr-FR","@id":"https:\/\/shannex.com\/fr\/#\/schema\/logo\/image\/","url":"https:\/\/shannex.com\/wp-content\/uploads\/2022\/01\/shannex-logo.svg","contentUrl":"https:\/\/shannex.com\/wp-content\/uploads\/2022\/01\/shannex-logo.svg","width":486,"height":91,"caption":"Shannex"},"image":{"@id":"https:\/\/shannex.com\/fr\/#\/schema\/logo\/image\/"}}]}},"_links":{"self":[{"href":"https:\/\/shannex.com\/fr\/wp-json\/wp\/v2\/pages\/14464","targetHints":{"allow":["GET"]}}],"collection":[{"href":"https:\/\/shannex.com\/fr\/wp-json\/wp\/v2\/pages"}],"about":[{"href":"https:\/\/shannex.com\/fr\/wp-json\/wp\/v2\/types\/page"}],"author":[{"embeddable":true,"href":"https:\/\/shannex.com\/fr\/wp-json\/wp\/v2\/users\/4"}],"replies":[{"embeddable":true,"href":"https:\/\/shannex.com\/fr\/wp-json\/wp\/v2\/comments?post=14464"}],"version-history":[{"count":0,"href":"https:\/\/shannex.com\/fr\/wp-json\/wp\/v2\/pages\/14464\/revisions"}],"wp:featuredmedia":[{"embeddable":true,"href":"https:\/\/shannex.com\/fr\/wp-json\/wp\/v2\/media\/9902"}],"wp:attachment":[{"href":"https:\/\/shannex.com\/fr\/wp-json\/wp\/v2\/media?parent=14464"}],"curies":[{"name":"wp","href":"https:\/\/api.w.org\/{rel}","templated":true}]}}