{"id":14483,"date":"2023-04-27T14:59:50","date_gmt":"2023-04-27T18:59:50","guid":{"rendered":"https:\/\/shannex.com\/carrieres\/des-gens-formidables-sepanouissent-chez-nous\/"},"modified":"2024-01-15T14:59:43","modified_gmt":"2024-01-15T18:59:43","slug":"des-gens-formidables-sepanouissent-chez-nous","status":"publish","type":"page","link":"https:\/\/shannex.com\/fr\/carrieres\/des-gens-formidables-sepanouissent-chez-nous\/","title":{"rendered":"Des gens formidables s\u2019\u00e9panouissent chez nous"},"content":{"rendered":"\n<div class=\"banner__basic\">\n\n    <div class=\"banner__basic__title\">\n        <div>\n        \n\n<h1 class=\"wp-block-heading\" id=\"living-options\">Des gens formidables s\u2019\u00e9panouissent chez nous<\/h1>\n\n        <\/div>\n    <\/div>\n    \n    <div class=\"banner__basic__image\">\n    <img decoding=\"async\" width=\"1600\" height=\"500\" src=\"https:\/\/shannex.com\/wp-content\/uploads\/2022\/03\/hero_CCA.jpg\" class=\"banner-image\" alt=\"Shannex nurses\" sizes=\"100vw\" srcset=\"https:\/\/shannex.com\/wp-content\/uploads\/2022\/03\/hero_CCA.jpg 1600w, https:\/\/shannex.com\/wp-content\/uploads\/2022\/03\/hero_CCA-300x94.jpg 300w, https:\/\/shannex.com\/wp-content\/uploads\/2022\/03\/hero_CCA-1024x320.jpg 1024w, https:\/\/shannex.com\/wp-content\/uploads\/2022\/03\/hero_CCA-768x240.jpg 768w, https:\/\/shannex.com\/wp-content\/uploads\/2022\/03\/hero_CCA-1536x480.jpg 1536w\" \/>    <\/div>\n<\/div>\n\n\n<div style=\"height:60px\" aria-hidden=\"true\" class=\"wp-block-spacer\"><\/div>\n\n\n\n<div class=\"wp-block-columns is-layout-flex wp-container-core-columns-is-layout-28f84493 wp-block-columns-is-layout-flex\">\n<div class=\"wp-block-column is-layout-flow wp-block-column-is-layout-flow\" style=\"flex-basis:25%\"><\/div>\n\n\n\n<div class=\"wp-block-column is-layout-flow wp-block-column-is-layout-flow\" style=\"flex-basis:50%\">\n<p>Au cours des 35 derni\u00e8res ann\u00e9es, l\u2019\u00e9l\u00e9ment le plus important de notre histoire a \u00e9t\u00e9 l\u2019engagement continu de nos membres du personnel exceptionnel qui sont fiers de fournir un service exceptionnel \u00e0 nos communaut\u00e9s. Pour ceux qui donnent vie \u00e0 nos principes directeurs tout en faisant preuve de compassion, d\u2019honn\u00eatet\u00e9, de professionnalisme et de s\u00e9curit\u00e9, <a href=\"https:\/\/shannex.com\/fr\/carrieres\/\" target=\"_blank\" rel=\"noreferrer noopener\">une carri\u00e8re longue<\/a> et \u00e9panouissante les attend. Chez Shannex, nous voulons vous aider \u00e0 apprendre et \u00e0 vous d\u00e9velopper en tant que praticien qualifi\u00e9 dans le domaine de votre choix. Avec de multiples divisions et domaines de sp\u00e9cialisation disponibles, votre chemin peut \u00eatre celui de l\u2019avancement si vous le souhaitez. Rencontrez quelques membres de notre personnel exceptionnel ci-dessous:<\/p>\n<\/div>\n\n\n\n<div class=\"wp-block-column is-layout-flow wp-block-column-is-layout-flow\" style=\"flex-basis:25%\"><\/div>\n<\/div>\n\n\n\n<div id=\"our-history\" class=\"wp-block-group wp-embed-aspect-16-9 wp-has-aspect-ratio has-light-grey-background-color has-background is-layout-flow wp-block-group-is-layout-flow\">\n<div class=\"wp-block-columns is-layout-flex wp-container-core-columns-is-layout-28f84493 wp-block-columns-is-layout-flex\">\n<div class=\"wp-block-column is-vertically-aligned-center is-layout-flow wp-block-column-is-layout-flow\" style=\"flex-basis:40%\">\n<h2 class=\"wp-block-heading\" id=\"committed-to-quality-care-since-1988\"><strong>Elliot Kavanagh<\/strong><\/h2>\n\n\n\n<p>Depuis plus d\u2019une d\u00e9cennie, Elliot Kavanagh a laiss\u00e9 sa curiosit\u00e9 et son engagement pour l\u2019excellence du service guider son chemin chez Shannex.<\/p>\n\n\n\n<p><strong>D\u00e9but chez Shannex :<\/strong> 2012<br><strong>Nombre de postes occup\u00e9s<\/strong> : 5<br><strong>R\u00f4le initial<\/strong> : R\u00f4le occasionnel, services de restauration<br><strong>R\u00f4le actuel :<\/strong> Directeur r\u00e9gional, Ontario (Parkland Lifestyle Residences)<\/p>\n\n\n\n<div class=\"wp-block-buttons is-layout-flex wp-block-buttons-is-layout-flex\">\n<div class=\"wp-block-button is-style-text-only-button\"><a class=\"wp-block-button__link wp-element-button\" href=\"https:\/\/shannex.com\/great-people\/great-people-grow-here-elliot-kavanagh\/\" rel=\"#\">VOICI ELLIOT <\/a><\/div>\n<\/div>\n<\/div>\n\n\n\n<div class=\"wp-block-column is-layout-flow wp-block-column-is-layout-flow\" style=\"flex-basis:60%\">\n<figure class=\"wp-block-image size-full\"><img decoding=\"async\" width=\"1024\" height=\"576\" src=\"https:\/\/shannex.com\/wp-content\/uploads\/2023\/04\/Elliot_APR.jpg\" alt=\"\" class=\"wp-image-13309\" srcset=\"https:\/\/shannex.com\/wp-content\/uploads\/2023\/04\/Elliot_APR.jpg 1024w, https:\/\/shannex.com\/wp-content\/uploads\/2023\/04\/Elliot_APR-300x169.jpg 300w, https:\/\/shannex.com\/wp-content\/uploads\/2023\/04\/Elliot_APR-768x432.jpg 768w\" sizes=\"(max-width: 1024px) 100vw, 1024px\" \/><\/figure>\n<\/div>\n<\/div>\n<\/div>\n\n\n\n<div style=\"height:75px\" aria-hidden=\"true\" class=\"wp-block-spacer\"><\/div>\n\n\n\n<div id=\"our-history\" class=\"wp-block-group wp-embed-aspect-16-9 wp-has-aspect-ratio has-white-background-color has-background is-layout-flow wp-block-group-is-layout-flow\">\n<div class=\"wp-block-columns is-layout-flex wp-container-core-columns-is-layout-28f84493 wp-block-columns-is-layout-flex\">\n<div class=\"wp-block-column is-layout-flow wp-block-column-is-layout-flow\" style=\"flex-basis:60%\">\n<figure class=\"wp-block-image size-full\"><img decoding=\"async\" width=\"1024\" height=\"576\" src=\"https:\/\/shannex.com\/wp-content\/uploads\/2023\/04\/jovana_APR.jpg\" alt=\"\" class=\"wp-image-13311\" srcset=\"https:\/\/shannex.com\/wp-content\/uploads\/2023\/04\/jovana_APR.jpg 1024w, https:\/\/shannex.com\/wp-content\/uploads\/2023\/04\/jovana_APR-300x169.jpg 300w, https:\/\/shannex.com\/wp-content\/uploads\/2023\/04\/jovana_APR-768x432.jpg 768w\" sizes=\"(max-width: 1024px) 100vw, 1024px\" \/><\/figure>\n<\/div>\n\n\n\n<div class=\"wp-block-column is-vertically-aligned-center is-layout-flow wp-block-column-is-layout-flow\" style=\"flex-basis:40%\">\n<h2 class=\"wp-block-heading\" id=\"committed-to-quality-care-since-1988\"><strong>Jovana Bailey, IA<\/strong><\/h2>\n\n\n\n<p>Lorsque les premi\u00e8res personnes r\u00e9sidentes ont emm\u00e9nag\u00e9es \u00e0 Parkland \u00e0 Etobicoke, Jovana les a accueillies dans un r\u00f4le clinique, mais son approche et sa passion pour tous les aspects de l\u2019exp\u00e9rience des personnes r\u00e9sidentes l\u2019ont amen\u00e9e \u00e0 s\u2019orienter vers le leadership.<\/p>\n\n\n\n<p><strong>D\u00e9but \u00e0 Shannex :<\/strong> 2020<br><strong>Nombre de postes occup\u00e9s :<\/strong> 3<br><strong>R\u00f4le initial :<\/strong> Gestionnaire des soins<br><strong>R\u00f4le actuel :<\/strong> Directrice g\u00e9n\u00e9rale, Parkland on Eglinton West (Parkland Lifestyle Residences)<\/p>\n\n\n\n<div class=\"wp-block-buttons is-layout-flex wp-block-buttons-is-layout-flex\">\n<div class=\"wp-block-button is-style-text-only-button\"><a class=\"wp-block-button__link wp-element-button\" href=\"https:\/\/shannex.com\/connections-magazine\/great-people-grow-here\/\" rel=\"#\">VOICI JOVANA <\/a><\/div>\n<\/div>\n<\/div>\n<\/div>\n<\/div>\n\n\n\n<div style=\"height:75px\" aria-hidden=\"true\" class=\"wp-block-spacer\"><\/div>\n\n\n\n<div id=\"our-history\" class=\"wp-block-group wp-embed-aspect-16-9 wp-has-aspect-ratio has-light-grey-background-color has-background is-layout-flow wp-block-group-is-layout-flow\">\n<div class=\"wp-block-columns is-layout-flex wp-container-core-columns-is-layout-28f84493 wp-block-columns-is-layout-flex\">\n<div class=\"wp-block-column is-vertically-aligned-center is-layout-flow wp-block-column-is-layout-flow\" style=\"flex-basis:40%\">\n<h2 class=\"wp-block-heading\" id=\"committed-to-quality-care-since-1988\"><strong>Vonn Manahan, IA<\/strong><\/h2>\n\n\n\n<p>Lorsque Vonn a quitt\u00e9 les Philippines pour s\u2019installer au Canada, il a commenc\u00e9 \u00e0 travailler en tant qu\u2019infirmier autoris\u00e9 avant d\u2019explorer la voie de la gestion. <\/p>\n\n\n\n<p><strong>D\u00e9but chez Shannex :<\/strong> 2010<br><strong>Nombre de postes occup\u00e9s :<\/strong> 3<br><strong>R\u00f4le initial :<\/strong> Infirmier autoris\u00e9 (IA)<br><strong>R\u00f4le actuel :<\/strong> Responsable de site, Debert Court (Shannex Enhanced Care)<\/p>\n\n\n\n<div class=\"wp-block-buttons is-layout-flex wp-block-buttons-is-layout-flex\">\n<div class=\"wp-block-button is-style-text-only-button\"><a class=\"wp-block-button__link wp-element-button\" href=\"https:\/\/shannex.com\/connections-magazine\/winter-2022\/continued-career-growth\/\" rel=\"#\">VOICI VONN <\/a><\/div>\n<\/div>\n<\/div>\n\n\n\n<div class=\"wp-block-column is-layout-flow wp-block-column-is-layout-flow\" style=\"flex-basis:60%\">\n<figure class=\"wp-block-image size-large\"><img decoding=\"async\" width=\"1024\" height=\"576\" src=\"https:\/\/shannex.com\/wp-content\/uploads\/2023\/08\/Vonn_headshot-1024x576.jpg\" alt=\"\" class=\"wp-image-15387\" srcset=\"https:\/\/shannex.com\/wp-content\/uploads\/2023\/08\/Vonn_headshot-1024x576.jpg 1024w, https:\/\/shannex.com\/wp-content\/uploads\/2023\/08\/Vonn_headshot-300x169.jpg 300w, https:\/\/shannex.com\/wp-content\/uploads\/2023\/08\/Vonn_headshot-768x432.jpg 768w, https:\/\/shannex.com\/wp-content\/uploads\/2023\/08\/Vonn_headshot.jpg 1280w\" sizes=\"(max-width: 1024px) 100vw, 1024px\" \/><\/figure>\n<\/div>\n<\/div>\n<\/div>\n\n\n\n<div style=\"height:75px\" aria-hidden=\"true\" class=\"wp-block-spacer\"><\/div>\n\n\n\n<div class=\"wp-block-columns is-layout-flex wp-container-core-columns-is-layout-28f84493 wp-block-columns-is-layout-flex\">\n<div class=\"wp-block-column is-layout-flow wp-block-column-is-layout-flow\" style=\"flex-basis:60%\">\n<figure class=\"wp-block-image size-full\"><img decoding=\"async\" width=\"720\" height=\"540\" src=\"https:\/\/shannex.com\/wp-content\/uploads\/2023\/03\/2022-03-01-Shannex-08-1-edited-1.jpg\" alt=\"\" class=\"wp-image-12267\" srcset=\"https:\/\/shannex.com\/wp-content\/uploads\/2023\/03\/2022-03-01-Shannex-08-1-edited-1.jpg 720w, https:\/\/shannex.com\/wp-content\/uploads\/2023\/03\/2022-03-01-Shannex-08-1-edited-1-300x225.jpg 300w\" sizes=\"(max-width: 720px) 100vw, 720px\" \/><\/figure>\n<\/div>\n\n\n\n<div class=\"wp-block-column is-vertically-aligned-center is-layout-flow wp-block-column-is-layout-flow\" style=\"flex-basis:40%\">\n<h2 class=\"wp-block-heading\" id=\"committed-to-quality-care-since-1988\"><strong>Michelle Clark, IAA<\/strong><\/h2>\n\n\n\n<p>Inspir\u00e9e par une carri\u00e8re d\u2019infirmi\u00e8re \u00e0 un jeune \u00e2ge, Michelle a \u00e9t\u00e9 une membre pr\u00e9cieuse de l\u2019\u00e9quipe Shannex dans diverses r\u00e9gions, divisions et r\u00f4les avec des responsabilit\u00e9s croissantes.<\/p>\n\n\n\n<p><strong>D\u00e9but chez Shannex :<\/strong> 2009<br><strong>Nombre de postes occup\u00e9s<\/strong> : 6<br><strong>R\u00f4le initial : I<\/strong>nfirmi\u00e8re auxiliaire autoris\u00e9e (IAA)<br><strong>R\u00f4le actuel :<\/strong> Directrice g\u00e9n\u00e9rale, Arborstone (Shannex Enhanced Care)<\/p>\n\n\n\n<div class=\"wp-block-buttons is-layout-flex wp-block-buttons-is-layout-flex\">\n<div class=\"wp-block-button is-style-text-only-button\"><a class=\"wp-block-button__link wp-element-button\" href=\"https:\/\/shannex.com\/great-people\/michelle-clark\/\" rel=\"#\">VOICI MICHELLE <\/a><\/div>\n<\/div>\n<\/div>\n<\/div>\n\n\n\n<div style=\"height:75px\" aria-hidden=\"true\" class=\"wp-block-spacer\"><\/div>\n\n\n\n<div id=\"job-alerts\" class=\"wp-block-group has-dark-blue-background-color has-background is-layout-flow wp-block-group-is-layout-flow\">\n<div class=\"wp-block-columns are-vertically-aligned-center is-layout-flex wp-container-core-columns-is-layout-28f84493 wp-block-columns-is-layout-flex\">\n<div class=\"wp-block-column is-vertically-aligned-center is-layout-flow wp-block-column-is-layout-flow\" style=\"flex-basis:25%\">\n<div style=\"height:25px\" aria-hidden=\"true\" class=\"wp-block-spacer\"><\/div>\n\n\n\n<figure class=\"wp-block-image aligncenter size-full\"><img decoding=\"async\" width=\"181\" height=\"181\" src=\"https:\/\/shannex.com\/wp-content\/uploads\/2022\/10\/JobAlerts.png\" alt=\"\" class=\"wp-image-9739\" srcset=\"https:\/\/shannex.com\/wp-content\/uploads\/2022\/10\/JobAlerts.png 181w, https:\/\/shannex.com\/wp-content\/uploads\/2022\/10\/JobAlerts-150x150.png 150w\" sizes=\"(max-width: 181px) 100vw, 181px\" \/><\/figure>\n<\/div>\n\n\n\n<div class=\"wp-block-column is-vertically-aligned-center is-layout-flow wp-block-column-is-layout-flow\" style=\"flex-basis:25%\">\n<div style=\"height:25px\" aria-hidden=\"true\" class=\"wp-block-spacer\"><\/div>\n\n\n\n<h2 class=\"wp-block-heading\" id=\"submit-your-green-ideas\">Recevez des alertes d\u2019emploi<\/h2>\n<\/div>\n\n\n\n<div class=\"wp-block-column is-vertically-aligned-center is-layout-flow wp-block-column-is-layout-flow\" style=\"flex-basis:50%\">\n<div style=\"height:25px\" aria-hidden=\"true\" class=\"wp-block-spacer\"><\/div>\n\n\n\n<p>Vous souhaitez recevoir un courriel lorsqu\u2019une offre d\u2019emploi correspond \u00e0 vos int\u00e9r\u00eats? Visitez notre portail d\u2019emploi et inscrivez-vous aux alertes d\u2019emploi en haut de la page.<\/p>\n\n\n\n<div class=\"wp-block-buttons is-layout-flex wp-block-buttons-is-layout-flex\">\n<div class=\"wp-block-button is-style-text-only-button\"><a class=\"wp-block-button__link has-white-color has-text-color wp-element-button\" href=\"https:\/\/clients.njoyn.com\/CL3\/xweb\/xweb.asp?page=joblisting&amp;CLID=57830\" target=\"_blank\" rel=\"noreferrer noopener\">INSCRIVEZ-MOI!<\/a><\/div>\n<\/div>\n<\/div>\n<\/div>\n<\/div>\n\n\n\n<div style=\"height:50px\" aria-hidden=\"true\" class=\"wp-block-spacer\"><\/div>\n","protected":false},"excerpt":{"rendered":"<p>Au cours des 35 derni\u00e8res ann\u00e9es, l\u2019\u00e9l\u00e9ment le plus important [&hellip;]<\/p>\n","protected":false},"author":4,"featured_media":0,"parent":7246,"menu_order":0,"comment_status":"closed","ping_status":"closed","template":"","meta":{"_acf_changed":false,"inline_featured_image":false,"footnotes":""},"class_list":["post-14483","page","type-page","status-publish","hentry"],"acf":[],"yoast_head":"<!-- This site is optimized with the Yoast SEO plugin v27.2 - https:\/\/yoast.com\/product\/yoast-seo-wordpress\/ -->\n<title>Des gens formidables s\u2019\u00e9panouissent chez nous<\/title>\n<meta name=\"robots\" content=\"index, follow, max-snippet:-1, max-image-preview:large, max-video-preview:-1\" \/>\n<link rel=\"canonical\" href=\"https:\/\/shannex.com\/fr\/carrieres\/des-gens-formidables-sepanouissent-chez-nous\/\" \/>\n<meta property=\"og:locale\" content=\"fr_FR\" \/>\n<meta property=\"og:type\" content=\"article\" \/>\n<meta property=\"og:title\" content=\"Des gens formidables s\u2019\u00e9panouissent chez nous\" \/>\n<meta property=\"og:description\" content=\"Au cours des 35 derni\u00e8res ann\u00e9es, l\u2019\u00e9l\u00e9ment le plus important [&hellip;]\" \/>\n<meta property=\"og:url\" content=\"https:\/\/shannex.com\/fr\/carrieres\/des-gens-formidables-sepanouissent-chez-nous\/\" \/>\n<meta property=\"og:site_name\" content=\"Shannex\" \/>\n<meta property=\"article:modified_time\" content=\"2024-01-15T18:59:43+00:00\" \/>\n<meta property=\"og:image\" content=\"https:\/\/shannex.com\/wp-content\/uploads\/2023\/04\/Elliot_APR.jpg\" \/>\n<meta name=\"twitter:card\" content=\"summary_large_image\" \/>\n<meta name=\"twitter:label1\" content=\"Dur\u00e9e de lecture estim\u00e9e\" \/>\n\t<meta name=\"twitter:data1\" content=\"3 minutes\" \/>\n<script type=\"application\/ld+json\" class=\"yoast-schema-graph\">{\"@context\":\"https:\/\/schema.org\",\"@graph\":[{\"@type\":\"WebPage\",\"@id\":\"https:\/\/shannex.com\/fr\/carrieres\/des-gens-formidables-sepanouissent-chez-nous\/\",\"url\":\"https:\/\/shannex.com\/fr\/carrieres\/des-gens-formidables-sepanouissent-chez-nous\/\",\"name\":\"Des gens formidables s\u2019\u00e9panouissent chez nous\",\"isPartOf\":{\"@id\":\"https:\/\/shannex.com\/fr\/#website\"},\"primaryImageOfPage\":{\"@id\":\"https:\/\/shannex.com\/fr\/carrieres\/des-gens-formidables-sepanouissent-chez-nous\/#primaryimage\"},\"image\":{\"@id\":\"https:\/\/shannex.com\/fr\/carrieres\/des-gens-formidables-sepanouissent-chez-nous\/#primaryimage\"},\"thumbnailUrl\":\"https:\/\/shannex.com\/wp-content\/uploads\/2023\/04\/Elliot_APR.jpg\",\"datePublished\":\"2023-04-27T18:59:50+00:00\",\"dateModified\":\"2024-01-15T18:59:43+00:00\",\"breadcrumb\":{\"@id\":\"https:\/\/shannex.com\/fr\/carrieres\/des-gens-formidables-sepanouissent-chez-nous\/#breadcrumb\"},\"inLanguage\":\"fr-FR\",\"potentialAction\":[{\"@type\":\"ReadAction\",\"target\":[\"https:\/\/shannex.com\/fr\/carrieres\/des-gens-formidables-sepanouissent-chez-nous\/\"]}]},{\"@type\":\"ImageObject\",\"inLanguage\":\"fr-FR\",\"@id\":\"https:\/\/shannex.com\/fr\/carrieres\/des-gens-formidables-sepanouissent-chez-nous\/#primaryimage\",\"url\":\"https:\/\/shannex.com\/wp-content\/uploads\/2023\/04\/Elliot_APR.jpg\",\"contentUrl\":\"https:\/\/shannex.com\/wp-content\/uploads\/2023\/04\/Elliot_APR.jpg\"},{\"@type\":\"BreadcrumbList\",\"@id\":\"https:\/\/shannex.com\/fr\/carrieres\/des-gens-formidables-sepanouissent-chez-nous\/#breadcrumb\",\"itemListElement\":[{\"@type\":\"ListItem\",\"position\":1,\"name\":\"Carri\u00e8res\",\"item\":\"https:\/\/shannex.com\/fr\/carrieres\/\"},{\"@type\":\"ListItem\",\"position\":2,\"name\":\"Des gens formidables s\u2019\u00e9panouissent chez nous\"}]},{\"@type\":\"WebSite\",\"@id\":\"https:\/\/shannex.com\/fr\/#website\",\"url\":\"https:\/\/shannex.com\/fr\/\",\"name\":\"Shannex\",\"description\":\"\",\"publisher\":{\"@id\":\"https:\/\/shannex.com\/fr\/#organization\"},\"potentialAction\":[{\"@type\":\"SearchAction\",\"target\":{\"@type\":\"EntryPoint\",\"urlTemplate\":\"https:\/\/shannex.com\/fr\/?s={search_term_string}\"},\"query-input\":{\"@type\":\"PropertyValueSpecification\",\"valueRequired\":true,\"valueName\":\"search_term_string\"}}],\"inLanguage\":\"fr-FR\"},{\"@type\":\"Organization\",\"@id\":\"https:\/\/shannex.com\/fr\/#organization\",\"name\":\"Shannex\",\"url\":\"https:\/\/shannex.com\/fr\/\",\"logo\":{\"@type\":\"ImageObject\",\"inLanguage\":\"fr-FR\",\"@id\":\"https:\/\/shannex.com\/fr\/#\/schema\/logo\/image\/\",\"url\":\"https:\/\/shannex.com\/wp-content\/uploads\/2022\/01\/shannex-logo.svg\",\"contentUrl\":\"https:\/\/shannex.com\/wp-content\/uploads\/2022\/01\/shannex-logo.svg\",\"width\":486,\"height\":91,\"caption\":\"Shannex\"},\"image\":{\"@id\":\"https:\/\/shannex.com\/fr\/#\/schema\/logo\/image\/\"}}]}<\/script>\n<!-- \/ Yoast SEO plugin. -->","yoast_head_json":{"title":"Des gens formidables s\u2019\u00e9panouissent chez nous","robots":{"index":"index","follow":"follow","max-snippet":"max-snippet:-1","max-image-preview":"max-image-preview:large","max-video-preview":"max-video-preview:-1"},"canonical":"https:\/\/shannex.com\/fr\/carrieres\/des-gens-formidables-sepanouissent-chez-nous\/","og_locale":"fr_FR","og_type":"article","og_title":"Des gens formidables s\u2019\u00e9panouissent chez nous","og_description":"Au cours des 35 derni\u00e8res ann\u00e9es, l\u2019\u00e9l\u00e9ment le plus important [&hellip;]","og_url":"https:\/\/shannex.com\/fr\/carrieres\/des-gens-formidables-sepanouissent-chez-nous\/","og_site_name":"Shannex","article_modified_time":"2024-01-15T18:59:43+00:00","og_image":[{"url":"https:\/\/shannex.com\/wp-content\/uploads\/2023\/04\/Elliot_APR.jpg","type":"","width":"","height":""}],"twitter_card":"summary_large_image","twitter_misc":{"Dur\u00e9e de lecture estim\u00e9e":"3 minutes"},"schema":{"@context":"https:\/\/schema.org","@graph":[{"@type":"WebPage","@id":"https:\/\/shannex.com\/fr\/carrieres\/des-gens-formidables-sepanouissent-chez-nous\/","url":"https:\/\/shannex.com\/fr\/carrieres\/des-gens-formidables-sepanouissent-chez-nous\/","name":"Des gens formidables s\u2019\u00e9panouissent chez nous","isPartOf":{"@id":"https:\/\/shannex.com\/fr\/#website"},"primaryImageOfPage":{"@id":"https:\/\/shannex.com\/fr\/carrieres\/des-gens-formidables-sepanouissent-chez-nous\/#primaryimage"},"image":{"@id":"https:\/\/shannex.com\/fr\/carrieres\/des-gens-formidables-sepanouissent-chez-nous\/#primaryimage"},"thumbnailUrl":"https:\/\/shannex.com\/wp-content\/uploads\/2023\/04\/Elliot_APR.jpg","datePublished":"2023-04-27T18:59:50+00:00","dateModified":"2024-01-15T18:59:43+00:00","breadcrumb":{"@id":"https:\/\/shannex.com\/fr\/carrieres\/des-gens-formidables-sepanouissent-chez-nous\/#breadcrumb"},"inLanguage":"fr-FR","potentialAction":[{"@type":"ReadAction","target":["https:\/\/shannex.com\/fr\/carrieres\/des-gens-formidables-sepanouissent-chez-nous\/"]}]},{"@type":"ImageObject","inLanguage":"fr-FR","@id":"https:\/\/shannex.com\/fr\/carrieres\/des-gens-formidables-sepanouissent-chez-nous\/#primaryimage","url":"https:\/\/shannex.com\/wp-content\/uploads\/2023\/04\/Elliot_APR.jpg","contentUrl":"https:\/\/shannex.com\/wp-content\/uploads\/2023\/04\/Elliot_APR.jpg"},{"@type":"BreadcrumbList","@id":"https:\/\/shannex.com\/fr\/carrieres\/des-gens-formidables-sepanouissent-chez-nous\/#breadcrumb","itemListElement":[{"@type":"ListItem","position":1,"name":"Carri\u00e8res","item":"https:\/\/shannex.com\/fr\/carrieres\/"},{"@type":"ListItem","position":2,"name":"Des gens formidables s\u2019\u00e9panouissent chez nous"}]},{"@type":"WebSite","@id":"https:\/\/shannex.com\/fr\/#website","url":"https:\/\/shannex.com\/fr\/","name":"Shannex","description":"","publisher":{"@id":"https:\/\/shannex.com\/fr\/#organization"},"potentialAction":[{"@type":"SearchAction","target":{"@type":"EntryPoint","urlTemplate":"https:\/\/shannex.com\/fr\/?s={search_term_string}"},"query-input":{"@type":"PropertyValueSpecification","valueRequired":true,"valueName":"search_term_string"}}],"inLanguage":"fr-FR"},{"@type":"Organization","@id":"https:\/\/shannex.com\/fr\/#organization","name":"Shannex","url":"https:\/\/shannex.com\/fr\/","logo":{"@type":"ImageObject","inLanguage":"fr-FR","@id":"https:\/\/shannex.com\/fr\/#\/schema\/logo\/image\/","url":"https:\/\/shannex.com\/wp-content\/uploads\/2022\/01\/shannex-logo.svg","contentUrl":"https:\/\/shannex.com\/wp-content\/uploads\/2022\/01\/shannex-logo.svg","width":486,"height":91,"caption":"Shannex"},"image":{"@id":"https:\/\/shannex.com\/fr\/#\/schema\/logo\/image\/"}}]}},"_links":{"self":[{"href":"https:\/\/shannex.com\/fr\/wp-json\/wp\/v2\/pages\/14483","targetHints":{"allow":["GET"]}}],"collection":[{"href":"https:\/\/shannex.com\/fr\/wp-json\/wp\/v2\/pages"}],"about":[{"href":"https:\/\/shannex.com\/fr\/wp-json\/wp\/v2\/types\/page"}],"author":[{"embeddable":true,"href":"https:\/\/shannex.com\/fr\/wp-json\/wp\/v2\/users\/4"}],"replies":[{"embeddable":true,"href":"https:\/\/shannex.com\/fr\/wp-json\/wp\/v2\/comments?post=14483"}],"version-history":[{"count":0,"href":"https:\/\/shannex.com\/fr\/wp-json\/wp\/v2\/pages\/14483\/revisions"}],"up":[{"embeddable":true,"href":"https:\/\/shannex.com\/fr\/wp-json\/wp\/v2\/pages\/7246"}],"wp:attachment":[{"href":"https:\/\/shannex.com\/fr\/wp-json\/wp\/v2\/media?parent=14483"}],"curies":[{"name":"wp","href":"https:\/\/api.w.org\/{rel}","templated":true}]}}