{"id":14687,"date":"2022-02-25T20:35:59","date_gmt":"2022-02-26T00:35:59","guid":{"rendered":"https:\/\/shannex.com\/emplacements\/"},"modified":"2023-07-27T07:34:10","modified_gmt":"2023-07-27T11:34:10","slug":"emplacements","status":"publish","type":"page","link":"https:\/\/shannex.com\/fr\/emplacements\/","title":{"rendered":"Emplacements"},"content":{"rendered":"\n<div class=\"banner__extended row\">\n    <div class=\"col-md-5 banner__extended__content has-background has-dark-blue-background-color\">\n        <div>\n        \n\n<h1 class=\"wp-block-heading\">Emplacements <\/h1>\n\n\n\n<form class=\"location-search\" method=\"GET\" action=\"https:\/\/shannex.com\/fr\/locations\/browse-locations\/\">\n    <h5>Trouvez votre emplacement<\/h5>\n    <label>S\u00e9lectionner la province:<\/label>\n    <select name=\"province\">\n                    <option value=\"Nova Scotia\" selected>Nova Scotia<\/option>\n                    <option value=\"New Brunswick\" >New Brunswick<\/option>\n                    <option value=\"Ontario\" >Ontario<\/option>\n            <\/select>\n    <br>\n    <label>S\u00e9lectionner le type de soins:<\/label>\n    <select name=\"locationtype\">\n        <option value=\"\" selected>Tous les types<\/option>\n        <option value=\"Nursing Home\">Foyers de soins<\/option>\n        <option value=\"Retirement Living\">Vie \u00e0 la retraite<\/option>\n    <\/select>\n\n    <div class=\"wp-block-buttons\">\n        <div class=\"wp-block-button is-style-text-only-button\">\n            <button class=\"wp-block-button__link\">Search<\/button>\n        <\/div>\n    <\/div>\n<\/form>\n        <\/div>\n    <\/div>\n    <div class=\"col-md-7 banner__extended__image\">\n            <img decoding=\"async\" width=\"930\" height=\"417\" src=\"https:\/\/shannex.com\/wp-content\/uploads\/2022\/03\/Locations_930x417.jpg\" class=\"banner-image\" alt=\"Flower\" sizes=\"100vw\" srcset=\"https:\/\/shannex.com\/wp-content\/uploads\/2022\/03\/Locations_930x417.jpg 930w, https:\/\/shannex.com\/wp-content\/uploads\/2022\/03\/Locations_930x417-300x135.jpg 300w, https:\/\/shannex.com\/wp-content\/uploads\/2022\/03\/Locations_930x417-768x344.jpg 768w\" \/>    <div class=\"banner__extended__overlay\">\n            <\/div>\n    <\/div>\n<\/div>\n\n\n<div style=\"height:60px\" aria-hidden=\"true\" class=\"wp-block-spacer\"><\/div>\n\n\n\n<div class=\"wp-block-columns is-layout-flex wp-container-core-columns-is-layout-28f84493 wp-block-columns-is-layout-flex\">\n<div class=\"wp-block-column is-vertically-aligned-center is-layout-flow wp-block-column-is-layout-flow\" style=\"flex-basis:40%\">\n<h2 class=\"wp-block-heading\">Nouvelle-\u00c9cosse<\/h2>\n\n\n\n<div style=\"height:20px\" aria-hidden=\"true\" class=\"wp-block-spacer\"><\/div>\n\n\n\n<p>Situ\u00e9e sur la c\u00f4te est du Canada, la Nouvelle-\u00c9cosse est connue comme le terrain de jeu oc\u00e9anique du Canada. Son magnifique littoral constitue une excellente toile de fond o\u00f9 y passer ses belles ann\u00e9es.<\/p>\n\n\n\n<div class=\"wp-block-buttons is-layout-flex wp-block-buttons-is-layout-flex\">\n<div class=\"wp-block-button is-style-text-only-button\"><a class=\"wp-block-button__link wp-element-button\" href=\"https:\/\/shannex.com\/locations\/browse-locations\/?province=Nova+Scotia\">EXPLORER NOS COMMUNAUT\u00c9S EN NOUVELLE-\u00c9COSSE<\/a><\/div>\n<\/div>\n<\/div>\n\n\n\n<div class=\"wp-block-column is-layout-flow wp-block-column-is-layout-flow\" style=\"flex-basis:60%\"><div class=\"block__image-grid\">\n                    \n        <div class=\"\">\n            <img decoding=\"async\" srcset=\"https:\/\/shannex.com\/wp-content\/uploads\/2022\/02\/shutterstock_167795069.jpg 1095w, https:\/\/shannex.com\/wp-content\/uploads\/2022\/02\/shutterstock_167795069-300x150.jpg 300w, https:\/\/shannex.com\/wp-content\/uploads\/2022\/02\/shutterstock_167795069-1024x512.jpg 1024w, https:\/\/shannex.com\/wp-content\/uploads\/2022\/02\/shutterstock_167795069-768x384.jpg 768w\"\n                src=\"https:\/\/shannex.com\/wp-content\/uploads\/2022\/02\/shutterstock_167795069.jpg\"\n                sizes=\"100vw\"\n                alt=\"Cape Breton Nova Scotia Landscape\"\n                class=\"\" \n            >\n        <\/div>\n    \n                    \n        <div class=\"block__image-grid--half\">\n            <img decoding=\"async\" srcset=\"https:\/\/shannex.com\/wp-content\/uploads\/2022\/03\/locations_ns.jpg 732w, https:\/\/shannex.com\/wp-content\/uploads\/2022\/03\/locations_ns-300x200.jpg 300w\"\n                src=\"https:\/\/shannex.com\/wp-content\/uploads\/2022\/03\/locations_ns.jpg\"\n                sizes=\"100vw\"\n                alt=\"\"\n                class=\"\" \n            >\n        <\/div>\n    \n                    \n        <div class=\"block__image-grid--half\">\n            <img decoding=\"async\" srcset=\"https:\/\/shannex.com\/wp-content\/uploads\/2022\/03\/PAL_930x417.jpg 930w, https:\/\/shannex.com\/wp-content\/uploads\/2022\/03\/PAL_930x417-300x135.jpg 300w, https:\/\/shannex.com\/wp-content\/uploads\/2022\/03\/PAL_930x417-768x344.jpg 768w\"\n                src=\"https:\/\/shannex.com\/wp-content\/uploads\/2022\/03\/PAL_930x417.jpg\"\n                sizes=\"100vw\"\n                alt=\"Shannex - Garden\"\n                class=\"\" \n            >\n        <\/div>\n    \n    <\/div><\/div>\n<\/div>\n\n\n\n<div style=\"height:90px\" aria-hidden=\"true\" class=\"wp-block-spacer\"><\/div>\n\n\n\n<div class=\"wp-block-columns are-vertically-aligned-center is-layout-flex wp-container-core-columns-is-layout-28f84493 wp-block-columns-is-layout-flex\">\n<div class=\"wp-block-column is-vertically-aligned-center is-layout-flow wp-block-column-is-layout-flow\" style=\"flex-basis:60%\"><div class=\"block__image-grid\">\n                    \n        <div class=\"\">\n            <img decoding=\"async\" srcset=\"https:\/\/shannex.com\/wp-content\/uploads\/2022\/02\/shutterstock_215429737.jpg 1095w, https:\/\/shannex.com\/wp-content\/uploads\/2022\/02\/shutterstock_215429737-300x150.jpg 300w, https:\/\/shannex.com\/wp-content\/uploads\/2022\/02\/shutterstock_215429737-1024x512.jpg 1024w, https:\/\/shannex.com\/wp-content\/uploads\/2022\/02\/shutterstock_215429737-768x384.jpg 768w\"\n                src=\"https:\/\/shannex.com\/wp-content\/uploads\/2022\/02\/shutterstock_215429737.jpg\"\n                sizes=\"100vw\"\n                alt=\"New brunswick landscape\"\n                class=\"\" \n            >\n        <\/div>\n    \n                    \n        <div class=\"block__image-grid--half\">\n            <img decoding=\"async\" srcset=\"https:\/\/shannex.com\/wp-content\/uploads\/2022\/03\/locations_nb_1.jpg 732w, https:\/\/shannex.com\/wp-content\/uploads\/2022\/03\/locations_nb_1-300x200.jpg 300w\"\n                src=\"https:\/\/shannex.com\/wp-content\/uploads\/2022\/03\/locations_nb_1.jpg\"\n                sizes=\"100vw\"\n                alt=\"\"\n                class=\"\" \n            >\n        <\/div>\n    \n                    \n        <div class=\"block__image-grid--half\">\n            <img decoding=\"async\" srcset=\"https:\/\/shannex.com\/wp-content\/uploads\/2022\/03\/locations_nb_2.jpg 732w, https:\/\/shannex.com\/wp-content\/uploads\/2022\/03\/locations_nb_2-300x200.jpg 300w\"\n                src=\"https:\/\/shannex.com\/wp-content\/uploads\/2022\/03\/locations_nb_2.jpg\"\n                sizes=\"100vw\"\n                alt=\"\"\n                class=\"\" \n            >\n        <\/div>\n    \n    <\/div><\/div>\n\n\n\n<div class=\"wp-block-column is-vertically-aligned-center is-layout-flow wp-block-column-is-layout-flow\" style=\"flex-basis:40%\">\n<h2 class=\"wp-block-heading\">Nouveau-Brunswick<\/h2>\n\n\n\n<div style=\"height:20px\" aria-hidden=\"true\" class=\"wp-block-spacer\"><\/div>\n\n\n\n<p>Rustique, culturel et ax\u00e9 sur la communaut\u00e9, le Nouveau-Brunswick est plein de charme rural et de splendeur des petites villes. Les r\u00e9sidents ont l\u2019esprit tranquille en prenant leur retraite dans des communaut\u00e9s s\u00e9curitaires et confortables.<\/p>\n\n\n\n<div class=\"wp-block-buttons is-layout-flex wp-block-buttons-is-layout-flex\">\n<div class=\"wp-block-button is-style-text-only-button\"><a class=\"wp-block-button__link wp-element-button\" href=\"https:\/\/shannex.com\/locations\/browse-locations\/?province=New+Brunswick\">EXPLORER NOS COMMUNAUT\u00c9S AU NOUVEAU-BRUNSWICK<\/a><\/div>\n<\/div>\n<\/div>\n<\/div>\n\n\n\n<div style=\"height:90px\" aria-hidden=\"true\" class=\"wp-block-spacer\"><\/div>\n\n\n\n<div class=\"wp-block-columns are-vertically-aligned-center is-layout-flex wp-container-core-columns-is-layout-28f84493 wp-block-columns-is-layout-flex\">\n<div class=\"wp-block-column is-vertically-aligned-center is-layout-flow wp-block-column-is-layout-flow\" style=\"flex-basis:40%\">\n<h2 class=\"wp-block-heading\">Ontario<\/h2>\n\n\n\n<div style=\"height:20px\" aria-hidden=\"true\" class=\"wp-block-spacer\"><\/div>\n\n\n\n<p>Abondante d\u2019histoire, de culture, de tradition et de patrimoine, l\u2019Ontario est une force motrice au c\u0153ur du Canada. Alliant beaut\u00e9 naturelle et vie urbaine moderne, la province offre aux personnes \u00e2g\u00e9es une exp\u00e9rience de retraite active et engageante.<\/p>\n\n\n\n<div class=\"wp-block-buttons is-layout-flex wp-block-buttons-is-layout-flex\">\n<div class=\"wp-block-button is-style-text-only-button\"><a class=\"wp-block-button__link wp-element-button\" href=\"https:\/\/shannex.com\/locations\/browse-locations\/?province=Ontario\">EXPLORER NOS COMMUNAUT\u00c9S EN ONTARIO<\/a><\/div>\n<\/div>\n<\/div>\n\n\n\n<div class=\"wp-block-column is-vertically-aligned-center is-layout-flow wp-block-column-is-layout-flow\" style=\"flex-basis:60%\"><div class=\"block__image-grid\">\n                    \n        <div class=\"\">\n            <img decoding=\"async\" srcset=\"https:\/\/shannex.com\/wp-content\/uploads\/2022\/02\/shutterstock_769179436.jpg 1095w, https:\/\/shannex.com\/wp-content\/uploads\/2022\/02\/shutterstock_769179436-300x150.jpg 300w, https:\/\/shannex.com\/wp-content\/uploads\/2022\/02\/shutterstock_769179436-1024x512.jpg 1024w, https:\/\/shannex.com\/wp-content\/uploads\/2022\/02\/shutterstock_769179436-768x384.jpg 768w\"\n                src=\"https:\/\/shannex.com\/wp-content\/uploads\/2022\/02\/shutterstock_769179436.jpg\"\n                sizes=\"100vw\"\n                alt=\"Ontario fall colours\"\n                class=\"\" \n            >\n        <\/div>\n    \n                    \n        <div class=\"block__image-grid--half\">\n            <img decoding=\"async\" srcset=\"https:\/\/shannex.com\/wp-content\/uploads\/2022\/03\/PEG_930x417.jpg 930w, https:\/\/shannex.com\/wp-content\/uploads\/2022\/03\/PEG_930x417-300x135.jpg 300w, https:\/\/shannex.com\/wp-content\/uploads\/2022\/03\/PEG_930x417-768x344.jpg 768w\"\n                src=\"https:\/\/shannex.com\/wp-content\/uploads\/2022\/03\/PEG_930x417.jpg\"\n                sizes=\"100vw\"\n                alt=\"Conversation\"\n                class=\"\" \n            >\n        <\/div>\n    \n                    \n        <div class=\"block__image-grid--half\">\n            <img decoding=\"async\" srcset=\"https:\/\/shannex.com\/wp-content\/uploads\/2022\/02\/PEG.jpg 540w, https:\/\/shannex.com\/wp-content\/uploads\/2022\/02\/PEG-300x176.jpg 300w\"\n                src=\"https:\/\/shannex.com\/wp-content\/uploads\/2022\/02\/PEG.jpg\"\n                sizes=\"100vw\"\n                alt=\"Luxury retirement living complex building in Ontario\"\n                class=\"\" \n            >\n        <\/div>\n    \n    <\/div><\/div>\n<\/div>\n\n\n\n<div style=\"height:60px\" aria-hidden=\"true\" class=\"wp-block-spacer\"><\/div>\n","protected":false},"excerpt":{"rendered":"<p>Nouvelle-\u00c9cosse Situ\u00e9e sur la c\u00f4te est du Canada, la Nouvelle-\u00c9cosse [&hellip;]<\/p>\n","protected":false},"author":1,"featured_media":0,"parent":0,"menu_order":0,"comment_status":"closed","ping_status":"closed","template":"","meta":{"_acf_changed":false,"inline_featured_image":false,"footnotes":""},"class_list":["post-14687","page","type-page","status-publish","hentry"],"acf":[],"yoast_head":"<!-- This site is optimized with the Yoast SEO plugin v27.3 - https:\/\/yoast.com\/product\/yoast-seo-wordpress\/ -->\n<title>Emplacements<\/title>\n<meta name=\"description\" content=\"Trouvez votre emplacement\" \/>\n<meta name=\"robots\" content=\"index, follow, max-snippet:-1, max-image-preview:large, max-video-preview:-1\" \/>\n<link rel=\"canonical\" href=\"https:\/\/shannex.com\/fr\/emplacements\/\" \/>\n<meta property=\"og:locale\" content=\"fr_FR\" \/>\n<meta property=\"og:type\" content=\"article\" \/>\n<meta property=\"og:title\" content=\"Emplacements\" \/>\n<meta property=\"og:description\" content=\"Trouvez votre emplacement\" \/>\n<meta property=\"og:url\" content=\"https:\/\/shannex.com\/fr\/emplacements\/\" \/>\n<meta property=\"og:site_name\" content=\"Shannex\" \/>\n<meta property=\"article:modified_time\" content=\"2023-07-27T11:34:10+00:00\" \/>\n<meta name=\"twitter:card\" content=\"summary_large_image\" \/>\n<meta name=\"twitter:label1\" content=\"Dur\u00e9e de lecture estim\u00e9e\" \/>\n\t<meta name=\"twitter:data1\" content=\"1 minute\" \/>\n<script type=\"application\/ld+json\" class=\"yoast-schema-graph\">{\"@context\":\"https:\\\/\\\/schema.org\",\"@graph\":[{\"@type\":\"WebPage\",\"@id\":\"https:\\\/\\\/shannex.com\\\/fr\\\/emplacements\\\/\",\"url\":\"https:\\\/\\\/shannex.com\\\/fr\\\/emplacements\\\/\",\"name\":\"Emplacements\",\"isPartOf\":{\"@id\":\"https:\\\/\\\/shannex.com\\\/fr\\\/#website\"},\"datePublished\":\"2022-02-26T00:35:59+00:00\",\"dateModified\":\"2023-07-27T11:34:10+00:00\",\"description\":\"Trouvez votre emplacement\",\"inLanguage\":\"fr-FR\",\"potentialAction\":[{\"@type\":\"ReadAction\",\"target\":[\"https:\\\/\\\/shannex.com\\\/fr\\\/emplacements\\\/\"]}]},{\"@type\":\"WebSite\",\"@id\":\"https:\\\/\\\/shannex.com\\\/fr\\\/#website\",\"url\":\"https:\\\/\\\/shannex.com\\\/fr\\\/\",\"name\":\"Shannex\",\"description\":\"\",\"publisher\":{\"@id\":\"https:\\\/\\\/shannex.com\\\/fr\\\/#organization\"},\"potentialAction\":[{\"@type\":\"SearchAction\",\"target\":{\"@type\":\"EntryPoint\",\"urlTemplate\":\"https:\\\/\\\/shannex.com\\\/fr\\\/?s={search_term_string}\"},\"query-input\":{\"@type\":\"PropertyValueSpecification\",\"valueRequired\":true,\"valueName\":\"search_term_string\"}}],\"inLanguage\":\"fr-FR\"},{\"@type\":\"Organization\",\"@id\":\"https:\\\/\\\/shannex.com\\\/fr\\\/#organization\",\"name\":\"Shannex\",\"url\":\"https:\\\/\\\/shannex.com\\\/fr\\\/\",\"logo\":{\"@type\":\"ImageObject\",\"inLanguage\":\"fr-FR\",\"@id\":\"https:\\\/\\\/shannex.com\\\/fr\\\/#\\\/schema\\\/logo\\\/image\\\/\",\"url\":\"https:\\\/\\\/shannex.com\\\/wp-content\\\/uploads\\\/2022\\\/01\\\/shannex-logo.svg\",\"contentUrl\":\"https:\\\/\\\/shannex.com\\\/wp-content\\\/uploads\\\/2022\\\/01\\\/shannex-logo.svg\",\"width\":486,\"height\":91,\"caption\":\"Shannex\"},\"image\":{\"@id\":\"https:\\\/\\\/shannex.com\\\/fr\\\/#\\\/schema\\\/logo\\\/image\\\/\"}}]}<\/script>\n<!-- \/ Yoast SEO plugin. -->","yoast_head_json":{"title":"Emplacements","description":"Trouvez votre emplacement","robots":{"index":"index","follow":"follow","max-snippet":"max-snippet:-1","max-image-preview":"max-image-preview:large","max-video-preview":"max-video-preview:-1"},"canonical":"https:\/\/shannex.com\/fr\/emplacements\/","og_locale":"fr_FR","og_type":"article","og_title":"Emplacements","og_description":"Trouvez votre emplacement","og_url":"https:\/\/shannex.com\/fr\/emplacements\/","og_site_name":"Shannex","article_modified_time":"2023-07-27T11:34:10+00:00","twitter_card":"summary_large_image","twitter_misc":{"Dur\u00e9e de lecture estim\u00e9e":"1 minute"},"schema":{"@context":"https:\/\/schema.org","@graph":[{"@type":"WebPage","@id":"https:\/\/shannex.com\/fr\/emplacements\/","url":"https:\/\/shannex.com\/fr\/emplacements\/","name":"Emplacements","isPartOf":{"@id":"https:\/\/shannex.com\/fr\/#website"},"datePublished":"2022-02-26T00:35:59+00:00","dateModified":"2023-07-27T11:34:10+00:00","description":"Trouvez votre emplacement","inLanguage":"fr-FR","potentialAction":[{"@type":"ReadAction","target":["https:\/\/shannex.com\/fr\/emplacements\/"]}]},{"@type":"WebSite","@id":"https:\/\/shannex.com\/fr\/#website","url":"https:\/\/shannex.com\/fr\/","name":"Shannex","description":"","publisher":{"@id":"https:\/\/shannex.com\/fr\/#organization"},"potentialAction":[{"@type":"SearchAction","target":{"@type":"EntryPoint","urlTemplate":"https:\/\/shannex.com\/fr\/?s={search_term_string}"},"query-input":{"@type":"PropertyValueSpecification","valueRequired":true,"valueName":"search_term_string"}}],"inLanguage":"fr-FR"},{"@type":"Organization","@id":"https:\/\/shannex.com\/fr\/#organization","name":"Shannex","url":"https:\/\/shannex.com\/fr\/","logo":{"@type":"ImageObject","inLanguage":"fr-FR","@id":"https:\/\/shannex.com\/fr\/#\/schema\/logo\/image\/","url":"https:\/\/shannex.com\/wp-content\/uploads\/2022\/01\/shannex-logo.svg","contentUrl":"https:\/\/shannex.com\/wp-content\/uploads\/2022\/01\/shannex-logo.svg","width":486,"height":91,"caption":"Shannex"},"image":{"@id":"https:\/\/shannex.com\/fr\/#\/schema\/logo\/image\/"}}]}},"_links":{"self":[{"href":"https:\/\/shannex.com\/fr\/wp-json\/wp\/v2\/pages\/14687","targetHints":{"allow":["GET"]}}],"collection":[{"href":"https:\/\/shannex.com\/fr\/wp-json\/wp\/v2\/pages"}],"about":[{"href":"https:\/\/shannex.com\/fr\/wp-json\/wp\/v2\/types\/page"}],"author":[{"embeddable":true,"href":"https:\/\/shannex.com\/fr\/wp-json\/wp\/v2\/users\/1"}],"replies":[{"embeddable":true,"href":"https:\/\/shannex.com\/fr\/wp-json\/wp\/v2\/comments?post=14687"}],"version-history":[{"count":0,"href":"https:\/\/shannex.com\/fr\/wp-json\/wp\/v2\/pages\/14687\/revisions"}],"wp:attachment":[{"href":"https:\/\/shannex.com\/fr\/wp-json\/wp\/v2\/media?parent=14687"}],"curies":[{"name":"wp","href":"https:\/\/api.w.org\/{rel}","templated":true}]}}