{"id":2232,"date":"2022-01-27T19:59:24","date_gmt":"2022-01-27T23:59:24","guid":{"rendered":"https:\/\/shannex.com\/about-shannex\/our-leadership-team\/"},"modified":"2026-02-26T09:21:46","modified_gmt":"2026-02-26T13:21:46","slug":"our-leadership-team","status":"publish","type":"page","link":"https:\/\/shannex.com\/fr\/about-shannex\/our-leadership-team\/","title":{"rendered":"Our Leadership Team"},"content":{"rendered":"\n<div style=\"height:40px\" aria-hidden=\"true\" class=\"wp-block-spacer\"><\/div>\n\n\n\n<div class=\"wp-block-columns is-layout-flex wp-container-core-columns-is-layout-28f84493 wp-block-columns-is-layout-flex\">\n<div class=\"wp-block-column is-layout-flow wp-block-column-is-layout-flow\" style=\"flex-basis:40%\"><div class=\"yoast-breadcrumbs\"><span><span><a href=\"https:\/\/shannex.com\/fr\/about-shannex\/\">\u00c0 propos de Shannex<\/a><\/span> \u00a0\u00a0|\u00a0\u00a0 <span class=\"breadcrumb_last\" aria-current=\"page\">Our Leadership Team<\/span><\/span><\/div>\n\n\n<div style=\"height:20px\" aria-hidden=\"true\" class=\"wp-block-spacer\"><\/div>\n\n\n\n<h1 class=\"wp-block-heading\" id=\"our-leadership-team\">Notre \u00e9quipe de direction<\/h1>\n\n\n<div class='text-with-icon-wrapper '>\n\t<div class=\"text-with-icon\">\n\t\t\t\t\t<span class=\"text-with-icon__icon has-text-color has-dark-blue-color order-1\"><i class=\"fas fa-info-circle\" aria-hidden=\"true\"><\/i><\/span>\n\t\t\t\t<div class=\"order-2\">\n\n<p class=\"has-dark-blue-color has-text-color\"><strong>D\u00e9sol\u00e9, cet article est seulement disponible en anglais<\/strong>.<\/p>\n\n<\/div>\n\t<\/div>\n<\/div>\n<\/div>\n\n\n\n<div class=\"wp-block-column is-layout-flow wp-block-column-is-layout-flow\" style=\"flex-basis:60%\"><\/div>\n<\/div>\n\n\n<div class=\"container\">\n    <div class=\"row\">    \n                    <div class=\"col-xs-6 col-md-3\">\n                <div class=\"team-member\">\n                                        <div class=\"team-member__image\">\n                        <img decoding=\"async\" srcset=\"https:\/\/shannex.com\/wp-content\/uploads\/2026\/02\/Jason_2026.jpg 580w, https:\/\/shannex.com\/wp-content\/uploads\/2026\/02\/Jason_2026-194x300.jpg 194w\"\n                            src=\"\"\n                            sizes=\"100vw\"\n                            alt=\"Jason Shannon, President, Shannex\"\n                            class=\"\" \n                        >\n                    <\/div>\n                    <div class=\"team-member__info\">\n                        <p><strong>Jason Shannon<\/strong><br\/>\n                        Pr\u00e9sident<\/p>\n                                                    <a data-open=\"team-member-bio-1\"><h6>Read bio <span class=\"sr-only\">for Jason Shannon<\/span> <i class=\"fas fa-plus\"><\/i><\/h6><\/a>\n                                            <\/div>\n                                            <div id=\"team-member-bio-1\" class=\"shmodal-wrap\">\n                            <div class=\"shmodal\">\n                                <button class=\"close-modal\" aria-label=\"close modal\" data-close><i class=\"fas fa-times\"><\/i><\/button>\n                                <div class=\"shmodal__content\">\n                                    <h2>Jason Shannon<\/h2>\n                                    <p style=\"font-weight: 400;\">Jason Shannon est le pr\u00e9sident de Shannex Incorporated. Sous la direction de Jason, Shannex a connu une croissance importante au cours des 15\u00a0derni\u00e8res ann\u00e9es, tout en maintenant la concentration de l\u2019organisation et son engagement envers ses valeurs.<\/p>\n<p style=\"font-weight: 400;\">Jason fournit une direction r\u00e9fl\u00e9chie et surveille de pr\u00e8s les activit\u00e9s de d\u00e9veloppement op\u00e9rationnel et organisationnel. Il s\u2019occupe \u00e9galement de la planification et du d\u00e9veloppement des activit\u00e9s de l\u2019entreprise. La passion de Jason pour l\u2019innovation et la prestation d\u2019un service \u00e0 la client\u00e8le exceptionnel continue d\u2019inspirer la collaboration avec des parties prenantes de partout au Canada afin que les besoins des personnes \u00e2g\u00e9es soient satisfaits en mati\u00e8re de soins \u00e0 domicile, de vie \u00e0 la retraite et de soins de longue dur\u00e9e.<\/p>\n<p style=\"font-weight: 400;\">Jason est dipl\u00f4m\u00e9 de l\u2019Universit\u00e9 Dalhousie avec un baccalaur\u00e9at en commerce (1994) et un baccalaur\u00e9at en droit (1997). Jason a commenc\u00e9 sa carri\u00e8re en tant qu\u2019avocat des affaires et a rejoint Shannex en 1999. Il se soucie de sa communaut\u00e9 en si\u00e9geant au conseil d\u2019administration de l\u2019Atlantic Institute on Aging et en tant que directeur du conseil d\u2019administration de la Loran Scholars Foundation. Il est \u00e9galement un partisan actif de Centraide, de la Mental Health Foundation of Nova Scotia et de l\u2019Alzheimer\u2019s Society of Nova Scotia.<\/p>\n\n                                <\/div>\n                            <\/div>\n                        <\/div>\n                                    <\/div>\n            <\/div>\n                    <div class=\"col-xs-6 col-md-3\">\n                <div class=\"team-member\">\n                                        <div class=\"team-member__image\">\n                        <img decoding=\"async\" srcset=\"https:\/\/shannex.com\/wp-content\/uploads\/2023\/08\/LeadershipTeam_Catherine.jpg 580w, https:\/\/shannex.com\/wp-content\/uploads\/2023\/08\/LeadershipTeam_Catherine-194x300.jpg 194w\"\n                            src=\"\"\n                            sizes=\"100vw\"\n                            alt=\"\"\n                            class=\"\" \n                        >\n                    <\/div>\n                    <div class=\"team-member__info\">\n                        <p><strong>Catherine MacPherson<\/strong><br\/>\n                        Chef des op\u00e9rations<\/p>\n                                                    <a data-open=\"team-member-bio-2\"><h6>Read bio <span class=\"sr-only\">for Catherine MacPherson<\/span> <i class=\"fas fa-plus\"><\/i><\/h6><\/a>\n                                            <\/div>\n                                            <div id=\"team-member-bio-2\" class=\"shmodal-wrap\">\n                            <div class=\"shmodal\">\n                                <button class=\"close-modal\" aria-label=\"close modal\" data-close><i class=\"fas fa-times\"><\/i><\/button>\n                                <div class=\"shmodal__content\">\n                                    <h2>Catherine MacPherson<\/h2>\n                                    <div>\n<p><span lang=\"FR-CA\">Catherine a joint Shannex en 2010 pour diriger le d\u00e9veloppement de notre partenariat avec l\u2019Universit\u00e9 Dalhousie dans le domaine des foyers de soins universitaires. Depuis, elle a occup\u00e9 des postes de direction op\u00e9rationnelle au sein des \u00e9quipes de soins am\u00e9lior\u00e9s et de vie \u00e0 la retraite. Dans son r\u00f4le actuel de chef des op\u00e9rations, Catherine soutient les activit\u00e9s de Shannex et de Parkland en Nouvelle-\u00c9cosse, au Nouveau-Brunswick et en Ontario. Avant de se joindre \u00e0 Shannex, Catherine a occup\u00e9 des postes de gestion de programmes et de projets dans les anciennes autorit\u00e9s sanitaires de district de la Nouvelle-\u00c9cosse.<\/span><\/p>\n<\/div>\n<div>\n<p><span lang=\"FR-CA\">Catherine est un cadre de sant\u00e9 certifi\u00e9 par le Coll\u00e8ge canadien des leaders en sant\u00e9 et un boursier FORCES de la Fondation canadienne pour l\u2019am\u00e9lioration des soins de sant\u00e9 (maintenant Excellence en sant\u00e9 Canada). Elle est titulaire d\u2019un baccalaur\u00e9at en sciences de la sant\u00e9 de l\u2019Universit\u00e9 McMaster, d\u2019une ma\u00eetrise en administration des services de sant\u00e9 de l\u2019Universit\u00e9 Dalhousie et elle a suivi une formation compl\u00e9mentaire de cadre \u00e0 la Harvard Business School.<\/span><\/p>\n<\/div>\n<div>\n<p><span lang=\"FR-CA\">Catherine si\u00e8ge actuellement au Conseil des gouverneurs de l\u2019Universit\u00e9 Dalhousie. Elle a d\u00e9j\u00e0 si\u00e9g\u00e9 au conseil d\u2019administration du centre de sant\u00e9 IWK, a \u00e9t\u00e9 pr\u00e9sidente du Comit\u00e9 de la qualit\u00e9 du Conseil d\u2019administration de l\u2019IWK, pr\u00e9sidente de la section Bluenose du Coll\u00e8ge canadien des leaders en sant\u00e9 et a \u00e9t\u00e9 membre du corps enseignant \u00e0 temps partiel de l\u2019\u00c9cole d\u2019administration de la sant\u00e9 de Dalhousie.<\/span><\/p>\n<\/div>\n\n                                <\/div>\n                            <\/div>\n                        <\/div>\n                                    <\/div>\n            <\/div>\n                    <div class=\"col-xs-6 col-md-3\">\n                <div class=\"team-member\">\n                                        <div class=\"team-member__image\">\n                        <img decoding=\"async\" srcset=\"https:\/\/shannex.com\/wp-content\/uploads\/2026\/02\/Heather_2026.jpg 580w, https:\/\/shannex.com\/wp-content\/uploads\/2026\/02\/Heather_2026-194x300.jpg 194w\"\n                            src=\"\"\n                            sizes=\"100vw\"\n                            alt=\"Heather Hanson, Chief Strategy Officer, Shannex\"\n                            class=\"\" \n                        >\n                    <\/div>\n                    <div class=\"team-member__info\">\n                        <p><strong>Heather Hanson<\/strong><br\/>\n                        Directrice strat\u00e9gique<\/p>\n                                                    <a data-open=\"team-member-bio-3\"><h6>Read bio <span class=\"sr-only\">for Heather Hanson<\/span> <i class=\"fas fa-plus\"><\/i><\/h6><\/a>\n                                            <\/div>\n                                            <div id=\"team-member-bio-3\" class=\"shmodal-wrap\">\n                            <div class=\"shmodal\">\n                                <button class=\"close-modal\" aria-label=\"close modal\" data-close><i class=\"fas fa-times\"><\/i><\/button>\n                                <div class=\"shmodal__content\">\n                                    <h2>Heather Hanson<\/h2>\n                                    <p>En tant que directrice strat\u00e9gique, Heather g\u00e8re la planification de notre strat\u00e9gie de croissance \u00e0 l\u2019\u00e9chelle de l\u2019organisation et est responsable du portefeuille de notre marque, y compris les ventes, les communications d\u2019entreprise, le marketing, les services cr\u00e9atifs, l\u2019int\u00e9grit\u00e9 de la marque et les activit\u00e9s de d\u00e9veloppement commercial. Heather accorde beaucoup d\u2019importance \u00e0 l\u2019\u00e9tablissement de partenariats de confiance avec toutes les parties prenantes et \u00e0 la promotion des responsabilit\u00e9s sociales de l\u2019organisation. Elle croit sinc\u00e8rement que Shannex ouvre la voie \u00e0 une vie meilleure et est fi\u00e8re de faire partie de cette \u00e9quipe.<\/p>\n<p>Heather a rejoint Shannex en 2011; elle a auparavant travaill\u00e9 en agence ainsi que dans les secteurs gouvernementaux, universitaires et financiers. Elle est titulaire d\u2019un baccalaur\u00e9at en administration des affaires et d\u2019une ma\u00eetrise en relations publiques, tous deux obtenus \u00e0 l\u2019Universit\u00e9 Mount Saint Vincent (MSVU). Elle est \u00e9galement titulaire d\u2019un certificat en leadership ex\u00e9cutif de l\u2019Universit\u00e9 Dalhousie et d\u2019un certificat de l\u2019Association internationale de la participation publique.<\/p>\n<p>Active dans sa communaut\u00e9, elle est membre du conseil d\u2019administration de la MSVU et pr\u00e9side le Comit\u00e9 de promotion et de relations externes. Elle est \u00e9galement membre de l\u2019International Association of Business Communicators et de l\u2019International Association of Public Participation.<\/p>\n\n                                <\/div>\n                            <\/div>\n                        <\/div>\n                                    <\/div>\n            <\/div>\n                    <div class=\"col-xs-6 col-md-3\">\n                <div class=\"team-member\">\n                                        <div class=\"team-member__image\">\n                        <img decoding=\"async\" srcset=\"https:\/\/shannex.com\/wp-content\/uploads\/2026\/01\/image003-2-scaled-1.jpg 1829w, https:\/\/shannex.com\/wp-content\/uploads\/2026\/01\/image003-2-scaled-1-214x300.jpg 214w, https:\/\/shannex.com\/wp-content\/uploads\/2026\/01\/image003-2-scaled-1-732x1024.jpg 732w, https:\/\/shannex.com\/wp-content\/uploads\/2026\/01\/image003-2-scaled-1-768x1075.jpg 768w, https:\/\/shannex.com\/wp-content\/uploads\/2026\/01\/image003-2-scaled-1-1097x1536.jpg 1097w, https:\/\/shannex.com\/wp-content\/uploads\/2026\/01\/image003-2-scaled-1-1463x2048.jpg 1463w\"\n                            src=\"\"\n                            sizes=\"100vw\"\n                            alt=\"Brianna Higgins\"\n                            class=\"\" \n                        >\n                    <\/div>\n                    <div class=\"team-member__info\">\n                        <p><strong>Brianna Higgins<\/strong><br\/>\n                        Directrice des finances<\/p>\n                                                    <a data-open=\"team-member-bio-4\"><h6>Read bio <span class=\"sr-only\">for Brianna Higgins<\/span> <i class=\"fas fa-plus\"><\/i><\/h6><\/a>\n                                            <\/div>\n                                            <div id=\"team-member-bio-4\" class=\"shmodal-wrap\">\n                            <div class=\"shmodal\">\n                                <button class=\"close-modal\" aria-label=\"close modal\" data-close><i class=\"fas fa-times\"><\/i><\/button>\n                                <div class=\"shmodal__content\">\n                                    <h2>Brianna Higgins<\/h2>\n                                    <p>En tant que directrice des finances, Brianna Higgins apporte \u00e0 Shannex ses 18 ans d\u2019exp\u00e9rience en mati\u00e8re de gestion et de conseil dans de nombreux secteurs d\u2019activit\u00e9.<\/p>\n<p>Sp\u00e9cialis\u00e9e dans le d\u00e9veloppement et l\u2019exploitation de biens immobiliers, Brianna soutient la strat\u00e9gie et les finances de l\u2019entreprise, jouant un r\u00f4le crucial dans la gestion des risques, les initiatives de financement, les rapports financiers, la planification budg\u00e9taire et l\u2019\u00e9tablissement de relations avec l\u2019industrie et le gouvernement.<\/p>\n\n                                <\/div>\n                            <\/div>\n                        <\/div>\n                                    <\/div>\n            <\/div>\n                    <div class=\"col-xs-6 col-md-3\">\n                <div class=\"team-member\">\n                                        <div class=\"team-member__image\">\n                        <img decoding=\"async\" srcset=\"https:\/\/shannex.com\/wp-content\/uploads\/2026\/02\/Dr_Bussey_2026.jpg 580w, https:\/\/shannex.com\/wp-content\/uploads\/2026\/02\/Dr_Bussey_2026-194x300.jpg 194w\"\n                            src=\"\"\n                            sizes=\"100vw\"\n                            alt=\"Dr. Christy Bussey, Chief Medical Officer, Shannex\"\n                            class=\"\" \n                        >\n                    <\/div>\n                    <div class=\"team-member__info\">\n                        <p><strong>Dr. Christy Bussey<\/strong><br\/>\n                        Directrice m\u00e9dicale<\/p>\n                                                    <a data-open=\"team-member-bio-5\"><h6>Read bio <span class=\"sr-only\">for Dr. Christy Bussey<\/span> <i class=\"fas fa-plus\"><\/i><\/h6><\/a>\n                                            <\/div>\n                                            <div id=\"team-member-bio-5\" class=\"shmodal-wrap\">\n                            <div class=\"shmodal\">\n                                <button class=\"close-modal\" aria-label=\"close modal\" data-close><i class=\"fas fa-times\"><\/i><\/button>\n                                <div class=\"shmodal__content\">\n                                    <h2>Dr. Christy Bussey<\/h2>\n                                    <p>En tant que directrice m\u00e9dicale chez Shannex, la Dre Bussey est responsable de la gouvernance clinique organisationnelle, des pratiques fond\u00e9es sur des donn\u00e9es probantes, \u00e9thiques et centr\u00e9es sur la personne, et de la croissance de notre personnel clinique afin de soutenir la prestation de soins de haute qualit\u00e9, fond\u00e9s sur des solutions, en Nouvelle-\u00c9cosse, au Nouveau-Brunswick et en Ontario.<\/p>\n<p>La Dre Bussey est m\u00e9decin et une dirigeante chevronn\u00e9e, avec plus de seize ans d\u2019exp\u00e9rience en mati\u00e8re de direction clinique et d\u2019entreprise. Elle est profond\u00e9ment attach\u00e9e \u00e0 la qualit\u00e9 des soins. Elle exerce en tant qu\u2019hospitali\u00e8re en soins aigus depuis 2010, apr\u00e8s avoir termin\u00e9 sa r\u00e9sidence en m\u00e9decine familiale \u00e0 l\u2019Universit\u00e9 Dalhousie. Elle a auparavant travaill\u00e9 comme orthophoniste. Depuis 2016, elle a occup\u00e9 plusieurs r\u00f4les de leadership m\u00e9dical au sein de Nova Scotia Health (NSH), notamment celui de directrice m\u00e9dicale g\u00e9n\u00e9rale pour la zone centrale de NSH. Elle a \u00e9galement re\u00e7u la M\u00e9daille du jubil\u00e9 de platine de la Reine Elizabeth II pour son leadership pendant la pand\u00e9mie de COVID-19 et a obtenu le titre de m\u00e9decin gestionnaire certifi\u00e9 du Canada (CCPE) en 2024.<\/p>\n\n                                <\/div>\n                            <\/div>\n                        <\/div>\n                                    <\/div>\n            <\/div>\n            <\/div>    \n<\/div>","protected":false},"excerpt":{"rendered":"<p>Notre \u00e9quipe de direction<\/p>\n","protected":false},"author":1,"featured_media":0,"parent":2037,"menu_order":0,"comment_status":"closed","ping_status":"closed","template":"","meta":{"_acf_changed":true,"inline_featured_image":false,"footnotes":""},"class_list":["post-2232","page","type-page","status-publish","hentry"],"acf":[],"yoast_head":"<!-- This site is optimized with the Yoast SEO plugin v27.2 - https:\/\/yoast.com\/product\/yoast-seo-wordpress\/ -->\n<title>Our Leadership Team<\/title>\n<meta name=\"robots\" content=\"index, follow, max-snippet:-1, max-image-preview:large, max-video-preview:-1\" \/>\n<link rel=\"canonical\" href=\"https:\/\/shannex.com\/fr\/about-shannex\/our-leadership-team\/\" \/>\n<meta property=\"og:locale\" content=\"fr_FR\" \/>\n<meta property=\"og:type\" content=\"article\" \/>\n<meta property=\"og:title\" content=\"Our Leadership Team\" \/>\n<meta property=\"og:description\" content=\"Notre \u00e9quipe de direction\" \/>\n<meta property=\"og:url\" content=\"https:\/\/shannex.com\/fr\/about-shannex\/our-leadership-team\/\" \/>\n<meta property=\"og:site_name\" content=\"Shannex\" \/>\n<meta property=\"article:modified_time\" content=\"2026-02-26T13:21:46+00:00\" \/>\n<meta name=\"twitter:card\" content=\"summary_large_image\" \/>\n<meta name=\"twitter:label1\" content=\"Dur\u00e9e de lecture estim\u00e9e\" \/>\n\t<meta name=\"twitter:data1\" content=\"1 minute\" \/>\n<script type=\"application\/ld+json\" class=\"yoast-schema-graph\">{\"@context\":\"https:\/\/schema.org\",\"@graph\":[{\"@type\":\"WebPage\",\"@id\":\"https:\/\/shannex.com\/fr\/about-shannex\/our-leadership-team\/\",\"url\":\"https:\/\/shannex.com\/fr\/about-shannex\/our-leadership-team\/\",\"name\":\"Our Leadership Team\",\"isPartOf\":{\"@id\":\"https:\/\/shannex.com\/fr\/#website\"},\"datePublished\":\"2022-01-27T23:59:24+00:00\",\"dateModified\":\"2026-02-26T13:21:46+00:00\",\"breadcrumb\":{\"@id\":\"https:\/\/shannex.com\/fr\/about-shannex\/our-leadership-team\/#breadcrumb\"},\"inLanguage\":\"fr-FR\",\"potentialAction\":[{\"@type\":\"ReadAction\",\"target\":[\"https:\/\/shannex.com\/fr\/about-shannex\/our-leadership-team\/\"]}]},{\"@type\":\"BreadcrumbList\",\"@id\":\"https:\/\/shannex.com\/fr\/about-shannex\/our-leadership-team\/#breadcrumb\",\"itemListElement\":[{\"@type\":\"ListItem\",\"position\":1,\"name\":\"\u00c0 propos de Shannex\",\"item\":\"https:\/\/shannex.com\/fr\/about-shannex\/\"},{\"@type\":\"ListItem\",\"position\":2,\"name\":\"Our Leadership Team\"}]},{\"@type\":\"WebSite\",\"@id\":\"https:\/\/shannex.com\/fr\/#website\",\"url\":\"https:\/\/shannex.com\/fr\/\",\"name\":\"Shannex\",\"description\":\"\",\"publisher\":{\"@id\":\"https:\/\/shannex.com\/fr\/#organization\"},\"potentialAction\":[{\"@type\":\"SearchAction\",\"target\":{\"@type\":\"EntryPoint\",\"urlTemplate\":\"https:\/\/shannex.com\/fr\/?s={search_term_string}\"},\"query-input\":{\"@type\":\"PropertyValueSpecification\",\"valueRequired\":true,\"valueName\":\"search_term_string\"}}],\"inLanguage\":\"fr-FR\"},{\"@type\":\"Organization\",\"@id\":\"https:\/\/shannex.com\/fr\/#organization\",\"name\":\"Shannex\",\"url\":\"https:\/\/shannex.com\/fr\/\",\"logo\":{\"@type\":\"ImageObject\",\"inLanguage\":\"fr-FR\",\"@id\":\"https:\/\/shannex.com\/fr\/#\/schema\/logo\/image\/\",\"url\":\"https:\/\/shannex.com\/wp-content\/uploads\/2022\/01\/shannex-logo.svg\",\"contentUrl\":\"https:\/\/shannex.com\/wp-content\/uploads\/2022\/01\/shannex-logo.svg\",\"width\":486,\"height\":91,\"caption\":\"Shannex\"},\"image\":{\"@id\":\"https:\/\/shannex.com\/fr\/#\/schema\/logo\/image\/\"}}]}<\/script>\n<!-- \/ Yoast SEO plugin. -->","yoast_head_json":{"title":"Our Leadership Team","robots":{"index":"index","follow":"follow","max-snippet":"max-snippet:-1","max-image-preview":"max-image-preview:large","max-video-preview":"max-video-preview:-1"},"canonical":"https:\/\/shannex.com\/fr\/about-shannex\/our-leadership-team\/","og_locale":"fr_FR","og_type":"article","og_title":"Our Leadership Team","og_description":"Notre \u00e9quipe de direction","og_url":"https:\/\/shannex.com\/fr\/about-shannex\/our-leadership-team\/","og_site_name":"Shannex","article_modified_time":"2026-02-26T13:21:46+00:00","twitter_card":"summary_large_image","twitter_misc":{"Dur\u00e9e de lecture estim\u00e9e":"1 minute"},"schema":{"@context":"https:\/\/schema.org","@graph":[{"@type":"WebPage","@id":"https:\/\/shannex.com\/fr\/about-shannex\/our-leadership-team\/","url":"https:\/\/shannex.com\/fr\/about-shannex\/our-leadership-team\/","name":"Our Leadership Team","isPartOf":{"@id":"https:\/\/shannex.com\/fr\/#website"},"datePublished":"2022-01-27T23:59:24+00:00","dateModified":"2026-02-26T13:21:46+00:00","breadcrumb":{"@id":"https:\/\/shannex.com\/fr\/about-shannex\/our-leadership-team\/#breadcrumb"},"inLanguage":"fr-FR","potentialAction":[{"@type":"ReadAction","target":["https:\/\/shannex.com\/fr\/about-shannex\/our-leadership-team\/"]}]},{"@type":"BreadcrumbList","@id":"https:\/\/shannex.com\/fr\/about-shannex\/our-leadership-team\/#breadcrumb","itemListElement":[{"@type":"ListItem","position":1,"name":"\u00c0 propos de Shannex","item":"https:\/\/shannex.com\/fr\/about-shannex\/"},{"@type":"ListItem","position":2,"name":"Our Leadership Team"}]},{"@type":"WebSite","@id":"https:\/\/shannex.com\/fr\/#website","url":"https:\/\/shannex.com\/fr\/","name":"Shannex","description":"","publisher":{"@id":"https:\/\/shannex.com\/fr\/#organization"},"potentialAction":[{"@type":"SearchAction","target":{"@type":"EntryPoint","urlTemplate":"https:\/\/shannex.com\/fr\/?s={search_term_string}"},"query-input":{"@type":"PropertyValueSpecification","valueRequired":true,"valueName":"search_term_string"}}],"inLanguage":"fr-FR"},{"@type":"Organization","@id":"https:\/\/shannex.com\/fr\/#organization","name":"Shannex","url":"https:\/\/shannex.com\/fr\/","logo":{"@type":"ImageObject","inLanguage":"fr-FR","@id":"https:\/\/shannex.com\/fr\/#\/schema\/logo\/image\/","url":"https:\/\/shannex.com\/wp-content\/uploads\/2022\/01\/shannex-logo.svg","contentUrl":"https:\/\/shannex.com\/wp-content\/uploads\/2022\/01\/shannex-logo.svg","width":486,"height":91,"caption":"Shannex"},"image":{"@id":"https:\/\/shannex.com\/fr\/#\/schema\/logo\/image\/"}}]}},"_links":{"self":[{"href":"https:\/\/shannex.com\/fr\/wp-json\/wp\/v2\/pages\/2232","targetHints":{"allow":["GET"]}}],"collection":[{"href":"https:\/\/shannex.com\/fr\/wp-json\/wp\/v2\/pages"}],"about":[{"href":"https:\/\/shannex.com\/fr\/wp-json\/wp\/v2\/types\/page"}],"author":[{"embeddable":true,"href":"https:\/\/shannex.com\/fr\/wp-json\/wp\/v2\/users\/1"}],"replies":[{"embeddable":true,"href":"https:\/\/shannex.com\/fr\/wp-json\/wp\/v2\/comments?post=2232"}],"version-history":[{"count":0,"href":"https:\/\/shannex.com\/fr\/wp-json\/wp\/v2\/pages\/2232\/revisions"}],"up":[{"embeddable":true,"href":"https:\/\/shannex.com\/fr\/wp-json\/wp\/v2\/pages\/2037"}],"wp:attachment":[{"href":"https:\/\/shannex.com\/fr\/wp-json\/wp\/v2\/media?parent=2232"}],"curies":[{"name":"wp","href":"https:\/\/api.w.org\/{rel}","templated":true}]}}