{"id":8025,"date":"2022-01-20T20:12:51","date_gmt":"2022-01-21T00:12:51","guid":{"rendered":"https:\/\/shannex.com\/questions-frequemment-posees\/"},"modified":"2024-12-10T10:44:55","modified_gmt":"2024-12-10T14:44:55","slug":"questions-frequemment-posees","status":"publish","type":"page","link":"https:\/\/shannex.com\/fr\/questions-frequemment-posees\/","title":{"rendered":"Questions fr\u00e9quemment pos\u00e9es"},"content":{"rendered":"\n<div class=\"banner__basic\">\n\n    <div class=\"banner__basic__title\">\n        <div>\n        \n\n<h1 class=\"wp-block-heading\">Questions fr\u00e9quemment pos\u00e9es<\/h1>\n\n        <\/div>\n    <\/div>\n    \n    <div class=\"banner__basic__image\">\n    <img decoding=\"async\" width=\"2405\" height=\"534\" src=\"https:\/\/shannex.com\/wp-content\/uploads\/2022\/02\/Careers_Header.jpg\" class=\"banner-image\" alt=\"\" sizes=\"100vw\" srcset=\"https:\/\/shannex.com\/wp-content\/uploads\/2022\/02\/Careers_Header.jpg 2405w, https:\/\/shannex.com\/wp-content\/uploads\/2022\/02\/Careers_Header-300x67.jpg 300w, https:\/\/shannex.com\/wp-content\/uploads\/2022\/02\/Careers_Header-1024x227.jpg 1024w, https:\/\/shannex.com\/wp-content\/uploads\/2022\/02\/Careers_Header-768x171.jpg 768w, https:\/\/shannex.com\/wp-content\/uploads\/2022\/02\/Careers_Header-1536x341.jpg 1536w, https:\/\/shannex.com\/wp-content\/uploads\/2022\/02\/Careers_Header-2048x455.jpg 2048w\" \/>    <\/div>\n<\/div>\n\n\n<div class=\"wp-block-columns is-layout-flex wp-container-core-columns-is-layout-28f84493 wp-block-columns-is-layout-flex\">\n<div class=\"wp-block-column is-layout-flow wp-block-column-is-layout-flow\">\n<div style=\"height:80px\" aria-hidden=\"true\" class=\"wp-block-spacer\"><\/div>\n\n\n\n<h4 class=\"wp-block-heading\">Options de vie<\/h4>\n\n\n\n<p>Emm\u00e9nager dans l&#8217;une de nos communaut\u00e9s soul\u00e8ve de nombreuses questions. Peu importe o\u00f9 vous ou votre proche en \u00eates dans votre cheminement vers les soins de longue dur\u00e9e, nous sommes toujours heureux de r\u00e9pondre aux questions que vous pourriez avoir.&nbsp;&nbsp;<\/p>\n\n\n<div class='text-with-icon-wrapper '>\n\t<div class=\"text-with-icon\">\n\t\t\t\t\t<span class=\"text-with-icon__icon has-text-color has--color order-1\"><i class=\"fas fa-download\" aria-hidden=\"true\"><\/i><\/span>\n\t\t\t\t<div class=\"order-2\">\n\n<p><a href=\"https:\/\/shannex.com\/wp-content\/uploads\/2022\/08\/Resident_Handbook.pdf\" target=\"_blank\" rel=\"noreferrer noopener\">Shannex Enhanced Care Handbook<\/a><\/p>\n\n<\/div>\n\t<\/div>\n<\/div>\n\n\n<div class=\"container-fluid\">\n    <div class=\"row\">\n        <div class=\"freq-asked-questions col-xs-12\">\n                            <div class=\"faqs-wrap mt-10\">\n                    <h2 id=\"\"><\/h2>\n                    <div class=\"faqs columns-2\">\n                                                                                <div class=\"faqs__question is-style-\">\n                                <button class=\"faqs__question--toggle\" \n                                        aria-expanded='false' \n                                        aria-controls=\"accd-panel-1\"\n                                        id=\"accd-1\">\n                                    Do I need to come in for a specific number of hours per week\/month?   <i class=\"fal fa-plus\"><\/i>\n                                <\/button>\n                                <div class=\"faqs__question--answer\" \n                                     id=\"accd-panel-1\"\n                                     aria-labelledby=\"accd-1\"\n                                     role=\"region\">\n                                    <p>No. We are very flexible, and we want this experience to be enjoyable for you and to fit into your routine and availability.<\/p>\n\n                                <\/div>\n                        <\/div>\n                                                                                <div class=\"faqs__question is-style-\">\n                                <button class=\"faqs__question--toggle\" \n                                        aria-expanded='false' \n                                        aria-controls=\"accd-panel-2\"\n                                        id=\"accd-2\">\n                                    What is included in a Social Development Record Check? How is it different from a Criminal Record Check?   <i class=\"fal fa-plus\"><\/i>\n                                <\/button>\n                                <div class=\"faqs__question--answer\" \n                                     id=\"accd-panel-2\"\n                                     aria-labelledby=\"accd-2\"\n                                     role=\"region\">\n                                    <p>A Social Development Record Check looks for court orders, findings, or dangerous and destructive behaviour involving children, adults and\/or seniors.\u00a0 A Criminal Background Check looks for police-related infractions.\u00a0 Both of these checks are completed at the applicant\u2019s expense.<\/p>\n\n                                <\/div>\n                        <\/div>\n                                                                                <div class=\"faqs__question is-style-\">\n                                <button class=\"faqs__question--toggle\" \n                                        aria-expanded='false' \n                                        aria-controls=\"accd-panel-3\"\n                                        id=\"accd-3\">\n                                    Will I get support throughout my volunteering?   <i class=\"fal fa-plus\"><\/i>\n                                <\/button>\n                                <div class=\"faqs__question--answer\" \n                                     id=\"accd-panel-3\"\n                                     aria-labelledby=\"accd-3\"\n                                     role=\"region\">\n                                    <p>The Recreation Team Members\/Wellness Coaches in each of our communities will be available to teach and guide you throughout the process until you become comfortable to be on your own with our residents.<\/p>\n<p>&nbsp;<\/p>\n\n                                <\/div>\n                        <\/div>\n                                                                                <div class=\"faqs__question is-style-\">\n                                <button class=\"faqs__question--toggle\" \n                                        aria-expanded='false' \n                                        aria-controls=\"accd-panel-4\"\n                                        id=\"accd-4\">\n                                    Q.\tWhat if I am unsure at times how to communicate with some residents? <i class=\"fal fa-plus\"><\/i>\n                                <\/button>\n                                <div class=\"faqs__question--answer\" \n                                     id=\"accd-panel-4\"\n                                     aria-labelledby=\"accd-4\"\n                                     role=\"region\">\n                                    <ol>\n<li>It is important to maintain honest communication with our Recreation Team Members to ensure that your volunteer experience is successful.\u00a0If you are having difficulty communicating with some of our residents, please come and see us.\u00a0We will be happy to provide you with some education and tips on how to communicate with our residents.<\/li>\n<\/ol>\n\n                                <\/div>\n                        <\/div>\n                                                                                <div class=\"faqs__question is-style-\">\n                                <button class=\"faqs__question--toggle\" \n                                        aria-expanded='false' \n                                        aria-controls=\"accd-panel-5\"\n                                        id=\"accd-5\">\n                                    Q.\tDo I need experience\/training with seniors?  <i class=\"fal fa-plus\"><\/i>\n                                <\/button>\n                                <div class=\"faqs__question--answer\" \n                                     id=\"accd-panel-5\"\n                                     aria-labelledby=\"accd-5\"\n                                     role=\"region\">\n                                    <ol>\n<li>No experience required, just a willingness to spend time with seniors.\u00a0Some basic training is provided during orientation.<\/li>\n<\/ol>\n\n                                <\/div>\n                        <\/div>\n                                                                                <div class=\"faqs__question is-style-\">\n                                <button class=\"faqs__question--toggle\" \n                                        aria-expanded='false' \n                                        aria-controls=\"accd-panel-6\"\n                                        id=\"accd-6\">\n                                    Q.\tWhat are some volunteer opportunities\/activities at Shannex?   <i class=\"fal fa-plus\"><\/i>\n                                <\/button>\n                                <div class=\"faqs__question--answer\" \n                                     id=\"accd-panel-6\"\n                                     aria-labelledby=\"accd-6\"\n                                     role=\"region\">\n                                    <ol>\n<li>There are three key volunteer roles for which we have established descriptions of responsibilities: Recreation Program Assistant; Resident Companion; and New Resident Welcome Support. Our volunteers support several different activities, and these activities vary from the level of care offered on the campus.\u00a0Activities such as Bingo calling, trivia quizzing, Scrabble, Giant Crosswords, exercise classes, manicures, music and entertainment, therapy dogs, conversation groups (current events, travel, etc.), crafts and baking, one-on-one visits, games (bean bag toss, board games), special events activities, coffee\/socials, gardening or spiritual activities are <strong>only some<\/strong> of the activities that are currently offered.<\/li>\n<\/ol>\n\n                                <\/div>\n                        <\/div>\n                                                                                <div class=\"faqs__question is-style-\">\n                                <button class=\"faqs__question--toggle\" \n                                        aria-expanded='false' \n                                        aria-controls=\"accd-panel-7\"\n                                        id=\"accd-7\">\n                                    Q.\tCan my hours be logged for school, training purposes?   <i class=\"fal fa-plus\"><\/i>\n                                <\/button>\n                                <div class=\"faqs__question--answer\" \n                                     id=\"accd-panel-7\"\n                                     aria-labelledby=\"accd-7\"\n                                     role=\"region\">\n                                    <ol>\n<li>You can do so by signing in\/out in the lobby, as well as by completing school paperwork.<\/li>\n<\/ol>\n\n                                <\/div>\n                        <\/div>\n                                            <\/div>\n                <\/div>\n                    <\/div>\n    <\/div>\n<\/div><\/div>\n<\/div>\n\n\n\n<div class=\"wp-block-columns is-layout-flex wp-container-core-columns-is-layout-28f84493 wp-block-columns-is-layout-flex\">\n<div class=\"wp-block-column is-layout-flow wp-block-column-is-layout-flow\" style=\"flex-basis:100%\"><\/div>\n<\/div>\n\n\n\n<div class=\"wp-block-group is-layout-flow wp-block-group-is-layout-flow\">\n<div style=\"height:60px\" aria-hidden=\"true\" class=\"wp-block-spacer\"><\/div>\n<\/div>\n\n\n\n<div class=\"banner__extended row\">\n    <div class=\"col-md-5 banner__extended__content has-background has-dark-blue-background-color\">\n        <div>\n        \n\n<h3 class=\"wp-block-heading\" id=\"tw-target-text\">Connect with us<\/h3>\n\n\n\n<p id=\"tw-target-text\" style=\"font-style:normal;font-weight:400\">Our <em>Great People<\/em> are always here to help. Contact us today and we&#8217;ll be happy to answer your questions and provide you with more information.<\/p>\n\n\n\n<div class=\"wp-block-buttons is-layout-flex wp-block-buttons-is-layout-flex\">\n<div class=\"wp-block-button is-style-text-only-button\"><a class=\"wp-block-button__link has-white-color has-text-color wp-element-button\" href=\"https:\/\/shannex.com\/contact-us\/\">Contact Us<\/a><\/div>\n<\/div>\n\n\n\n        <\/div>\n    <\/div>\n    <div class=\"col-md-7 banner__extended__image\">\n            <img decoding=\"async\" width=\"1000\" height=\"514\" src=\"https:\/\/shannex.com\/wp-content\/uploads\/2025\/07\/careers_CCA_extended-1.jpg\" class=\"banner-image\" alt=\"\" sizes=\"100vw\" srcset=\"https:\/\/shannex.com\/wp-content\/uploads\/2025\/07\/careers_CCA_extended-1.jpg 1000w, https:\/\/shannex.com\/wp-content\/uploads\/2025\/07\/careers_CCA_extended-1-300x154.jpg 300w, https:\/\/shannex.com\/wp-content\/uploads\/2025\/07\/careers_CCA_extended-1-768x395.jpg 768w\" \/>    <div class=\"banner__extended__overlay\">\n            <\/div>\n    <\/div>\n<\/div>\n\n\n<p><\/p>\n","protected":false},"excerpt":{"rendered":"<p>Options de vie Emm\u00e9nager dans l&#8217;une de nos communaut\u00e9s soul\u00e8ve [&hellip;]<\/p>\n","protected":false},"author":1,"featured_media":0,"parent":0,"menu_order":0,"comment_status":"closed","ping_status":"closed","template":"","meta":{"_acf_changed":false,"inline_featured_image":false,"footnotes":""},"class_list":["post-8025","page","type-page","status-publish","hentry"],"acf":[],"yoast_head":"<!-- This site is optimized with the Yoast SEO plugin v27.2 - https:\/\/yoast.com\/product\/yoast-seo-wordpress\/ -->\n<title>Questions fr\u00e9quemment pos\u00e9es<\/title>\n<meta name=\"description\" content=\"Les membres de notre \u00e9quipe sont toujours heureux d&#039;entrer en contact avec vous pour r\u00e9pondre \u00e0 vos questions et vous fournir les informations dont vous avez besoin pour prendre une d\u00e9cision \u00e9clair\u00e9e.\" \/>\n<meta name=\"robots\" content=\"index, follow, max-snippet:-1, max-image-preview:large, max-video-preview:-1\" \/>\n<link rel=\"canonical\" href=\"https:\/\/shannex.com\/fr\/questions-frequemment-posees\/\" \/>\n<meta property=\"og:locale\" content=\"fr_FR\" \/>\n<meta property=\"og:type\" content=\"article\" \/>\n<meta property=\"og:title\" content=\"Questions fr\u00e9quemment pos\u00e9es\" \/>\n<meta property=\"og:description\" content=\"Les membres de notre \u00e9quipe sont toujours heureux d&#039;entrer en contact avec vous pour r\u00e9pondre \u00e0 vos questions et vous fournir les informations dont vous avez besoin pour prendre une d\u00e9cision \u00e9clair\u00e9e.\" \/>\n<meta property=\"og:url\" content=\"https:\/\/shannex.com\/fr\/questions-frequemment-posees\/\" \/>\n<meta property=\"og:site_name\" content=\"Shannex\" \/>\n<meta property=\"article:modified_time\" content=\"2024-12-10T14:44:55+00:00\" \/>\n<meta name=\"twitter:card\" content=\"summary_large_image\" \/>\n<meta name=\"twitter:label1\" content=\"Dur\u00e9e de lecture estim\u00e9e\" \/>\n\t<meta name=\"twitter:data1\" content=\"1 minute\" \/>\n<script type=\"application\/ld+json\" class=\"yoast-schema-graph\">{\"@context\":\"https:\/\/schema.org\",\"@graph\":[{\"@type\":\"WebPage\",\"@id\":\"https:\/\/shannex.com\/fr\/questions-frequemment-posees\/\",\"url\":\"https:\/\/shannex.com\/fr\/questions-frequemment-posees\/\",\"name\":\"Questions fr\u00e9quemment pos\u00e9es\",\"isPartOf\":{\"@id\":\"https:\/\/shannex.com\/fr\/#website\"},\"datePublished\":\"2022-01-21T00:12:51+00:00\",\"dateModified\":\"2024-12-10T14:44:55+00:00\",\"description\":\"Les membres de notre \u00e9quipe sont toujours heureux d'entrer en contact avec vous pour r\u00e9pondre \u00e0 vos questions et vous fournir les informations dont vous avez besoin pour prendre une d\u00e9cision \u00e9clair\u00e9e.\",\"inLanguage\":\"fr-FR\",\"potentialAction\":[{\"@type\":\"ReadAction\",\"target\":[\"https:\/\/shannex.com\/fr\/questions-frequemment-posees\/\"]}]},{\"@type\":\"WebSite\",\"@id\":\"https:\/\/shannex.com\/fr\/#website\",\"url\":\"https:\/\/shannex.com\/fr\/\",\"name\":\"Shannex\",\"description\":\"\",\"publisher\":{\"@id\":\"https:\/\/shannex.com\/fr\/#organization\"},\"potentialAction\":[{\"@type\":\"SearchAction\",\"target\":{\"@type\":\"EntryPoint\",\"urlTemplate\":\"https:\/\/shannex.com\/fr\/?s={search_term_string}\"},\"query-input\":{\"@type\":\"PropertyValueSpecification\",\"valueRequired\":true,\"valueName\":\"search_term_string\"}}],\"inLanguage\":\"fr-FR\"},{\"@type\":\"Organization\",\"@id\":\"https:\/\/shannex.com\/fr\/#organization\",\"name\":\"Shannex\",\"url\":\"https:\/\/shannex.com\/fr\/\",\"logo\":{\"@type\":\"ImageObject\",\"inLanguage\":\"fr-FR\",\"@id\":\"https:\/\/shannex.com\/fr\/#\/schema\/logo\/image\/\",\"url\":\"https:\/\/shannex.com\/wp-content\/uploads\/2022\/01\/shannex-logo.svg\",\"contentUrl\":\"https:\/\/shannex.com\/wp-content\/uploads\/2022\/01\/shannex-logo.svg\",\"width\":486,\"height\":91,\"caption\":\"Shannex\"},\"image\":{\"@id\":\"https:\/\/shannex.com\/fr\/#\/schema\/logo\/image\/\"}}]}<\/script>\n<!-- \/ Yoast SEO plugin. -->","yoast_head_json":{"title":"Questions fr\u00e9quemment pos\u00e9es","description":"Les membres de notre \u00e9quipe sont toujours heureux d'entrer en contact avec vous pour r\u00e9pondre \u00e0 vos questions et vous fournir les informations dont vous avez besoin pour prendre une d\u00e9cision \u00e9clair\u00e9e.","robots":{"index":"index","follow":"follow","max-snippet":"max-snippet:-1","max-image-preview":"max-image-preview:large","max-video-preview":"max-video-preview:-1"},"canonical":"https:\/\/shannex.com\/fr\/questions-frequemment-posees\/","og_locale":"fr_FR","og_type":"article","og_title":"Questions fr\u00e9quemment pos\u00e9es","og_description":"Les membres de notre \u00e9quipe sont toujours heureux d'entrer en contact avec vous pour r\u00e9pondre \u00e0 vos questions et vous fournir les informations dont vous avez besoin pour prendre une d\u00e9cision \u00e9clair\u00e9e.","og_url":"https:\/\/shannex.com\/fr\/questions-frequemment-posees\/","og_site_name":"Shannex","article_modified_time":"2024-12-10T14:44:55+00:00","twitter_card":"summary_large_image","twitter_misc":{"Dur\u00e9e de lecture estim\u00e9e":"1 minute"},"schema":{"@context":"https:\/\/schema.org","@graph":[{"@type":"WebPage","@id":"https:\/\/shannex.com\/fr\/questions-frequemment-posees\/","url":"https:\/\/shannex.com\/fr\/questions-frequemment-posees\/","name":"Questions fr\u00e9quemment pos\u00e9es","isPartOf":{"@id":"https:\/\/shannex.com\/fr\/#website"},"datePublished":"2022-01-21T00:12:51+00:00","dateModified":"2024-12-10T14:44:55+00:00","description":"Les membres de notre \u00e9quipe sont toujours heureux d'entrer en contact avec vous pour r\u00e9pondre \u00e0 vos questions et vous fournir les informations dont vous avez besoin pour prendre une d\u00e9cision \u00e9clair\u00e9e.","inLanguage":"fr-FR","potentialAction":[{"@type":"ReadAction","target":["https:\/\/shannex.com\/fr\/questions-frequemment-posees\/"]}]},{"@type":"WebSite","@id":"https:\/\/shannex.com\/fr\/#website","url":"https:\/\/shannex.com\/fr\/","name":"Shannex","description":"","publisher":{"@id":"https:\/\/shannex.com\/fr\/#organization"},"potentialAction":[{"@type":"SearchAction","target":{"@type":"EntryPoint","urlTemplate":"https:\/\/shannex.com\/fr\/?s={search_term_string}"},"query-input":{"@type":"PropertyValueSpecification","valueRequired":true,"valueName":"search_term_string"}}],"inLanguage":"fr-FR"},{"@type":"Organization","@id":"https:\/\/shannex.com\/fr\/#organization","name":"Shannex","url":"https:\/\/shannex.com\/fr\/","logo":{"@type":"ImageObject","inLanguage":"fr-FR","@id":"https:\/\/shannex.com\/fr\/#\/schema\/logo\/image\/","url":"https:\/\/shannex.com\/wp-content\/uploads\/2022\/01\/shannex-logo.svg","contentUrl":"https:\/\/shannex.com\/wp-content\/uploads\/2022\/01\/shannex-logo.svg","width":486,"height":91,"caption":"Shannex"},"image":{"@id":"https:\/\/shannex.com\/fr\/#\/schema\/logo\/image\/"}}]}},"_links":{"self":[{"href":"https:\/\/shannex.com\/fr\/wp-json\/wp\/v2\/pages\/8025","targetHints":{"allow":["GET"]}}],"collection":[{"href":"https:\/\/shannex.com\/fr\/wp-json\/wp\/v2\/pages"}],"about":[{"href":"https:\/\/shannex.com\/fr\/wp-json\/wp\/v2\/types\/page"}],"author":[{"embeddable":true,"href":"https:\/\/shannex.com\/fr\/wp-json\/wp\/v2\/users\/1"}],"replies":[{"embeddable":true,"href":"https:\/\/shannex.com\/fr\/wp-json\/wp\/v2\/comments?post=8025"}],"version-history":[{"count":0,"href":"https:\/\/shannex.com\/fr\/wp-json\/wp\/v2\/pages\/8025\/revisions"}],"wp:attachment":[{"href":"https:\/\/shannex.com\/fr\/wp-json\/wp\/v2\/media?parent=8025"}],"curies":[{"name":"wp","href":"https:\/\/api.w.org\/{rel}","templated":true}]}}