{"id":9548,"date":"2022-09-08T10:19:55","date_gmt":"2022-09-08T14:19:55","guid":{"rendered":"https:\/\/shannex.com\/?page_id=9548"},"modified":"2024-12-10T10:25:54","modified_gmt":"2024-12-10T14:25:54","slug":"idees-ecologiques","status":"publish","type":"page","link":"https:\/\/shannex.com\/fr\/idees-ecologiques\/","title":{"rendered":"Id\u00e9es \u00e9cologiques"},"content":{"rendered":"\n<div class=\"banner__basic\">\n\n    <div class=\"banner__basic__title\">\n        <div>\n        \n\n<h1 class=\"wp-block-heading\" id=\"green-ideas\">Id\u00e9es \u00e9cologiques<\/h1>\n\n        <\/div>\n    <\/div>\n    \n    <div class=\"banner__basic__image\">\n    <img decoding=\"async\" width=\"2405\" height=\"534\" src=\"https:\/\/shannex.com\/wp-content\/uploads\/2022\/02\/GreenIdeas_Header.jpg\" class=\"banner-image\" alt=\"\" sizes=\"100vw\" srcset=\"https:\/\/shannex.com\/wp-content\/uploads\/2022\/02\/GreenIdeas_Header.jpg 2405w, https:\/\/shannex.com\/wp-content\/uploads\/2022\/02\/GreenIdeas_Header-300x67.jpg 300w, https:\/\/shannex.com\/wp-content\/uploads\/2022\/02\/GreenIdeas_Header-1024x227.jpg 1024w, https:\/\/shannex.com\/wp-content\/uploads\/2022\/02\/GreenIdeas_Header-768x171.jpg 768w, https:\/\/shannex.com\/wp-content\/uploads\/2022\/02\/GreenIdeas_Header-1536x341.jpg 1536w, https:\/\/shannex.com\/wp-content\/uploads\/2022\/02\/GreenIdeas_Header-2048x455.jpg 2048w\" \/>    <\/div>\n<\/div>\n\n\n<div style=\"height:100px\" aria-hidden=\"true\" class=\"wp-block-spacer\"><\/div>\n\n\n\n<div class=\"wp-block-group has-white-background-color has-background is-layout-flow wp-block-group-is-layout-flow\">\n<div class=\"wp-block-columns is-layout-flex wp-container-core-columns-is-layout-28f84493 wp-block-columns-is-layout-flex\">\n<div class=\"wp-block-column is-layout-flow wp-block-column-is-layout-flow\" style=\"flex-basis:50%\">\n<h2 class=\"wp-block-heading\" id=\"as-an-organization-we-are-committed-to-protecting-the-environment-by-taking-a-sustainable-approach-in-all-our-communities-in-april-2021-we-announced-that-shannex-was-on-track-to-become-the-first-seniors-living-organization-in-canada-to-achieve-iso-50001-certification-this-is-one-of-many-steps-on-our-journey-to-prioritizing-our-environmental-footprint-and-addressing-climate-change\">En tant qu\u2019organisation, nous nous engageons \u00e0 prot\u00e9ger l\u2019environnement en adoptant une approche durable dans toutes nos communaut\u00e9s.<\/h2>\n\n\n\n<p id=\"as-an-organization-we-are-committed-to-protecting-the-environment-by-taking-a-sustainable-approach-in-all-our-communities-in-april-2021-we-announced-that-shannex-was-on-track-to-become-the-first-seniors-living-organization-in-canada-to-achieve-iso-50001-certification-this-is-one-of-many-steps-on-our-journey-to-prioritizing-our-environmental-footprint-and-addressing-climate-change\">En avril&nbsp;2021, nous avons annonc\u00e9 que <a href=\"https:\/\/shannex.com\/fr\/non-classifiee\/media-release-april-22-2021-shannex-on-track-to-become-first-seniors-living-organization-in-canada-to-achieve-iso-50001-certification\/\"><strong>Shannex \u00e9tait en voie de devenir le premier organisme de logement pour personnes \u00e2g\u00e9es au Canada \u00e0 obtenir la certification ISO&nbsp;50001<\/strong><\/a>. Il s\u2019agit de l\u2019une des nombreuses \u00e9tapes de notre d\u00e9marche visant \u00e0 donner la priorit\u00e9 \u00e0 notre empreinte environnementale et \u00e0 lutter contre le changement climatique.<\/p>\n\n\n\n<p>Chaque personne qui vit et travaille avec nous a un r\u00f4le \u00e0 jouer pour prot\u00e9ger l\u2019environnement. Chez Shannex, nous appr\u00e9cions notre communaut\u00e9 et nous pensons que les actions durables ont plus d\u2019impact lorsqu\u2019elles sont effectu\u00e9es collectivement.<\/p>\n\n\n\n<p>Pour nous aider \u00e0 r\u00e9ussir, nous avons mis en place l\u2019\u00e9quipe d\u2019action pour le d\u00e9veloppement durable afin de nous rassembler et d\u2019agir sur les questions de d\u00e9veloppement durable.<\/p>\n\n\n\n<p>C\u2019est maintenant le temps d\u2019entendre vos commentaires! Le moment est venu de faire le prochain pas vers un avenir meilleur.<\/p>\n<\/div>\n\n\n\n<div class=\"wp-block-column is-layout-flow wp-block-column-is-layout-flow\" style=\"flex-basis:50%\"><link rel='stylesheet' id='formidable-css' href='https:\/\/shannex.com\/wp-content\/plugins\/formidable\/css\/formidableforms.css?ver=4171906' type='text\/css' media='all' \/>\n<div class=\"frm_forms  with_frm_style frm_style_formidable-style\" id=\"frm_form_12_container\" >\n<form enctype=\"multipart\/form-data\" method=\"post\" class=\"frm-show-form  frm_pro_form \" id=\"form_contact-form4ff8d72b60d320cac8ed9486eef4ea\" >\n<div class=\"frm_form_fields \">\n<fieldset>\n<legend class=\"frm_screen_reader\">Green Ideas &#8211; FR<\/legend>\r\n\r\n<div class=\"frm_fields_container\">\n<input type=\"hidden\" name=\"frm_action\" value=\"create\" \/>\n<input type=\"hidden\" name=\"form_id\" value=\"12\" \/>\n<input type=\"hidden\" name=\"frm_hide_fields_12\" id=\"frm_hide_fields_12\" value=\"\" \/>\n<input type=\"hidden\" name=\"form_key\" value=\"contact-form4ff8d72b60d320cac8ed9486eef4ea\" \/>\n<input type=\"hidden\" name=\"item_meta[0]\" value=\"\" \/>\n<input type=\"hidden\" id=\"frm_submit_entry_12\" name=\"frm_submit_entry_12\" value=\"ae3048c85f\" \/><input type=\"hidden\" name=\"_wp_http_referer\" value=\"\/fr\/wp-json\/wp\/v2\/pages\/9548\" \/><div id=\"frm_field_78_container\" class=\"frm_form_field form-field  frm_required_field frm_top_container frm4 frm_first\">\r\n    <label for=\"field_qh4icy19a4e4007b5a16023bb\" id=\"field_qh4icy19a4e4007b5a16023bb_label\" class=\"frm_primary_label\">Pr\u00e9nom\r\n        <span class=\"frm_required\" aria-hidden=\"true\">*<\/span>\r\n    <\/label>\r\n    <input  type=\"text\" id=\"field_qh4icy19a4e4007b5a16023bb\" name=\"item_meta[78]\" value=\"\"  data-reqmsg=\"Pr\u00e9nom cannot be blank.\" aria-required=\"true\" data-invmsg=\"Name is invalid\" aria-invalid=\"false\"   \/>\r\n    \r\n    \r\n<\/div>\n<div id=\"frm_field_79_container\" class=\"frm_form_field form-field  frm_required_field frm_top_container frm4\">\r\n    <label for=\"field_3kcf519daca36b0\" id=\"field_3kcf519daca36b0_label\" class=\"frm_primary_label\">Nom de famille\r\n        <span class=\"frm_required\" aria-hidden=\"true\">*<\/span>\r\n    <\/label>\r\n    <input  type=\"text\" id=\"field_3kcf519daca36b0\" name=\"item_meta[79]\" value=\"\"  data-reqmsg=\"Nom de famille cannot be blank.\" aria-required=\"true\" data-invmsg=\"Name is invalid\" aria-invalid=\"false\"   \/>\r\n    \r\n    \r\n<\/div>\n<div id=\"frm_field_80_container\" class=\"frm_form_field form-field  frm_required_field frm_top_container frm4\">\r\n    <label for=\"field_29yf4d4a14382bdabe4e3b8283de13a22544\" id=\"field_29yf4d4a14382bdabe4e3b8283de13a22544_label\" class=\"frm_primary_label\">Adresse courriel\r\n        <span class=\"frm_required\" aria-hidden=\"true\">*<\/span>\r\n    <\/label>\r\n    <input type=\"email\" id=\"field_29yf4d4a14382bdabe4e3b8283de13a22544\" name=\"item_meta[80]\" value=\"\"  data-reqmsg=\"Adresse courriel cannot be blank.\" aria-required=\"true\" data-invmsg=\"Please enter a valid email address\" aria-invalid=\"false\"  \/>\r\n    \r\n    \r\n<\/div>\n<div id=\"frm_field_81_container\" class=\"frm_form_field form-field  frm_required_field frm_top_container frm_full\">\r\n    <label for=\"field_9jv0r1795fe9083fa1551c0ca\" id=\"field_9jv0r1795fe9083fa1551c0ca_label\" class=\"frm_primary_label\">Soumettez vos id\u00e9es \u00e9cologiques\r\n        <span class=\"frm_required\" aria-hidden=\"true\">*<\/span>\r\n    <\/label>\r\n    <textarea name=\"item_meta[81]\" id=\"field_9jv0r1795fe9083fa1551c0ca\" rows=\"5\"  data-reqmsg=\"Soumettez vos id\u00e9es \u00e9cologiques cannot be blank.\" aria-required=\"true\" data-invmsg=\"Soumettez vos id\u00e9es \u00e9cologiques est non valide\" aria-invalid=\"false\"  ><\/textarea>\r\n    \r\n    \r\n<\/div>\n<div id=\"frm_field_111_container\" class=\"frm_form_field form-field  frm_none_container\">\r\n    <label for=\"g-recaptcha-response\" id=\"field_bsgy3_label\" class=\"frm_primary_label\">reCAPTCHA\r\n        <span class=\"frm_required\" aria-hidden=\"true\"><\/span>\r\n    <\/label>\r\n    <div  id=\"field_bsgy3\" class=\"frm-g-recaptcha\" data-sitekey=\"6Lf2hQQfAAAAAMEnv_cvuhkO2tpl0TIwdAUWQWj2\" data-size=\"normal\" data-theme=\"light\"><\/div>\r\n    \r\n    \r\n<\/div>\n\t<input type=\"hidden\" name=\"item_key\" value=\"\" \/>\n\t\t\t<div id=\"frm_field_1021_container\">\n\t\t\t<label for=\"field_xnvag\" >\n\t\t\t\tSi vous \u00eates un humain, ne remplissez pas ce champ.\t\t\t<\/label>\n\t\t\t<input  id=\"field_xnvag\" type=\"text\" class=\"frm_form_field form-field frm_verify\" name=\"item_meta[1021]\" value=\"\"  \/>\n\t\t<\/div>\n\t\t<input name=\"frm_state\" type=\"hidden\" value=\"R5U0ZG+fRKr867p8\/qCHWwJqEBO2FvuNJPMTplONV6MetCgALC05ORdeaJerZwz4\" \/><div class=\"frm_submit\">\r\n\r\n<button class=\"frm_button_submit frm_final_submit\" type=\"submit\"   formnovalidate=\"formnovalidate\">Submit<\/button>\r\n\r\n<\/div><\/div>\n<\/fieldset>\n<\/div>\n\n<\/form>\n<\/div>\n<\/div>\n<\/div>\n<\/div>\n\n\n\n<div style=\"height:100px\" aria-hidden=\"true\" class=\"wp-block-spacer\"><\/div>\n","protected":false},"excerpt":{"rendered":"<p>En tant qu\u2019organisation, nous nous engageons \u00e0 prot\u00e9ger l\u2019environnement en [&hellip;]<\/p>\n","protected":false},"author":1,"featured_media":0,"parent":0,"menu_order":0,"comment_status":"closed","ping_status":"closed","template":"","meta":{"_acf_changed":false,"inline_featured_image":false,"footnotes":""},"class_list":["post-9548","page","type-page","status-publish","hentry"],"acf":[],"yoast_head":"<!-- This site is optimized with the Yoast SEO plugin v27.3 - https:\/\/yoast.com\/product\/yoast-seo-wordpress\/ -->\n<title>Id\u00e9es \u00e9cologiques<\/title>\n<meta name=\"description\" content=\"En tant qu\u2019organisation, nous nous engageons \u00e0 prot\u00e9ger l\u2019environnement en adoptant une approche durable dans toutes nos communaut\u00e9s.\" \/>\n<meta name=\"robots\" content=\"index, follow, max-snippet:-1, max-image-preview:large, max-video-preview:-1\" \/>\n<link rel=\"canonical\" href=\"https:\/\/shannex.com\/fr\/idees-ecologiques\/\" \/>\n<meta property=\"og:locale\" content=\"fr_FR\" \/>\n<meta property=\"og:type\" content=\"article\" \/>\n<meta property=\"og:title\" content=\"Id\u00e9es \u00e9cologiques\" \/>\n<meta property=\"og:description\" content=\"En tant qu\u2019organisation, nous nous engageons \u00e0 prot\u00e9ger l\u2019environnement en adoptant une approche durable dans toutes nos communaut\u00e9s.\" \/>\n<meta property=\"og:url\" content=\"https:\/\/shannex.com\/fr\/idees-ecologiques\/\" \/>\n<meta property=\"og:site_name\" content=\"Shannex\" \/>\n<meta property=\"article:modified_time\" content=\"2024-12-10T14:25:54+00:00\" \/>\n<meta name=\"twitter:card\" content=\"summary_large_image\" \/>\n<meta name=\"twitter:label1\" content=\"Dur\u00e9e de lecture estim\u00e9e\" \/>\n\t<meta name=\"twitter:data1\" content=\"1 minute\" \/>\n<script type=\"application\/ld+json\" class=\"yoast-schema-graph\">{\"@context\":\"https:\\\/\\\/schema.org\",\"@graph\":[{\"@type\":\"WebPage\",\"@id\":\"https:\\\/\\\/shannex.com\\\/fr\\\/idees-ecologiques\\\/\",\"url\":\"https:\\\/\\\/shannex.com\\\/fr\\\/idees-ecologiques\\\/\",\"name\":\"Id\u00e9es \u00e9cologiques\",\"isPartOf\":{\"@id\":\"https:\\\/\\\/shannex.com\\\/fr\\\/#website\"},\"datePublished\":\"2022-09-08T14:19:55+00:00\",\"dateModified\":\"2024-12-10T14:25:54+00:00\",\"description\":\"En tant qu\u2019organisation, nous nous engageons \u00e0 prot\u00e9ger l\u2019environnement en adoptant une approche durable dans toutes nos communaut\u00e9s.\",\"inLanguage\":\"fr-FR\",\"potentialAction\":[{\"@type\":\"ReadAction\",\"target\":[\"https:\\\/\\\/shannex.com\\\/fr\\\/idees-ecologiques\\\/\"]}]},{\"@type\":\"WebSite\",\"@id\":\"https:\\\/\\\/shannex.com\\\/fr\\\/#website\",\"url\":\"https:\\\/\\\/shannex.com\\\/fr\\\/\",\"name\":\"Shannex\",\"description\":\"\",\"publisher\":{\"@id\":\"https:\\\/\\\/shannex.com\\\/fr\\\/#organization\"},\"potentialAction\":[{\"@type\":\"SearchAction\",\"target\":{\"@type\":\"EntryPoint\",\"urlTemplate\":\"https:\\\/\\\/shannex.com\\\/fr\\\/?s={search_term_string}\"},\"query-input\":{\"@type\":\"PropertyValueSpecification\",\"valueRequired\":true,\"valueName\":\"search_term_string\"}}],\"inLanguage\":\"fr-FR\"},{\"@type\":\"Organization\",\"@id\":\"https:\\\/\\\/shannex.com\\\/fr\\\/#organization\",\"name\":\"Shannex\",\"url\":\"https:\\\/\\\/shannex.com\\\/fr\\\/\",\"logo\":{\"@type\":\"ImageObject\",\"inLanguage\":\"fr-FR\",\"@id\":\"https:\\\/\\\/shannex.com\\\/fr\\\/#\\\/schema\\\/logo\\\/image\\\/\",\"url\":\"https:\\\/\\\/shannex.com\\\/wp-content\\\/uploads\\\/2022\\\/01\\\/shannex-logo.svg\",\"contentUrl\":\"https:\\\/\\\/shannex.com\\\/wp-content\\\/uploads\\\/2022\\\/01\\\/shannex-logo.svg\",\"width\":486,\"height\":91,\"caption\":\"Shannex\"},\"image\":{\"@id\":\"https:\\\/\\\/shannex.com\\\/fr\\\/#\\\/schema\\\/logo\\\/image\\\/\"}}]}<\/script>\n<!-- \/ Yoast SEO plugin. -->","yoast_head_json":{"title":"Id\u00e9es \u00e9cologiques","description":"En tant qu\u2019organisation, nous nous engageons \u00e0 prot\u00e9ger l\u2019environnement en adoptant une approche durable dans toutes nos communaut\u00e9s.","robots":{"index":"index","follow":"follow","max-snippet":"max-snippet:-1","max-image-preview":"max-image-preview:large","max-video-preview":"max-video-preview:-1"},"canonical":"https:\/\/shannex.com\/fr\/idees-ecologiques\/","og_locale":"fr_FR","og_type":"article","og_title":"Id\u00e9es \u00e9cologiques","og_description":"En tant qu\u2019organisation, nous nous engageons \u00e0 prot\u00e9ger l\u2019environnement en adoptant une approche durable dans toutes nos communaut\u00e9s.","og_url":"https:\/\/shannex.com\/fr\/idees-ecologiques\/","og_site_name":"Shannex","article_modified_time":"2024-12-10T14:25:54+00:00","twitter_card":"summary_large_image","twitter_misc":{"Dur\u00e9e de lecture estim\u00e9e":"1 minute"},"schema":{"@context":"https:\/\/schema.org","@graph":[{"@type":"WebPage","@id":"https:\/\/shannex.com\/fr\/idees-ecologiques\/","url":"https:\/\/shannex.com\/fr\/idees-ecologiques\/","name":"Id\u00e9es \u00e9cologiques","isPartOf":{"@id":"https:\/\/shannex.com\/fr\/#website"},"datePublished":"2022-09-08T14:19:55+00:00","dateModified":"2024-12-10T14:25:54+00:00","description":"En tant qu\u2019organisation, nous nous engageons \u00e0 prot\u00e9ger l\u2019environnement en adoptant une approche durable dans toutes nos communaut\u00e9s.","inLanguage":"fr-FR","potentialAction":[{"@type":"ReadAction","target":["https:\/\/shannex.com\/fr\/idees-ecologiques\/"]}]},{"@type":"WebSite","@id":"https:\/\/shannex.com\/fr\/#website","url":"https:\/\/shannex.com\/fr\/","name":"Shannex","description":"","publisher":{"@id":"https:\/\/shannex.com\/fr\/#organization"},"potentialAction":[{"@type":"SearchAction","target":{"@type":"EntryPoint","urlTemplate":"https:\/\/shannex.com\/fr\/?s={search_term_string}"},"query-input":{"@type":"PropertyValueSpecification","valueRequired":true,"valueName":"search_term_string"}}],"inLanguage":"fr-FR"},{"@type":"Organization","@id":"https:\/\/shannex.com\/fr\/#organization","name":"Shannex","url":"https:\/\/shannex.com\/fr\/","logo":{"@type":"ImageObject","inLanguage":"fr-FR","@id":"https:\/\/shannex.com\/fr\/#\/schema\/logo\/image\/","url":"https:\/\/shannex.com\/wp-content\/uploads\/2022\/01\/shannex-logo.svg","contentUrl":"https:\/\/shannex.com\/wp-content\/uploads\/2022\/01\/shannex-logo.svg","width":486,"height":91,"caption":"Shannex"},"image":{"@id":"https:\/\/shannex.com\/fr\/#\/schema\/logo\/image\/"}}]}},"_links":{"self":[{"href":"https:\/\/shannex.com\/fr\/wp-json\/wp\/v2\/pages\/9548","targetHints":{"allow":["GET"]}}],"collection":[{"href":"https:\/\/shannex.com\/fr\/wp-json\/wp\/v2\/pages"}],"about":[{"href":"https:\/\/shannex.com\/fr\/wp-json\/wp\/v2\/types\/page"}],"author":[{"embeddable":true,"href":"https:\/\/shannex.com\/fr\/wp-json\/wp\/v2\/users\/1"}],"replies":[{"embeddable":true,"href":"https:\/\/shannex.com\/fr\/wp-json\/wp\/v2\/comments?post=9548"}],"version-history":[{"count":0,"href":"https:\/\/shannex.com\/fr\/wp-json\/wp\/v2\/pages\/9548\/revisions"}],"wp:attachment":[{"href":"https:\/\/shannex.com\/fr\/wp-json\/wp\/v2\/media?parent=9548"}],"curies":[{"name":"wp","href":"https:\/\/api.w.org\/{rel}","templated":true}]}}